{"id":595,"date":"2022-07-15T19:41:40","date_gmt":"2022-07-15T19:41:40","guid":{"rendered":"https:\/\/www.rbc.com\/fr\/?page_id=595"},"modified":"2022-12-19T05:33:19","modified_gmt":"2022-12-19T05:33:19","slug":"bulletins","status":"publish","type":"page","link":"https:\/\/www.rbc.com\/fr\/notre-compagnie\/histoire\/bulletins\/","title":{"rendered":"Bulletin RBC"},"content":{"rendered":"\t\n\t<div class=\"wp-block-tk-spacer id-6d71ad74-6779-4e35-8ab7-0b97317be004\" aria-hidden=\"true\"><\/div>\n\t\n\n\n<section class=\"wp-block-rbc-section-block  pos-rel\" style=\"border-radius:0px\">\n<div class=\"wp-block-rbc-section-inner-block  section-inner pad-t-0 pad-b-0\" style=\"border-radius:0x\">\n<div class=\"wp-block-group mar-b-dbl is-layout-flow wp-block-group-is-layout-flow\" style=\"padding-top:0px;padding-right:0px;padding-bottom:0px;padding-left:0px\">\n<h2 class=\"has-text-align-center mar-b wp-block-heading\" id=\"h-a-propos-de-la-bulletin-rbc\">\u00c0 propos de la Bulletin RBC<\/h2>\n\n\n\n<p class=\"has-text-align-left mar-b-0\">Le Bulletin RBC pr\u00e9sentait un point de vue canadien sur des sujets allant du d\u00e9veloppement personnel \u00e0 la gestion, en passant par l&rsquo;histoire et la philosophie. Il n&rsquo;est plus publi\u00e9.<\/p>\n<\/div>\n\n\n\n<div class=\"wp-block-columns  mar-b-0 is-layout-flex wp-container-core-columns-is-layout-28f84493 wp-block-columns-is-layout-flex\">\n<div class=\"wp-block-column pad-r mob-pad-r-0 mob-mar-b-hlf is-layout-flow wp-block-column-is-layout-flow\">\n<p class=\"mar-b-hlf\"><strong>Dernier num\u00e9ro<\/strong><\/p>\n\n\n\n<p class=\"mar-b-0\"><a href=\"https:\/\/www.rbc.com\/fr\/notre-compagnie\/histoire\/bulletin\/fevrier-2008-la-planete-bleue\/\" data-dig-id=\"LP-30-23ab89ea\" data-dig-category=\"LP\" data-dig-action=\"link click\" data-dig-label=\"The Blue Planet\" class=\"rbc-link-format\">La plan\u00e8te bleue&nbsp;<\/a> <em>(f\u00e9vrier 2008)<\/em>&nbsp;: L&rsquo;eau est irrempla\u00e7able ; nulle autre substance n&rsquo;est plus importante pour notre survie. Et pourtant, nous continuons d&rsquo;ignorer le fait que l&rsquo;eau douce salubre devient de plus en plus rare, dans la plus grande partie du monde. Sommes-nous vou\u00e9s au d\u00e9sastre ? Pas si nous apprenons \u00e0 traiter l&rsquo;acc\u00e8s \u00e0 l&rsquo;eau comme un droit fondamental et comme une ressource rare\u2026<\/p>\n<\/div>\n\n\n\n<div class=\"wp-block-column is-layout-flow wp-block-column-is-layout-flow\">\n<p class=\"mar-b-hlf\"><strong><strong>Collection sp\u00e9ciale<\/strong><\/strong><\/p>\n\n\n\n<p class=\"mar-b-0\"><a href=\"https:\/\/www.rbc.com\/fr\/notre-compagnie\/histoire\/bulletins\/retrospective-sur-lenvironnement\/\" data-dig-id=\"LP-30-48e12daa\" data-dig-category=\"LP\" data-dig-action=\"link click\" data-dig-label=\"Retrospective on the Environment:\" class=\"rbc-link-format\">R\u00e9trospective sur l&rsquo;environnement&nbsp;<\/a> : Depuis des d\u00e9cennies, le Bulletin RBC traite de sujets li\u00e9s aux ressources naturelles et \u00e0 l&rsquo;environnement. Pourquoi ne pas revisiter le pass\u00e9 et voir l&rsquo;\u00e9volution de notre vision de l&rsquo;environnement depuis 1944.<\/p>\n<\/div>\n<\/div>\n\n\n\t\n\t<div class=\"wp-block-tk-spacer id-80d834fc-004e-4639-bba3-493cfddd9338\" aria-hidden=\"true\"><\/div>\n\t<\/div>\n<\/section>\n\n\n\n<div class=\"wp-block-rbc-search-entire-collection-block alignfull\"><section class=\"search-collection-container alignfull pad-b-dbl pad-t-dbl\"><div class=\"search-collection-inner-container section-inner pad-b-dbl pad-t-dbl\">\n<h3 class=\"has-text-align-center mar-b wp-block-heading\" id=\"h-recherche-dans-toute-la-collection-1943-2008\">Recherche dans toute la collection (1943 \u2013 2008)<\/h3>\n<form action=\"https:\/\/www.rbc.com\/fr\/notre-compagnie\/histoire\/search\/?search_query=\" method=\"GET\"><div class=\"field-row\"><div class=\"col-6 col-xs-8 pad-l-0\"><div class=\"input-wpr\"><input type=\"text\" id=\"rbc_letter_search_input\" name=\"search_query\" placeholder=\"Titre, ann\u00e9e, ou contenu\"\/><\/div><\/div><div class=\"col-1 col-xs-4 search-buttons-container\"><input type=\"submit\" class=\"btn primary\" value=\"Recherche\"\/><\/div><\/div><div class=\"link-container\"><a class=\"standalone-link text-center\" href=\"https:\/\/www.rbc.com\/fr\/notre-compagnie\/histoire\/search\/\">Afficher l\u2019int\u00e9gralit\u00e9 de l\u2019archive<\/a><\/div><\/form><\/div><\/section><\/div>\n\n\n\n<section class=\"wp-block-rbc-section-block  pos-rel alignfull pad-b-dbl mob-pad-b pad-t-dbl mob-pad-t\" style=\"border-radius:0px\">\n<div class=\"wp-block-rbc-section-inner-block  section-inner pad-t-dbl mob-pad-t pad-b-dbl mob-pad-b mob-mar-l-hlf mob-mar-r-hlf\" style=\"border-radius:0x\">\n<div class=\"wp-block-group alignfull is-style-most-popular-issues most-popular-issues mob-pad-l-hlf mob-pad-r-hlf is-layout-constrained wp-container-core-group-is-layout-da976f36 wp-block-group-is-layout-constrained\" style=\"padding-top:0px;padding-right:0px;padding-bottom:0px;padding-left:0px\">\n<h3 class=\"has-text-align-center mar-b wp-block-heading\" id=\"h-most-popular-issues-ever\">Les num\u00e9ros les plus lus<\/h3>\n\n\n\n<div class=\"wp-block-columns is-layout-flex wp-container-core-columns-is-layout-28f84493 wp-block-columns-is-layout-flex\">\n<div class=\"wp-block-column mar-b-0 mob-mar-b-hlf pad-r mob-pad-r-0 is-layout-flow wp-block-column-is-layout-flow\">\n<div class=\"wp-block-group is-nowrap is-layout-flex wp-container-core-group-is-layout-6c531013 wp-block-group-is-layout-flex\">\n<p class=\"mar-b-0\"><a href=\"https:\/\/www.rbc.com\/fr\/notre-compagnie\/histoire\/bulletin\/aout-2002-la-sante-mentale-aujourdhui-et-demain\/\" data-dig-id=\"LP-4-030e2691\" data-dig-category=\"LP\" data-dig-action=\"link click\" data-dig-label=\"Mental Health Today and Tomorrow\" class=\"rbc-link-format\">La sant\u00e9 mentale aujourd&rsquo;hui et demain<\/a><\/p>\n\n\n\n<p class=\"mar-b-0\"><em>Ao\u00fbt 2002<\/em><\/p>\n<\/div>\n\n\n\n<div class=\"wp-block-group is-nowrap is-layout-flex wp-container-core-group-is-layout-6c531013 wp-block-group-is-layout-flex\">\n<p class=\"mar-b-0\"><a href=\"https:\/\/www.rbc.com\/fr\/notre-compagnie\/histoire\/bulletin\/juin-2001-hommage-aux-benevoles\/\" data-dig-id=\"LP-4-030e2691\" data-dig-category=\"LP\" data-dig-action=\"link click\" data-dig-label=\"Mental Health Today and Tomorrow\" class=\"rbc-link-format\">Hommage aux b\u00e9n\u00e9voles<\/a><\/p>\n\n\n\n<p class=\"mar-b-0\"><em>Juin 2001<\/em><\/p>\n<\/div>\n\n\n\n<div class=\"wp-block-group is-nowrap is-layout-flex wp-container-core-group-is-layout-6c531013 wp-block-group-is-layout-flex\">\n<p class=\"mar-b-0\"><a href=\"https:\/\/www.rbc.com\/fr\/notre-compagnie\/histoire\/bulletin\/vol-70-n-5-sept-oct-1989-limportance-de-lenseignement\/\" data-dig-id=\"LP-4-030e2691\" data-dig-category=\"LP\" data-dig-action=\"link click\" data-dig-label=\"Mental Health Today and Tomorrow\" class=\"rbc-link-format\">L&rsquo;importance de l&rsquo;enseignement<\/a><\/p>\n\n\n\n<p class=\"mar-b-0\"><em>Septembre\/Octobre 1989<\/em><\/p>\n<\/div>\n\n\n\n<div class=\"wp-block-group is-nowrap is-layout-flex wp-container-core-group-is-layout-6c531013 wp-block-group-is-layout-flex\">\n<p class=\"mar-b-0\"><a href=\"https:\/\/www.rbc.com\/fr\/notre-compagnie\/histoire\/bulletin\/vol-59-n-9-septembre-1978-la-retraite-creatrice\/\" data-dig-id=\"LP-4-8bbd1654\" data-dig-category=\"LP\" data-dig-action=\"link click\" data-dig-label=\"Creative Retirement\" class=\"rbc-link-format\">La retraite cr\u00e9atrice<\/a><\/p>\n\n\n\n<p class=\"mar-b-0\"><em>Septembre 1978<\/em><\/p>\n<\/div>\n<\/div>\n\n\n\n<div class=\"wp-block-column is-layout-flow wp-block-column-is-layout-flow\">\n<div class=\"wp-block-group is-nowrap is-layout-flex wp-container-core-group-is-layout-6c531013 wp-block-group-is-layout-flex\">\n<p class=\"mar-b-0\"><a href=\"https:\/\/www.rbc.com\/fr\/notre-compagnie\/histoire\/bulletin\/vol-76-n-3-mai-juin-1995-un-devoir-civil\/\" data-dig-id=\"LP-595-a6742534\" data-dig-category=\"LP\" data-dig-action=\"link click\" data-dig-label=\"Un devoir civil\" class=\"rbc-link-format\">Un devoir civil<\/a><\/p>\n\n\n\n<p class=\"mar-b-0\"><em>Mai\/Juin 1995<\/em><\/p>\n<\/div>\n\n\n\n<div class=\"wp-block-group is-nowrap is-layout-flex wp-container-core-group-is-layout-6c531013 wp-block-group-is-layout-flex\">\n<p class=\"mar-b-0\"><a href=\"https:\/\/www.rbc.com\/fr\/notre-compagnie\/histoire\/bulletin\/vol-73-n-3-mai-juin-1992-apprendre-a-penser\/\" data-dig-id=\"LP-4-1f369493\" data-dig-category=\"LP\" data-dig-action=\"link click\" data-dig-label=\"The Duty of Civility\" class=\"rbc-link-format\">Apprendre \u00e0 penser<\/a><\/p>\n\n\n\n<p class=\"mar-b-0\"><em>Mai\/Juin 1992<\/em><\/p>\n<\/div>\n\n\n\n<div class=\"wp-block-group is-nowrap is-layout-flex wp-container-core-group-is-layout-6c531013 wp-block-group-is-layout-flex\">\n<p class=\"mar-b-0\"><a href=\"https:\/\/www.rbc.com\/fr\/notre-compagnie\/histoire\/bulletin\/vol-75-n-1-janvier-fevrier-1994-le-bulletin-symbole-royal-par-excellence\/\" data-dig-id=\"LP-4-1f369493\" data-dig-category=\"LP\" data-dig-action=\"link click\" data-dig-label=\"The Duty of Civility\" class=\"rbc-link-format\">\u00c9dition comm\u00e9morative,<br>Vol. 75, n\u00ba1<\/a><\/p>\n\n\n\n<p class=\"mar-b-0\"><em>Janvier\/F\u00e9vrier 1994<\/em><\/p>\n<\/div>\n<\/div>\n<\/div>\n<\/div>\n<\/div>\n<\/section>\n\n\n\n<section class=\"wp-block-rbc-section-block section-cool-white pos-rel  pad-t-dbl mob-pad-t pad-b-dbl mob-pad-b\" style=\"border-radius:0px\">\n<div class=\"wp-block-rbc-section-inner-block  section-inner pad-t-dbl mob-pad-t pad-b-dbl mob-pad-b\" style=\"border-radius:0x\">\n<div class=\"wp-block-group is-layout-constrained wp-container-core-group-is-layout-c863e0dd wp-block-group-is-layout-constrained\">\n<h2 class=\"has-text-align-center is-style-blue-disc mar-b wp-block-heading\" id=\"h-histoire-de-la-bulletin-rbc\">Histoire de la Bulletin RBC<\/h2>\n\n\n\n<ul class=\"wp-block-list is-style-blue-disc list-core-block second-level-inherit third-level-inherit\"><li>Le&nbsp;Bulletin RBC&nbsp;est n\u00e9 en avril 1920 sous le nom de&nbsp;The Royal Bank of Canada Monthly Newsletter. Cette publication commerciale offrait alors des informations et un commentaire sur des questions financi\u00e8res et \u00e9conomiques.<\/li><li>En d\u00e9cembre 1943, la publication est devenue un bulletin d&rsquo;int\u00e9r\u00eat g\u00e9n\u00e9ral, une s\u00e9rie d&rsquo;essais \u00ab&nbsp;visant \u00e0 aider les lecteurs \u00e0 comprendre le monde qui les entoure et \u00e0 mieux comprendre leur propre vie&nbsp;\u00bb.<\/li><li>Le num\u00e9ro de d\u00e9cembre 1943, sur l&rsquo;Inde, a \u00e9t\u00e9 r\u00e9imprim\u00e9 par le United Kingdom Information Service et distribu\u00e9 dans tout le Commonwealth.<\/li><li>\u00c0 son apog\u00e9e, le&nbsp;Bulletin&nbsp;\u00e9tait tir\u00e9 \u00e0 quelque 650&nbsp;000 exemplaires par mois.<\/li><li>En 1980, la publication a \u00e9t\u00e9 nomm\u00e9e&nbsp;Le Bulletin de la Banque Royale, puis, plus simplement encore,&nbsp;Bulletin de la Banque Royale, en 1990.<\/li><\/ul>\n\n\n\t\n\t<div class=\"wp-block-tk-spacer id-2f619310-7d42-4c72-824b-302ae7f91f8d\" aria-hidden=\"true\"><\/div>\n\t\n\n\n<h2 class=\"has-text-align-center is-style-blue-disc mar-b wp-block-heading\" id=\"h-75e-anniversaire-du-bulletin-de-la-banque-royale-edition-commemorative-speciale-1994\">75e anniversaire du&nbsp;Bulletin de la Banque Royale, \u00c9dition comm\u00e9morative sp\u00e9ciale, 1994<\/h2>\n\n\n\n<p class=\"is-style-blue-disc mar-b-hlf\">Pour en savoir plus sur l&rsquo;histoire du&nbsp;Bulletin de la Banque Royale, parcourez le&nbsp;<a href=\"https:\/\/www.rbc.com\/fr\/notre-compagnie\/histoire\/bulletin\/vol-75-n-1-janvier-fevrier-1994-le-bulletin-symbole-royal-par-excellence\/\" data-dig-id=\"LP-595-2359309b\" data-dig-category=\"LP\" data-dig-action=\"link click\" data-dig-label=\"num\u00e9ro comm\u00e9moratif sp\u00e9cial\" class=\"rbc-link-format\">num\u00e9ro comm\u00e9moratif sp\u00e9cial<\/a>&nbsp;publi\u00e9 en 1994 pour souligner pas moins de trois anniversaires&nbsp;: le 75e&nbsp;anniversaire de la cr\u00e9ation du&nbsp;Bulletin&nbsp;en 1920, sa 50e&nbsp;ann\u00e9e \u00e0 titre de publication d&rsquo;int\u00e9r\u00eat g\u00e9n\u00e9ral et le 125e&nbsp;anniversaire de la Banque Royale.<\/p>\n\n\n\n<ul class=\"wp-block-list is-style-blue-disc list-core-block second-level-inherit third-level-inherit\"><li>Le&nbsp;Bulletin RBC&nbsp;a rarement fait l&rsquo;objet de publicit\u00e9 ou de promotion. Il doit sa r\u00e9putation et l&rsquo;expansion de sa diffusion au simple bouche-\u00e0-oreille.<\/li><li>Le&nbsp;Bulletin RBC&nbsp;se pr\u00e9sente sous forme d&rsquo;un essai portant sur un sujet unique et r\u00e9dig\u00e9 par un auteur unique. Bien qu&rsquo;il soit publi\u00e9 par une institution financi\u00e8re, le bulletin traite rarement de finances et aborde plut\u00f4t des sujets vari\u00e9s tels que l&rsquo;\u00e9ducation, les affaires, les sciences ou encore la culture, la g\u00e9ographie et l&rsquo;histoire canadiennes.<\/li><li>Le bulletin a \u00e9t\u00e9 r\u00e9imprim\u00e9 dans des publications du monde entier, traduit dans des douzaines de langues, archiv\u00e9 dans des biblioth\u00e8ques publiques et utilis\u00e9 pendant des ann\u00e9es comme aide didactique dans les \u00e9coles.<\/li><li>Le catalogue du&nbsp;Bulletin de la Banque Royale&nbsp;(de 1943 \u00e0 aujourd&rsquo;hui) compte plus de 500 num\u00e9ros.<\/li><li>Auparavant, le&nbsp;Bulletin RBC&nbsp;\u00e9tait envoy\u00e9 gratuitement par la poste aux abonn\u00e9s partout dans le monde et \u00e9tait aussi disponible dans les succursales.<\/li><li>Les num\u00e9ros courants du&nbsp;Bulletin RBC&nbsp;sont disponibles sur Internet depuis 1998.<\/li><li>En 2002, la publication a \u00e9t\u00e9 nomm\u00e9e&nbsp;Bulletin RBC&nbsp;pour mieux refl\u00e9ter la nouvelle marque de RBC Groupe Financier.<\/li><\/ul>\n<\/div>\n<\/div>\n<\/section>\n<style class=\"advgb-styles-renderer\">\n\t\t.wp-block-tk-spacer.id-6d71ad74-6779-4e35-8ab7-0b97317be004 {\n\t\theight: 58px;\n\t}\n\n\t@media ( max-width: 480px ) {\n\t\t.wp-block-tk-spacer.id-6d71ad74-6779-4e35-8ab7-0b97317be004 {\n\t\t\theight: 30px;\n\t\t}\n\t}\t\n\t\t.wp-block-tk-spacer.id-80d834fc-004e-4639-bba3-493cfddd9338 {\n\t\theight: 120px;\n\t}\n\n\t@media ( max-width: 480px ) {\n\t\t.wp-block-tk-spacer.id-80d834fc-004e-4639-bba3-493cfddd9338 {\n\t\t\theight: 60px;\n\t\t}\n\t}\t\n\t\t.wp-block-tk-spacer.id-2f619310-7d42-4c72-824b-302ae7f91f8d {\n\t\theight: 120px;\n\t}\n\n\t@media ( max-width: 480px ) {\n\t\t.wp-block-tk-spacer.id-2f619310-7d42-4c72-824b-302ae7f91f8d {\n\t\t\theight: 60px;\n\t\t}\n\t}\t<\/style>","protected":false},"excerpt":{"rendered":"","protected":false},"author":87,"featured_media":0,"parent":13,"menu_order":0,"comment_status":"closed","ping_status":"closed","template":"","meta":{"_acf_changed":false,"disable_focal_point":true,"featured_image_focal_point":{"x":0.5,"y":0.5},"advgb_blocks_editor_width":"","advgb_blocks_columns_visual_guide":"","footnotes":""},"class_list":["post-595","page","type-page","status-publish","hentry"],"acf":[],"yoast_head":"<!-- This site is optimized with the Yoast SEO Premium plugin v27.2 (Yoast SEO v27.2) - https:\/\/yoast.com\/product\/yoast-seo-premium-wordpress\/ -->\n<title>Bulletin RBC - RBC<\/title>\n<meta name=\"robots\" content=\"index, follow, max-snippet:-1, max-image-preview:large, max-video-preview:-1\" \/>\n<link rel=\"canonical\" href=\"https:\/\/www.rbc.com\/fr\/notre-compagnie\/histoire\/bulletins\/\" \/>\n<meta property=\"og:locale\" content=\"fr_FR\" \/>\n<meta property=\"og:type\" content=\"article\" \/>\n<meta property=\"og:title\" content=\"Bulletin RBC - RBC\" \/>\n<meta property=\"og:url\" content=\"https:\/\/www.rbc.com\/fr\/notre-compagnie\/histoire\/bulletins\/\" \/>\n<meta property=\"og:site_name\" content=\"RBC\" \/>\n<meta property=\"article:modified_time\" content=\"2022-12-19T05:33:19+00:00\" \/>\n<meta name=\"twitter:card\" content=\"summary_large_image\" \/>\n<meta name=\"twitter:label1\" content=\"Est. reading time\" \/>\n\t<meta name=\"twitter:data1\" content=\"3 minutes\" \/>\n<script type=\"application\/ld+json\" class=\"yoast-schema-graph\">{\"@context\":\"https:\/\/schema.org\",\"@graph\":[{\"@type\":\"WebPage\",\"@id\":\"https:\/\/www.rbc.com\/fr\/notre-compagnie\/histoire\/bulletins\/\",\"url\":\"https:\/\/www.rbc.com\/fr\/notre-compagnie\/histoire\/bulletins\/\",\"name\":\"Bulletin RBC - RBC\",\"isPartOf\":{\"@id\":\"https:\/\/www.rbc.com\/fr\/#website\"},\"datePublished\":\"2022-07-15T19:41:40+00:00\",\"dateModified\":\"2022-12-19T05:33:19+00:00\",\"breadcrumb\":{\"@id\":\"https:\/\/www.rbc.com\/fr\/notre-compagnie\/histoire\/bulletins\/#breadcrumb\"},\"inLanguage\":\"fr-FR\",\"potentialAction\":[{\"@type\":\"ReadAction\",\"target\":[\"https:\/\/www.rbc.com\/fr\/notre-compagnie\/histoire\/bulletins\/\"]}]},{\"@type\":\"BreadcrumbList\",\"@id\":\"https:\/\/www.rbc.com\/fr\/notre-compagnie\/histoire\/bulletins\/#breadcrumb\",\"itemListElement\":[{\"@type\":\"ListItem\",\"position\":1,\"name\":\"Notre Compagnie\",\"item\":\"https:\/\/www.rbc.com\/fr\/notre-compagnie\/\"},{\"@type\":\"ListItem\",\"position\":2,\"name\":\"Histoire\",\"item\":\"https:\/\/www.rbc.com\/fr\/notre-compagnie\/histoire\/\"},{\"@type\":\"ListItem\",\"position\":3,\"name\":\"Bulletin RBC\"}]},{\"@type\":\"WebSite\",\"@id\":\"https:\/\/www.rbc.com\/fr\/#website\",\"url\":\"https:\/\/www.rbc.com\/fr\/\",\"name\":\"RBC\",\"description\":\"\",\"potentialAction\":[{\"@type\":\"SearchAction\",\"target\":{\"@type\":\"EntryPoint\",\"urlTemplate\":\"https:\/\/www.rbc.com\/fr\/?s={search_term_string}\"},\"query-input\":{\"@type\":\"PropertyValueSpecification\",\"valueRequired\":true,\"valueName\":\"search_term_string\"}}],\"inLanguage\":\"fr-FR\"}]}<\/script>\n<!-- \/ Yoast SEO Premium plugin. -->","yoast_head_json":{"title":"Bulletin RBC - RBC","robots":{"index":"index","follow":"follow","max-snippet":"max-snippet:-1","max-image-preview":"max-image-preview:large","max-video-preview":"max-video-preview:-1"},"canonical":"https:\/\/www.rbc.com\/fr\/notre-compagnie\/histoire\/bulletins\/","og_locale":"fr_FR","og_type":"article","og_title":"Bulletin RBC - RBC","og_url":"https:\/\/www.rbc.com\/fr\/notre-compagnie\/histoire\/bulletins\/","og_site_name":"RBC","article_modified_time":"2022-12-19T05:33:19+00:00","twitter_card":"summary_large_image","twitter_misc":{"Est. reading time":"3 minutes"},"schema":{"@context":"https:\/\/schema.org","@graph":[{"@type":"WebPage","@id":"https:\/\/www.rbc.com\/fr\/notre-compagnie\/histoire\/bulletins\/","url":"https:\/\/www.rbc.com\/fr\/notre-compagnie\/histoire\/bulletins\/","name":"Bulletin RBC - RBC","isPartOf":{"@id":"https:\/\/www.rbc.com\/fr\/#website"},"datePublished":"2022-07-15T19:41:40+00:00","dateModified":"2022-12-19T05:33:19+00:00","breadcrumb":{"@id":"https:\/\/www.rbc.com\/fr\/notre-compagnie\/histoire\/bulletins\/#breadcrumb"},"inLanguage":"fr-FR","potentialAction":[{"@type":"ReadAction","target":["https:\/\/www.rbc.com\/fr\/notre-compagnie\/histoire\/bulletins\/"]}]},{"@type":"BreadcrumbList","@id":"https:\/\/www.rbc.com\/fr\/notre-compagnie\/histoire\/bulletins\/#breadcrumb","itemListElement":[{"@type":"ListItem","position":1,"name":"Notre Compagnie","item":"https:\/\/www.rbc.com\/fr\/notre-compagnie\/"},{"@type":"ListItem","position":2,"name":"Histoire","item":"https:\/\/www.rbc.com\/fr\/notre-compagnie\/histoire\/"},{"@type":"ListItem","position":3,"name":"Bulletin RBC"}]},{"@type":"WebSite","@id":"https:\/\/www.rbc.com\/fr\/#website","url":"https:\/\/www.rbc.com\/fr\/","name":"RBC","description":"","potentialAction":[{"@type":"SearchAction","target":{"@type":"EntryPoint","urlTemplate":"https:\/\/www.rbc.com\/fr\/?s={search_term_string}"},"query-input":{"@type":"PropertyValueSpecification","valueRequired":true,"valueName":"search_term_string"}}],"inLanguage":"fr-FR"}]}},"parsely":{"version":"1.1.0","canonical_url":"https:\/\/rbc.com\/fr\/notre-compagnie\/histoire\/bulletins\/","smart_links":{"inbound":0,"outbound":0},"traffic_boost_suggestions_count":0,"meta":{"@context":"https:\/\/schema.org","@type":"WebPage","headline":"Bulletin RBC","url":"http:\/\/www.rbc.com\/fr\/notre-compagnie\/histoire\/bulletins\/","mainEntityOfPage":{"@type":"WebPage","@id":"http:\/\/www.rbc.com\/fr\/notre-compagnie\/histoire\/bulletins\/"},"thumbnailUrl":"","image":{"@type":"ImageObject","url":""},"articleSection":"Uncategorized","author":[],"creator":[],"publisher":{"@type":"Organization","name":"RBC","logo":""},"keywords":[],"dateCreated":"2022-07-15T19:41:40Z","datePublished":"2022-07-15T19:41:40Z","dateModified":"2022-12-19T05:33:19Z"},"rendered":"<script type=\"application\/ld+json\" class=\"wp-parsely-metadata\">{\"@context\":\"https:\\\/\\\/schema.org\",\"@type\":\"WebPage\",\"headline\":\"Bulletin RBC\",\"url\":\"http:\\\/\\\/www.rbc.com\\\/fr\\\/notre-compagnie\\\/histoire\\\/bulletins\\\/\",\"mainEntityOfPage\":{\"@type\":\"WebPage\",\"@id\":\"http:\\\/\\\/www.rbc.com\\\/fr\\\/notre-compagnie\\\/histoire\\\/bulletins\\\/\"},\"thumbnailUrl\":\"\",\"image\":{\"@type\":\"ImageObject\",\"url\":\"\"},\"articleSection\":\"Uncategorized\",\"author\":[],\"creator\":[],\"publisher\":{\"@type\":\"Organization\",\"name\":\"RBC\",\"logo\":\"\"},\"keywords\":[],\"dateCreated\":\"2022-07-15T19:41:40Z\",\"datePublished\":\"2022-07-15T19:41:40Z\",\"dateModified\":\"2022-12-19T05:33:19Z\"}<\/script>","tracker_url":"https:\/\/cdn.parsely.com\/keys\/rbc.com\/p.js"},"coauthors":[],"author_meta":{"author_link":"https:\/\/www.rbc.com\/fr\/author\/","display_name":""},"relative_dates":{"created":"Publi\u00e9 4 ans il y a","modified":"Mis \u00e0 jour 3 ans il y a"},"absolute_dates":{"created":"Publi\u00e9 le 15 juillet 2022","modified":"Mise \u00e0 jour le 19 d\u00e9cembre 2022"},"absolute_dates_time":{"created":"Publi\u00e9 le 15 juillet 2022 7:41  ","modified":"Mise \u00e0 jour le 19 d\u00e9cembre 2022 5:33  "},"featured_img_caption":"","featured_img":false,"series_order":"","_links":{"self":[{"href":"https:\/\/www.rbc.com\/fr\/wp-json\/wp\/v2\/pages\/595","targetHints":{"allow":["GET"]}}],"collection":[{"href":"https:\/\/www.rbc.com\/fr\/wp-json\/wp\/v2\/pages"}],"about":[{"href":"https:\/\/www.rbc.com\/fr\/wp-json\/wp\/v2\/types\/page"}],"author":[{"embeddable":true,"href":"https:\/\/www.rbc.com\/fr\/wp-json\/wp\/v2\/users\/87"}],"replies":[{"embeddable":true,"href":"https:\/\/www.rbc.com\/fr\/wp-json\/wp\/v2\/comments?post=595"}],"version-history":[{"count":23,"href":"https:\/\/www.rbc.com\/fr\/wp-json\/wp\/v2\/pages\/595\/revisions"}],"predecessor-version":[{"id":3085,"href":"https:\/\/www.rbc.com\/fr\/wp-json\/wp\/v2\/pages\/595\/revisions\/3085"}],"up":[{"embeddable":true,"href":"https:\/\/www.rbc.com\/fr\/wp-json\/wp\/v2\/pages\/13"}],"wp:attachment":[{"href":"https:\/\/www.rbc.com\/fr\/wp-json\/wp\/v2\/media?parent=595"}],"curies":[{"name":"wp","href":"https:\/\/api.w.org\/{rel}","templated":true}]}}