{"id":301,"date":"2022-07-11T18:32:24","date_gmt":"2022-07-11T18:32:24","guid":{"rendered":"https:\/\/www.rbc.com\/fr\/?page_id=301"},"modified":"2022-07-11T18:38:16","modified_gmt":"2022-07-11T18:38:16","slug":"nouvelles-et-articles","status":"publish","type":"page","link":"https:\/\/www.rbc.com\/fr\/notre-compagnie\/histoire\/nouvelles-et-articles\/","title":{"rendered":"Nouvelles et articles"},"content":{"rendered":"","protected":false},"excerpt":{"rendered":"","protected":false},"author":87,"featured_media":0,"parent":13,"menu_order":0,"comment_status":"closed","ping_status":"closed","template":"","meta":{"_acf_changed":false,"disable_focal_point":true,"featured_image_focal_point":{"x":0.5,"y":0.5},"advgb_blocks_editor_width":"","advgb_blocks_columns_visual_guide":"","footnotes":""},"class_list":["post-301","page","type-page","status-publish","hentry"],"acf":[],"yoast_head":"<!-- This site is optimized with the Yoast SEO Premium plugin v27.2 (Yoast SEO v27.2) - https:\/\/yoast.com\/product\/yoast-seo-premium-wordpress\/ -->\n<title>Nouvelles et articles - RBC<\/title>\n<meta name=\"robots\" content=\"index, follow, max-snippet:-1, max-image-preview:large, max-video-preview:-1\" \/>\n<link rel=\"canonical\" href=\"https:\/\/www.rbc.com\/fr\/notre-compagnie\/histoire\/nouvelles-et-articles\/\" \/>\n<meta property=\"og:locale\" content=\"fr_FR\" \/>\n<meta property=\"og:type\" content=\"article\" \/>\n<meta property=\"og:title\" content=\"Nouvelles et articles - RBC\" \/>\n<meta property=\"og:url\" content=\"https:\/\/www.rbc.com\/fr\/notre-compagnie\/histoire\/nouvelles-et-articles\/\" \/>\n<meta property=\"og:site_name\" content=\"RBC\" \/>\n<meta property=\"article:modified_time\" content=\"2022-07-11T18:38:16+00:00\" \/>\n<meta name=\"twitter:card\" content=\"summary_large_image\" \/>\n<script type=\"application\/ld+json\" class=\"yoast-schema-graph\">{\"@context\":\"https:\/\/schema.org\",\"@graph\":[{\"@type\":\"WebPage\",\"@id\":\"https:\/\/www.rbc.com\/fr\/notre-compagnie\/histoire\/nouvelles-et-articles\/\",\"url\":\"https:\/\/www.rbc.com\/fr\/notre-compagnie\/histoire\/nouvelles-et-articles\/\",\"name\":\"Nouvelles et articles - RBC\",\"isPartOf\":{\"@id\":\"https:\/\/www.rbc.com\/fr\/#website\"},\"datePublished\":\"2022-07-11T18:32:24+00:00\",\"dateModified\":\"2022-07-11T18:38:16+00:00\",\"breadcrumb\":{\"@id\":\"https:\/\/www.rbc.com\/fr\/notre-compagnie\/histoire\/nouvelles-et-articles\/#breadcrumb\"},\"inLanguage\":\"fr-FR\",\"potentialAction\":[{\"@type\":\"ReadAction\",\"target\":[\"https:\/\/www.rbc.com\/fr\/notre-compagnie\/histoire\/nouvelles-et-articles\/\"]}]},{\"@type\":\"BreadcrumbList\",\"@id\":\"https:\/\/www.rbc.com\/fr\/notre-compagnie\/histoire\/nouvelles-et-articles\/#breadcrumb\",\"itemListElement\":[{\"@type\":\"ListItem\",\"position\":1,\"name\":\"Notre Compagnie\",\"item\":\"https:\/\/www.rbc.com\/fr\/notre-compagnie\/\"},{\"@type\":\"ListItem\",\"position\":2,\"name\":\"Histoire\",\"item\":\"https:\/\/www.rbc.com\/fr\/notre-compagnie\/histoire\/\"},{\"@type\":\"ListItem\",\"position\":3,\"name\":\"Nouvelles et articles\"}]},{\"@type\":\"WebSite\",\"@id\":\"https:\/\/www.rbc.com\/fr\/#website\",\"url\":\"https:\/\/www.rbc.com\/fr\/\",\"name\":\"RBC\",\"description\":\"\",\"potentialAction\":[{\"@type\":\"SearchAction\",\"target\":{\"@type\":\"EntryPoint\",\"urlTemplate\":\"https:\/\/www.rbc.com\/fr\/?s={search_term_string}\"},\"query-input\":{\"@type\":\"PropertyValueSpecification\",\"valueRequired\":true,\"valueName\":\"search_term_string\"}}],\"inLanguage\":\"fr-FR\"}]}<\/script>\n<!-- \/ Yoast SEO Premium plugin. -->","yoast_head_json":{"title":"Nouvelles et articles - RBC","robots":{"index":"index","follow":"follow","max-snippet":"max-snippet:-1","max-image-preview":"max-image-preview:large","max-video-preview":"max-video-preview:-1"},"canonical":"https:\/\/www.rbc.com\/fr\/notre-compagnie\/histoire\/nouvelles-et-articles\/","og_locale":"fr_FR","og_type":"article","og_title":"Nouvelles et articles - RBC","og_url":"https:\/\/www.rbc.com\/fr\/notre-compagnie\/histoire\/nouvelles-et-articles\/","og_site_name":"RBC","article_modified_time":"2022-07-11T18:38:16+00:00","twitter_card":"summary_large_image","schema":{"@context":"https:\/\/schema.org","@graph":[{"@type":"WebPage","@id":"https:\/\/www.rbc.com\/fr\/notre-compagnie\/histoire\/nouvelles-et-articles\/","url":"https:\/\/www.rbc.com\/fr\/notre-compagnie\/histoire\/nouvelles-et-articles\/","name":"Nouvelles et articles - RBC","isPartOf":{"@id":"https:\/\/www.rbc.com\/fr\/#website"},"datePublished":"2022-07-11T18:32:24+00:00","dateModified":"2022-07-11T18:38:16+00:00","breadcrumb":{"@id":"https:\/\/www.rbc.com\/fr\/notre-compagnie\/histoire\/nouvelles-et-articles\/#breadcrumb"},"inLanguage":"fr-FR","potentialAction":[{"@type":"ReadAction","target":["https:\/\/www.rbc.com\/fr\/notre-compagnie\/histoire\/nouvelles-et-articles\/"]}]},{"@type":"BreadcrumbList","@id":"https:\/\/www.rbc.com\/fr\/notre-compagnie\/histoire\/nouvelles-et-articles\/#breadcrumb","itemListElement":[{"@type":"ListItem","position":1,"name":"Notre Compagnie","item":"https:\/\/www.rbc.com\/fr\/notre-compagnie\/"},{"@type":"ListItem","position":2,"name":"Histoire","item":"https:\/\/www.rbc.com\/fr\/notre-compagnie\/histoire\/"},{"@type":"ListItem","position":3,"name":"Nouvelles et articles"}]},{"@type":"WebSite","@id":"https:\/\/www.rbc.com\/fr\/#website","url":"https:\/\/www.rbc.com\/fr\/","name":"RBC","description":"","potentialAction":[{"@type":"SearchAction","target":{"@type":"EntryPoint","urlTemplate":"https:\/\/www.rbc.com\/fr\/?s={search_term_string}"},"query-input":{"@type":"PropertyValueSpecification","valueRequired":true,"valueName":"search_term_string"}}],"inLanguage":"fr-FR"}]}},"parsely":{"version":"1.1.0","canonical_url":"https:\/\/rbc.com\/fr\/notre-compagnie\/histoire\/nouvelles-et-articles\/","smart_links":{"inbound":0,"outbound":0},"traffic_boost_suggestions_count":0,"meta":{"@context":"https:\/\/schema.org","@type":"WebPage","headline":"Nouvelles et articles","url":"http:\/\/www.rbc.com\/fr\/notre-compagnie\/histoire\/nouvelles-et-articles\/","mainEntityOfPage":{"@type":"WebPage","@id":"http:\/\/www.rbc.com\/fr\/notre-compagnie\/histoire\/nouvelles-et-articles\/"},"thumbnailUrl":"","image":{"@type":"ImageObject","url":""},"articleSection":"Uncategorized","author":[],"creator":[],"publisher":{"@type":"Organization","name":"RBC","logo":""},"keywords":[],"dateCreated":"2022-07-11T18:32:24Z","datePublished":"2022-07-11T18:32:24Z","dateModified":"2022-07-11T18:38:16Z"},"rendered":"<script type=\"application\/ld+json\" class=\"wp-parsely-metadata\">{\"@context\":\"https:\\\/\\\/schema.org\",\"@type\":\"WebPage\",\"headline\":\"Nouvelles et articles\",\"url\":\"http:\\\/\\\/www.rbc.com\\\/fr\\\/notre-compagnie\\\/histoire\\\/nouvelles-et-articles\\\/\",\"mainEntityOfPage\":{\"@type\":\"WebPage\",\"@id\":\"http:\\\/\\\/www.rbc.com\\\/fr\\\/notre-compagnie\\\/histoire\\\/nouvelles-et-articles\\\/\"},\"thumbnailUrl\":\"\",\"image\":{\"@type\":\"ImageObject\",\"url\":\"\"},\"articleSection\":\"Uncategorized\",\"author\":[],\"creator\":[],\"publisher\":{\"@type\":\"Organization\",\"name\":\"RBC\",\"logo\":\"\"},\"keywords\":[],\"dateCreated\":\"2022-07-11T18:32:24Z\",\"datePublished\":\"2022-07-11T18:32:24Z\",\"dateModified\":\"2022-07-11T18:38:16Z\"}<\/script>","tracker_url":"https:\/\/cdn.parsely.com\/keys\/rbc.com\/p.js"},"coauthors":[],"author_meta":{"author_link":"https:\/\/www.rbc.com\/fr\/author\/","display_name":""},"relative_dates":{"created":"Publi\u00e9 4 ans il y a","modified":"Mis \u00e0 jour 4 ans il y a"},"absolute_dates":{"created":"Publi\u00e9 le 11 juillet 2022","modified":"Mise \u00e0 jour le 11 juillet 2022"},"absolute_dates_time":{"created":"Publi\u00e9 le 11 juillet 2022 6:32  ","modified":"Mise \u00e0 jour le 11 juillet 2022 6:38  "},"featured_img_caption":"","featured_img":false,"series_order":"","_links":{"self":[{"href":"https:\/\/www.rbc.com\/fr\/wp-json\/wp\/v2\/pages\/301","targetHints":{"allow":["GET"]}}],"collection":[{"href":"https:\/\/www.rbc.com\/fr\/wp-json\/wp\/v2\/pages"}],"about":[{"href":"https:\/\/www.rbc.com\/fr\/wp-json\/wp\/v2\/types\/page"}],"author":[{"embeddable":true,"href":"https:\/\/www.rbc.com\/fr\/wp-json\/wp\/v2\/users\/87"}],"replies":[{"embeddable":true,"href":"https:\/\/www.rbc.com\/fr\/wp-json\/wp\/v2\/comments?post=301"}],"version-history":[{"count":1,"href":"https:\/\/www.rbc.com\/fr\/wp-json\/wp\/v2\/pages\/301\/revisions"}],"predecessor-version":[{"id":302,"href":"https:\/\/www.rbc.com\/fr\/wp-json\/wp\/v2\/pages\/301\/revisions\/302"}],"up":[{"embeddable":true,"href":"https:\/\/www.rbc.com\/fr\/wp-json\/wp\/v2\/pages\/13"}],"wp:attachment":[{"href":"https:\/\/www.rbc.com\/fr\/wp-json\/wp\/v2\/media?parent=301"}],"curies":[{"name":"wp","href":"https:\/\/api.w.org\/{rel}","templated":true}]}}