{"id":265,"date":"2022-07-11T15:18:32","date_gmt":"2022-07-11T15:18:32","guid":{"rendered":"https:\/\/www.rbc.com\/fr\/?page_id=265"},"modified":"2024-06-27T21:12:09","modified_gmt":"2024-06-27T21:12:09","slug":"etablir-un-plan-davenir","status":"publish","type":"page","link":"https:\/\/www.rbc.com\/fr\/notre-compagnie\/histoire\/celebrating-our-history\/our-recent-past\/etablir-un-plan-davenir\/","title":{"rendered":"\u00c9tablir un plan d\u2019avenir"},"content":{"rendered":"\t\n\t<div class=\"wp-block-tk-spacer id-94d7e102-a23c-4327-a308-b6e5796c6b66\" aria-hidden=\"true\"><\/div>\n\t\n\n\n<section role=\"banner\" class=\"wp-block-rbc-banner-campaign alignfull banner html-bnr none full-width\"><div class=\"section-inner campaign\"><div class=\"banner-wpr\"><div class=\"banner-img img-center lazy desktop-only\" data-img=\"https:\/\/www.rbc.com\/fr\/wp-content\/uploads\/sites\/5\/2022\/08\/establishing-our-course-for-the-future-640x390-1.jpg\" data-img-id=\"1784\" style=\"background-image:url( https:\/\/www.rbc.com\/fr\/wp-content\/uploads\/sites\/5\/2022\/08\/establishing-our-course-for-the-future-640x390-1.jpg );background-position:0%,0%;background-size:cover\"><\/div><div class=\"banner-img img-center lazy mobile-only\" data-img=\"https:\/\/www.rbc.com\/fr\/wp-content\/uploads\/sites\/5\/2022\/08\/establishing-our-course-for-the-future-640x390-1.jpg\" data-img-id=\"1784\" style=\"background-image:url( https:\/\/www.rbc.com\/fr\/wp-content\/uploads\/sites\/5\/2022\/08\/establishing-our-course-for-the-future-640x390-1.jpg );background-position:0%,0%;background-size:cover\"><\/div><div class=\"banner-text\">\n<h2 class=\"wp-block-heading mar-b-15\" id=\"h-etablir-un-plan-d-avenir\">\u00c9tablir un plan d\u2019avenir<\/h2>\n\n\n\n<p class=\"mar-b-hlf\">Cette p\u00e9riode a \u00e9t\u00e9 marqu\u00e9e par l\u2019expansion de nos activit\u00e9s. Nous avons non seulement \u00e9largi notre expertise dans tous les secteurs des services financiers aux particuliers et aux entreprises, mais aussi accru notre pr\u00e9sence \u00e0 l\u2019\u00e9tranger.<\/p>\n\n\n\n<p class=\"mar-b-hlf\">Malgr\u00e9 une concurrence de plus en plus vive, nous avons r\u00e9ussi \u00e0 \u00e9tablir une position de chef de file dans la quasi-totalit\u00e9 de nos secteurs d\u2019activit\u00e9 touchant aux services bancaires de d\u00e9tail, aux march\u00e9s des capitaux, \u00e0 la gestion de patrimoine, aux services aux investisseurs et \u00e0 l\u2019assurance.<\/p>\n<\/div><\/div><\/div><\/section>\n\n\n\t\n\t<div class=\"wp-block-tk-spacer id-733c9bc0-db5a-447b-a203-6b014cd80481\" aria-hidden=\"true\"><\/div>\n\t\n\n\n<section class=\"wp-block-rbc-section-block  pos-rel\" style=\"border-radius:0px\">\n<div class=\"wp-block-rbc-section-inner-block  section-inner pad-t-0 pad-b-0\" style=\"border-radius:0x\">\n<div class=\"wp-block-columns mar-b-0 is-layout-flex wp-container-core-columns-is-layout-28f84493 wp-block-columns-is-layout-flex\">\n<div class=\"wp-block-column pad-r mob-pad-r-0 mob-mar-b-hlf is-layout-flow wp-block-column-is-layout-flow\" style=\"flex-basis:35%\">\n<div class=\"wp-block-group our-recent-past is-layout-flow wp-block-group-is-layout-flow\">\n<p class=\"mar-b-15 is-style-default default\" style=\"font-style:normal;font-weight:400\">Our Recent Past Stories<\/p>\n\n\n\n<p class=\"mar-b-15 is-style-standalone-link\" id=\"our-recent-past\" style=\"font-style:normal;font-weight:400\"><a href=\"https:\/\/www.rbc.com\/fr\/notre-compagnie\/histoire\/celebrating-our-history\/our-recent-past\" data-dig-id=\"LP-425-d757318b\" data-dig-category=\"LP\" data-dig-action=\"link click\" data-dig-label=\"Leading by Example\" class=\"rbc-link-format standalone-link\" data-icon-class=\"standalone-link\">Pr\u00eacher par l\u2019exemple<\/a><\/p>\n\n\n\n<p class=\"mar-b-15 is-style-standalone-link\" id=\"a-lere-de-la-mondialisation\"><a href=\"https:\/\/www.rbc.com\/fr\/notre-compagnie\/histoire\/celebrating-our-history\/our-recent-past\/a-lere-de-la-mondialisation\" data-dig-id=\"LP-425-2c96905a\" data-dig-category=\"LP\" data-dig-action=\"link click\" data-dig-label=\"Living in a World that Never Sleeps\" class=\"rbc-link-format standalone-link\" data-icon-class=\"standalone-link\">\u00c0 l\u2019\u00e8re de la mondialisation<\/a><\/p>\n\n\n\n<p class=\"mar-b-15 is-style-standalone-link\" id=\"le-village-mondial\"><a href=\"https:\/\/www.rbc.com\/fr\/notre-compagnie\/histoire\/celebrating-our-history\/our-recent-past\/le-village-mondial\" data-dig-id=\"LP-425-986c5e19\" data-dig-category=\"LP\" data-dig-action=\"link click\" data-dig-label=\"The Global Village\" class=\"rbc-link-format standalone-link\" data-icon-class=\"standalone-link\">Le village mondial<\/a><\/p>\n\n\n\n<p class=\"mar-b-15 is-style-standalone-link\" id=\"placer-la-barre-plus-haut-en-matiere-de-diversite-visant-la-croissance-et-linnovation\"><a href=\"https:\/\/www.rbc.com\/fr\/notre-compagnie\/histoire\/celebrating-our-history\/our-recent-past\/placer-la-barre-plus-haut-en-matiere-de-diversite-visant-la-croissance-et-linnovation\" data-dig-id=\"LP-425-d568ae2d\" data-dig-category=\"LP\" data-dig-action=\"link click\" data-dig-label=\"Raising the Bar on Diversity for Growth and Innovation\" class=\"rbc-link-format standalone-link\" data-icon-class=\"standalone-link\">Placer la barre plus haut en mati\u00e8re de diversit\u00e9 visant la croissance et l\u2019innovation<\/a><\/p>\n\n\n\n<p class=\"mar-b-15 is-style-standalone-link\" id=\"etablir-un-plan-davenir\"><a href=\"https:\/\/www.rbc.com\/fr\/notre-compagnie\/histoire\/celebrating-our-history\/our-recent-past\/etablir-un-plan-davenir\" data-dig-id=\"LP-265-010d5611\" data-dig-category=\"LP\" data-dig-action=\"link click\" data-dig-label=\"www.rbc.com\/fr\/notre-compagnie\/histoire\/celebrating-our-history\/our-recent-past\/etablir-un-plan-davenir\/\" class=\"rbc-link-format standalone-link\" data-icon-class=\"standalone-link\">\u00c9tablir un plan d\u2019avenir<\/a><\/p>\n<\/div>\n<\/div>\n\n\n\n<div class=\"wp-block-column is-layout-flow wp-block-column-is-layout-flow\">\n<p class=\"mar-b-hlf\">Notre rendement au fil du temps a d\u00e9montr\u00e9 la valeur de notre diversification, de nos excellentes pratiques de gestion du risque et de notre orientation client.<\/p>\n\n\n\n<p class=\"mar-b-hlf\">Nous avons \u00e9tabli l\u2019orientation de la prochaine d\u00e9cennie au moyen des trois objectifs strat\u00e9giques suivants :<\/p>\n\n\n\n<ol start=\"1\" class=\"wp-block-list mar-b-hlf list-core-block second-level-inherit third-level-inherit\"><li><strong>Au Canada<\/strong>, \u00eatre le chef de file incontest\u00e9 du secteur des services financiers.<\/li><li><strong>\u00c0 l\u2019\u00e9chelle mondiale<\/strong>, \u00eatre l\u2019un des plus importants fournisseurs de solutions pour les march\u00e9s des capitaux et la gestion de patrimoine.<\/li><li><strong>Dans les march\u00e9s cibl\u00e9s<\/strong>, \u00eatre l\u2019un des premiers fournisseurs de services financiers choisis comme compl\u00e9ment de nos principales forces.<\/li><\/ol>\n\n\n\n<p class=\"mar-b-hlf\">De ces trois objectifs d\u00e9coulent un nombre grandissant d\u2019occasions pour la Banque Royale d\u2019exploiter ses capacit\u00e9s, sa port\u00e9e et l\u2019excellence de ses produits et services.<\/p>\n\n\n\n<p class=\"mar-b-hlf\">Notre confiance repose sur la solidit\u00e9 de la marque que nous avons b\u00e2tie. La position de chef de file que nous occupons depuis longtemps sur le march\u00e9 canadien nous a fourni des bases solides dont nous pouvons tirer parti, que ce soit partout au Canada ou de fa\u00e7on s\u00e9lective aux \u00c9tats-Unis et sur les march\u00e9s internationaux. Chaque jour, nous m\u00e9ritons le privil\u00e8ge d\u2019\u00eatre le premier choix de nos clients gr\u00e2ce \u00e0 nos employ\u00e9s d\u00e9vou\u00e9s qui leur offrent des conseils fiables pour leur permettre d\u2019atteindre leurs objectifs financiers.<\/p>\n\n\n\n<p class=\"mar-b-hlf\">C\u2019est en continuant de tirer profit de ces avantages concurrentiels que nous deviendrons une institution financi\u00e8re aux activit\u00e9s diversifi\u00e9es comptant parmi les plus performantes.<\/p>\n\n\n\n<p class=\"mar-b-0\">En 1869, les fondateurs de la Merchants\u2019 Bank of Halifax se concentraient sur le commerce \u00e0 l\u2019\u00e9chelle locale, tout en sachant d\u2019instinct que leur succ\u00e8s \u00e0 long terme reposerait sur un acc\u00e8s \u00e0 une diversit\u00e9 de clients et sur une exposition \u00e0 d\u2019autres cycles d\u2019affaires. On parle aujourd\u2019hui de mod\u00e8le d\u2019affaires \u00e9quilibr\u00e9. L\u2019intuition dont ils ont fait preuve sert encore les int\u00e9r\u00eats de la Banque. Aujourd\u2019hui, la Banque Royale du Canada est une marque embl\u00e9matique dont le leadership s\u2019exerce au Canada et \u00e0 l\u2019\u00e9tranger, et qui cherche toujours \u00e0 m\u00e9riter le privil\u00e8ge d\u2019\u00eatre le premier choix de ses clients.<\/p>\n<\/div>\n<\/div>\n<\/div>\n<\/section>\n\n\n\t\n\t<div class=\"wp-block-tk-spacer id-d83b3a72-4c0b-4dea-b74c-876f7e7a77ac\" aria-hidden=\"true\"><\/div>\n\t<style class=\"advgb-styles-renderer\">\n\t\t.wp-block-tk-spacer.id-94d7e102-a23c-4327-a308-b6e5796c6b66 {\n\t\theight: 25px;\n\t}\n\n\t@media ( max-width: 480px ) {\n\t\t.wp-block-tk-spacer.id-94d7e102-a23c-4327-a308-b6e5796c6b66 {\n\t\t\theight: 25px;\n\t\t}\n\t}\t\n\t\t.wp-block-tk-spacer.id-733c9bc0-db5a-447b-a203-6b014cd80481 {\n\t\theight: 49px;\n\t}\n\n\t@media ( max-width: 480px ) {\n\t\t.wp-block-tk-spacer.id-733c9bc0-db5a-447b-a203-6b014cd80481 {\n\t\t\theight: 30px;\n\t\t}\n\t}\t\n\t\t.wp-block-tk-spacer.id-d83b3a72-4c0b-4dea-b74c-876f7e7a77ac {\n\t\theight: 120px;\n\t}\n\n\t@media ( max-width: 480px ) {\n\t\t.wp-block-tk-spacer.id-d83b3a72-4c0b-4dea-b74c-876f7e7a77ac {\n\t\t\theight: 60px;\n\t\t}\n\t}\t<\/style>","protected":false},"excerpt":{"rendered":"","protected":false},"author":87,"featured_media":0,"parent":17,"menu_order":0,"comment_status":"closed","ping_status":"closed","template":"","meta":{"_acf_changed":false,"disable_focal_point":true,"featured_image_focal_point":{"x":0.5,"y":0.5},"advgb_blocks_editor_width":"","advgb_blocks_columns_visual_guide":"","footnotes":""},"class_list":["post-265","page","type-page","status-publish","hentry"],"acf":[],"yoast_head":"<!-- This site is optimized with the Yoast SEO Premium plugin v27.2 (Yoast SEO v27.2) - https:\/\/yoast.com\/product\/yoast-seo-premium-wordpress\/ -->\n<title>\u00c9tablir un plan d\u2019avenir - RBC<\/title>\n<meta name=\"robots\" content=\"index, follow, max-snippet:-1, max-image-preview:large, max-video-preview:-1\" \/>\n<link rel=\"canonical\" href=\"https:\/\/www.rbc.com\/fr\/notre-compagnie\/histoire\/celebrating-our-history\/our-recent-past\/etablir-un-plan-davenir\/\" \/>\n<meta property=\"og:locale\" content=\"fr_FR\" \/>\n<meta property=\"og:type\" content=\"article\" \/>\n<meta property=\"og:title\" content=\"\u00c9tablir un plan d\u2019avenir - RBC\" \/>\n<meta property=\"og:url\" content=\"https:\/\/www.rbc.com\/fr\/notre-compagnie\/histoire\/celebrating-our-history\/our-recent-past\/etablir-un-plan-davenir\/\" \/>\n<meta property=\"og:site_name\" content=\"RBC\" \/>\n<meta property=\"article:modified_time\" content=\"2024-06-27T21:12:09+00:00\" \/>\n<meta name=\"twitter:card\" content=\"summary_large_image\" \/>\n<meta name=\"twitter:label1\" content=\"Est. reading time\" \/>\n\t<meta name=\"twitter:data1\" content=\"3 minutes\" \/>\n<script type=\"application\/ld+json\" class=\"yoast-schema-graph\">{\"@context\":\"https:\/\/schema.org\",\"@graph\":[{\"@type\":\"WebPage\",\"@id\":\"https:\/\/www.rbc.com\/fr\/notre-compagnie\/histoire\/celebrating-our-history\/our-recent-past\/etablir-un-plan-davenir\/\",\"url\":\"https:\/\/www.rbc.com\/fr\/notre-compagnie\/histoire\/celebrating-our-history\/our-recent-past\/etablir-un-plan-davenir\/\",\"name\":\"\u00c9tablir un plan d\u2019avenir - RBC\",\"isPartOf\":{\"@id\":\"https:\/\/www.rbc.com\/fr\/#website\"},\"datePublished\":\"2022-07-11T15:18:32+00:00\",\"dateModified\":\"2024-06-27T21:12:09+00:00\",\"breadcrumb\":{\"@id\":\"https:\/\/www.rbc.com\/fr\/notre-compagnie\/histoire\/celebrating-our-history\/our-recent-past\/etablir-un-plan-davenir\/#breadcrumb\"},\"inLanguage\":\"fr-FR\",\"potentialAction\":[{\"@type\":\"ReadAction\",\"target\":[\"https:\/\/www.rbc.com\/fr\/notre-compagnie\/histoire\/celebrating-our-history\/our-recent-past\/etablir-un-plan-davenir\/\"]}]},{\"@type\":\"BreadcrumbList\",\"@id\":\"https:\/\/www.rbc.com\/fr\/notre-compagnie\/histoire\/celebrating-our-history\/our-recent-past\/etablir-un-plan-davenir\/#breadcrumb\",\"itemListElement\":[{\"@type\":\"ListItem\",\"position\":1,\"name\":\"Notre Compagnie\",\"item\":\"https:\/\/www.rbc.com\/fr\/notre-compagnie\/\"},{\"@type\":\"ListItem\",\"position\":2,\"name\":\"Histoire\",\"item\":\"https:\/\/www.rbc.com\/fr\/notre-compagnie\/histoire\/\"},{\"@type\":\"ListItem\",\"position\":3,\"name\":\"C\u00e9l\u00e9brons notre histoire\",\"item\":\"https:\/\/www.rbc.com\/fr\/notre-compagnie\/histoire\/celebrating-our-history\/\"},{\"@type\":\"ListItem\",\"position\":4,\"name\":\"Notre histoire r\u00e9cente\",\"item\":\"https:\/\/www.rbc.com\/fr\/notre-compagnie\/histoire\/celebrating-our-history\/our-recent-past\/\"},{\"@type\":\"ListItem\",\"position\":5,\"name\":\"\u00c9tablir un plan d\u2019avenir\"}]},{\"@type\":\"WebSite\",\"@id\":\"https:\/\/www.rbc.com\/fr\/#website\",\"url\":\"https:\/\/www.rbc.com\/fr\/\",\"name\":\"RBC\",\"description\":\"\",\"potentialAction\":[{\"@type\":\"SearchAction\",\"target\":{\"@type\":\"EntryPoint\",\"urlTemplate\":\"https:\/\/www.rbc.com\/fr\/?s={search_term_string}\"},\"query-input\":{\"@type\":\"PropertyValueSpecification\",\"valueRequired\":true,\"valueName\":\"search_term_string\"}}],\"inLanguage\":\"fr-FR\"}]}<\/script>\n<!-- \/ Yoast SEO Premium plugin. -->","yoast_head_json":{"title":"\u00c9tablir un plan d\u2019avenir - RBC","robots":{"index":"index","follow":"follow","max-snippet":"max-snippet:-1","max-image-preview":"max-image-preview:large","max-video-preview":"max-video-preview:-1"},"canonical":"https:\/\/www.rbc.com\/fr\/notre-compagnie\/histoire\/celebrating-our-history\/our-recent-past\/etablir-un-plan-davenir\/","og_locale":"fr_FR","og_type":"article","og_title":"\u00c9tablir un plan d\u2019avenir - RBC","og_url":"https:\/\/www.rbc.com\/fr\/notre-compagnie\/histoire\/celebrating-our-history\/our-recent-past\/etablir-un-plan-davenir\/","og_site_name":"RBC","article_modified_time":"2024-06-27T21:12:09+00:00","twitter_card":"summary_large_image","twitter_misc":{"Est. reading time":"3 minutes"},"schema":{"@context":"https:\/\/schema.org","@graph":[{"@type":"WebPage","@id":"https:\/\/www.rbc.com\/fr\/notre-compagnie\/histoire\/celebrating-our-history\/our-recent-past\/etablir-un-plan-davenir\/","url":"https:\/\/www.rbc.com\/fr\/notre-compagnie\/histoire\/celebrating-our-history\/our-recent-past\/etablir-un-plan-davenir\/","name":"\u00c9tablir un plan d\u2019avenir - RBC","isPartOf":{"@id":"https:\/\/www.rbc.com\/fr\/#website"},"datePublished":"2022-07-11T15:18:32+00:00","dateModified":"2024-06-27T21:12:09+00:00","breadcrumb":{"@id":"https:\/\/www.rbc.com\/fr\/notre-compagnie\/histoire\/celebrating-our-history\/our-recent-past\/etablir-un-plan-davenir\/#breadcrumb"},"inLanguage":"fr-FR","potentialAction":[{"@type":"ReadAction","target":["https:\/\/www.rbc.com\/fr\/notre-compagnie\/histoire\/celebrating-our-history\/our-recent-past\/etablir-un-plan-davenir\/"]}]},{"@type":"BreadcrumbList","@id":"https:\/\/www.rbc.com\/fr\/notre-compagnie\/histoire\/celebrating-our-history\/our-recent-past\/etablir-un-plan-davenir\/#breadcrumb","itemListElement":[{"@type":"ListItem","position":1,"name":"Notre Compagnie","item":"https:\/\/www.rbc.com\/fr\/notre-compagnie\/"},{"@type":"ListItem","position":2,"name":"Histoire","item":"https:\/\/www.rbc.com\/fr\/notre-compagnie\/histoire\/"},{"@type":"ListItem","position":3,"name":"C\u00e9l\u00e9brons notre histoire","item":"https:\/\/www.rbc.com\/fr\/notre-compagnie\/histoire\/celebrating-our-history\/"},{"@type":"ListItem","position":4,"name":"Notre histoire r\u00e9cente","item":"https:\/\/www.rbc.com\/fr\/notre-compagnie\/histoire\/celebrating-our-history\/our-recent-past\/"},{"@type":"ListItem","position":5,"name":"\u00c9tablir un plan d\u2019avenir"}]},{"@type":"WebSite","@id":"https:\/\/www.rbc.com\/fr\/#website","url":"https:\/\/www.rbc.com\/fr\/","name":"RBC","description":"","potentialAction":[{"@type":"SearchAction","target":{"@type":"EntryPoint","urlTemplate":"https:\/\/www.rbc.com\/fr\/?s={search_term_string}"},"query-input":{"@type":"PropertyValueSpecification","valueRequired":true,"valueName":"search_term_string"}}],"inLanguage":"fr-FR"}]}},"parsely":{"version":"1.1.0","canonical_url":"https:\/\/rbc.com\/fr\/notre-compagnie\/histoire\/celebrating-our-history\/our-recent-past\/etablir-un-plan-davenir\/","smart_links":{"inbound":0,"outbound":0},"traffic_boost_suggestions_count":0,"meta":{"@context":"https:\/\/schema.org","@type":"WebPage","headline":"\u00c9tablir un plan d\u2019avenir","url":"http:\/\/www.rbc.com\/fr\/notre-compagnie\/histoire\/celebrating-our-history\/our-recent-past\/etablir-un-plan-davenir\/","mainEntityOfPage":{"@type":"WebPage","@id":"http:\/\/www.rbc.com\/fr\/notre-compagnie\/histoire\/celebrating-our-history\/our-recent-past\/etablir-un-plan-davenir\/"},"thumbnailUrl":"","image":{"@type":"ImageObject","url":""},"articleSection":"Uncategorized","author":[],"creator":[],"publisher":{"@type":"Organization","name":"RBC","logo":""},"keywords":[],"dateCreated":"2022-07-11T15:18:32Z","datePublished":"2022-07-11T15:18:32Z","dateModified":"2024-06-27T21:12:09Z"},"rendered":"<script type=\"application\/ld+json\" class=\"wp-parsely-metadata\">{\"@context\":\"https:\\\/\\\/schema.org\",\"@type\":\"WebPage\",\"headline\":\"\\u00c9tablir un plan d\\u2019avenir\",\"url\":\"http:\\\/\\\/www.rbc.com\\\/fr\\\/notre-compagnie\\\/histoire\\\/celebrating-our-history\\\/our-recent-past\\\/etablir-un-plan-davenir\\\/\",\"mainEntityOfPage\":{\"@type\":\"WebPage\",\"@id\":\"http:\\\/\\\/www.rbc.com\\\/fr\\\/notre-compagnie\\\/histoire\\\/celebrating-our-history\\\/our-recent-past\\\/etablir-un-plan-davenir\\\/\"},\"thumbnailUrl\":\"\",\"image\":{\"@type\":\"ImageObject\",\"url\":\"\"},\"articleSection\":\"Uncategorized\",\"author\":[],\"creator\":[],\"publisher\":{\"@type\":\"Organization\",\"name\":\"RBC\",\"logo\":\"\"},\"keywords\":[],\"dateCreated\":\"2022-07-11T15:18:32Z\",\"datePublished\":\"2022-07-11T15:18:32Z\",\"dateModified\":\"2024-06-27T21:12:09Z\"}<\/script>","tracker_url":"https:\/\/cdn.parsely.com\/keys\/rbc.com\/p.js"},"coauthors":[],"author_meta":{"author_link":"https:\/\/www.rbc.com\/fr\/author\/","display_name":""},"relative_dates":{"created":"Publi\u00e9 4 ans il y a","modified":"Mis \u00e0 jour 2 ans il y a"},"absolute_dates":{"created":"Publi\u00e9 le 11 juillet 2022","modified":"Mise \u00e0 jour le 27 juin 2024"},"absolute_dates_time":{"created":"Publi\u00e9 le 11 juillet 2022 3:18  ","modified":"Mise \u00e0 jour le 27 juin 2024 9:12  "},"featured_img_caption":"","featured_img":false,"series_order":"","_links":{"self":[{"href":"https:\/\/www.rbc.com\/fr\/wp-json\/wp\/v2\/pages\/265","targetHints":{"allow":["GET"]}}],"collection":[{"href":"https:\/\/www.rbc.com\/fr\/wp-json\/wp\/v2\/pages"}],"about":[{"href":"https:\/\/www.rbc.com\/fr\/wp-json\/wp\/v2\/types\/page"}],"author":[{"embeddable":true,"href":"https:\/\/www.rbc.com\/fr\/wp-json\/wp\/v2\/users\/87"}],"replies":[{"embeddable":true,"href":"https:\/\/www.rbc.com\/fr\/wp-json\/wp\/v2\/comments?post=265"}],"version-history":[{"count":9,"href":"https:\/\/www.rbc.com\/fr\/wp-json\/wp\/v2\/pages\/265\/revisions"}],"predecessor-version":[{"id":3124,"href":"https:\/\/www.rbc.com\/fr\/wp-json\/wp\/v2\/pages\/265\/revisions\/3124"}],"up":[{"embeddable":true,"href":"https:\/\/www.rbc.com\/fr\/wp-json\/wp\/v2\/pages\/17"}],"wp:attachment":[{"href":"https:\/\/www.rbc.com\/fr\/wp-json\/wp\/v2\/media?parent=265"}],"curies":[{"name":"wp","href":"https:\/\/api.w.org\/{rel}","templated":true}]}}