{"id":259,"date":"2022-07-11T15:11:33","date_gmt":"2022-07-11T15:11:33","guid":{"rendered":"https:\/\/www.rbc.com\/fr\/?page_id=259"},"modified":"2022-09-09T17:26:04","modified_gmt":"2022-09-09T17:26:04","slug":"placer-la-barre-plus-haut-en-matiere-de-diversite-visant-la-croissance-et-linnovation","status":"publish","type":"page","link":"https:\/\/www.rbc.com\/fr\/notre-compagnie\/histoire\/celebrating-our-history\/our-recent-past\/placer-la-barre-plus-haut-en-matiere-de-diversite-visant-la-croissance-et-linnovation\/","title":{"rendered":"Placer la barre plus haut en mati\u00e8re de diversit\u00e9 visant la croissance et l\u2019innovation"},"content":{"rendered":"\t\n\t<div class=\"wp-block-tk-spacer id-5c1ba53e-1ddf-4b1a-a449-e35af52d9dba\" aria-hidden=\"true\"><\/div>\n\t\n\n\n<section role=\"banner\" class=\"wp-block-rbc-banner-campaign alignfull banner html-bnr none full-width\"><div class=\"section-inner campaign\"><div class=\"banner-wpr\"><div class=\"banner-img img-center lazy\" data-img=\"https:\/\/www.rbc.com\/fr\/wp-content\/uploads\/sites\/5\/2022\/08\/Catalyst-Award_Our_recent_past_homepage_section-and-banner-image.jpeg\" data-img-id=\"1765\" style=\"background-image:url( https:\/\/www.rbc.com\/fr\/wp-content\/uploads\/sites\/5\/2022\/08\/Catalyst-Award_Our_recent_past_homepage_section-and-banner-image.jpeg );background-position:24%,57.99999999999999%;background-size:cover\"><\/div><div class=\"banner-text\">\n<h2 class=\"mar-b-15 wp-block-heading\" id=\"h-placer-la-barre-plus-haut-en-matiere-de-diversite-visant-la-croissance-et-l-innovation\">Placer la barre plus haut en mati\u00e8re de diversit\u00e9 visant la croissance et l\u2019innovation<\/h2>\n\n\n\n<p>Nous croyons que l\u2019ouverture \u00e0 la diversit\u00e9 renforce les collectivit\u00e9s et contribue \u00e0 la prosp\u00e9rit\u00e9.<\/p>\n\n\n\n<p class=\"mar-b-0\">Depuis longtemps, nous reconnaissons \u00e0 quel point la diversit\u00e9 et l\u2019int\u00e9gration sont importantes pour nos employ\u00e9s et nos clients, et \u00e0 quel point elles sont des sources d\u2019innovation et de prosp\u00e9rit\u00e9 \u00e9conomique durable.<\/p>\n<\/div><\/div><\/div><\/section>\n\n\n\t\n\t<div class=\"wp-block-tk-spacer id-a00353be-2779-4e2c-9e61-cbc7dfa82e23\" aria-hidden=\"true\"><\/div>\n\t\n\n\n<section class=\"wp-block-rbc-section-block\">\n<div class=\"wp-block-rbc-section-inner-block  section-inner pad-t-0 pad-b-0\">\n<div class=\"wp-block-columns  mar-b-0 is-layout-flex wp-container-core-columns-is-layout-28f84493 wp-block-columns-is-layout-flex\">\n<div class=\"wp-block-column pad-r mob-pad-r-0 mob-mar-b-hlf is-layout-flow wp-block-column-is-layout-flow\" style=\"flex-basis:35%\">\n<div class=\"wp-block-group our-recent-past is-layout-flow wp-block-group-is-layout-flow\">\n<p class=\"mar-b-15 is-style-default default\" style=\"font-style:normal;font-weight:400\">Our Recent Past Stories<\/p>\n\n\n\n<p class=\"mar-b-15 is-style-standalone-link\" id=\"our-recent-past\" style=\"font-style:normal;font-weight:400\"><a href=\"https:\/\/www.rbc.com\/fr\/notre-compagnie\/histoire\/celebrating-our-history\/our-recent-past\" data-dig-id=\"LP-425-d757318b\" data-dig-category=\"LP\" data-dig-action=\"link click\" data-dig-label=\"Leading by Example\" class=\"rbc-link-format standalone-link\" data-icon-class=\"standalone-link\">Pr\u00eacher par l\u2019exemple<\/a><\/p>\n\n\n\n<p class=\"mar-b-15 is-style-standalone-link\" id=\"a-lere-de-la-mondialisation\"><a href=\"https:\/\/www.rbc.com\/fr\/notre-compagnie\/histoire\/celebrating-our-history\/our-recent-past\/a-lere-de-la-mondialisation\" data-dig-id=\"LP-425-2c96905a\" data-dig-category=\"LP\" data-dig-action=\"link click\" data-dig-label=\"Living in a World that Never Sleeps\" class=\"rbc-link-format standalone-link\" data-icon-class=\"standalone-link\">\u00c0 l\u2019\u00e8re de la mondialisation<\/a><\/p>\n\n\n\n<p class=\"mar-b-15 is-style-standalone-link\" id=\"le-village-mondial\"><a href=\"https:\/\/www.rbc.com\/fr\/notre-compagnie\/histoire\/celebrating-our-history\/our-recent-past\/le-village-mondial\" data-dig-id=\"LP-425-986c5e19\" data-dig-category=\"LP\" data-dig-action=\"link click\" data-dig-label=\"The Global Village\" class=\"rbc-link-format standalone-link\" data-icon-class=\"standalone-link\">Le village mondial<\/a><\/p>\n\n\n\n<p class=\"mar-b-15 is-style-standalone-link\" id=\"placer-la-barre-plus-haut-en-matiere-de-diversite-visant-la-croissance-et-linnovation\"><a href=\"https:\/\/www.rbc.com\/fr\/notre-compagnie\/histoire\/celebrating-our-history\/our-recent-past\/placer-la-barre-plus-haut-en-matiere-de-diversite-visant-la-croissance-et-linnovation\" data-dig-id=\"LP-425-d568ae2d\" data-dig-category=\"LP\" data-dig-action=\"link click\" data-dig-label=\"Raising the Bar on Diversity for Growth and Innovation\" class=\"rbc-link-format standalone-link\" data-icon-class=\"standalone-link\">Placer la barre plus haut en mati\u00e8re de diversit\u00e9 visant la croissance et l\u2019innovation<\/a><\/p>\n\n\n\n<p class=\"mar-b-15 is-style-standalone-link\" id=\"etablir-un-plan-davenir\"><a href=\"https:\/\/www.rbc.com\/fr\/notre-compagnie\/histoire\/celebrating-our-history\/our-recent-past\/etablir-un-plan-davenir\" data-dig-id=\"LP-265-010d5611\" data-dig-category=\"LP\" data-dig-action=\"link click\" data-dig-label=\"www.rbc.com\/fr\/notre-compagnie\/histoire\/celebrating-our-history\/our-recent-past\/etablir-un-plan-davenir\/\" class=\"rbc-link-format standalone-link\" data-icon-class=\"standalone-link\">\u00c9tablir un plan d\u2019avenir<\/a><\/p>\n<\/div>\n<\/div>\n\n\n\n<div class=\"wp-block-column is-layout-flow wp-block-column-is-layout-flow\">\n<p class=\"mar-b-hlf\">Nous avons particip\u00e9 activement, depuis le milieu des ann\u00e9es 1970, \u00e0 des projets portant sur la diversit\u00e9. \u00c0 l\u2019origine, nos efforts ciblaient principalement les femmes et l\u2019\u00e9quit\u00e9 en mati\u00e8re d\u2019emploi. Aujourd\u2019hui, nous consid\u00e9rons la diversit\u00e9 de fa\u00e7on plus large ; c\u2019est une source et un catalyseur d\u2019innovation, qui valorise et appuie des aptitudes, des exp\u00e9riences et des perspectives uniques.<\/p>\n\n\n\n<p class=\"mar-b-hlf\">Notre engagement \u00e0 l\u2019\u00e9gard de la diversit\u00e9 et de l\u2019int\u00e9gration englobe trois priorit\u00e9s :<\/p>\n\n\n\n<ol class=\"wp-block-list mar-b-hlf is-style-default default list-core-block second-level-inherit third-level-inherit\"><li>Avoir un effectif qui refl\u00e8te la population et les collectivit\u00e9s que nous servons, ainsi qu\u2019un cadre de travail qui offre \u00e0 tous la possibilit\u00e9 de r\u00e9aliser leur plein potentiel.<\/li><li>Assurer l\u2019int\u00e9gration financi\u00e8re de toutes les collectivit\u00e9s en rendant nos produits et services financiers pleinement accessibles, et donner \u00e0 des fournisseurs d\u2019horizons et de march\u00e9s divers l\u2019occasion d\u2019accro\u00eetre leurs ventes \u00e0 la Banque Royale.<\/li><li>Appuyer les entreprises, les \u00e9tablissements d\u2019enseignement et les groupes sans but lucratif vou\u00e9s aux questions de diversit\u00e9 qui rev\u00eatent de l\u2019importance pour la Banque et ses parties prenantes, y compris souligner les efforts des dirigeants communautaires.<\/li><\/ol>\n\n\n\n<p>Nous nous concentrons \u00e9galement sur les jeunes, car nous estimons qu\u2019ils repr\u00e9sentent une partie importante de nos collectivit\u00e9s. Les jeunes bien instruits d\u2019aujourd\u2019hui sont la main-d\u2019\u0153uvre et les dirigeants de demain. Nous obtenons la participation des jeunes en \u00e9laborant ou en appuyant des programmes pour les \u00e9tudiants qui offrent des exp\u00e9riences p\u00e9dagogiques in\u00e9dites gr\u00e2ce \u00e0 des parrainages, des bourses, des dons et des programmes communautaires<\/p>\n<\/div>\n<\/div>\n<\/div>\n<\/section>\n\n\n\t\n\t<div class=\"wp-block-tk-spacer id-1022824a-5791-4d7d-a698-0269b27271d7\" aria-hidden=\"true\"><\/div>\n\t<style class=\"advgb-styles-renderer\">\n\t\t.wp-block-tk-spacer.id-5c1ba53e-1ddf-4b1a-a449-e35af52d9dba {\n\t\theight: 25px;\n\t}\n\n\t@media ( max-width: 480px ) {\n\t\t.wp-block-tk-spacer.id-5c1ba53e-1ddf-4b1a-a449-e35af52d9dba {\n\t\t\theight: 25px;\n\t\t}\n\t}\t\n\t\t.wp-block-tk-spacer.id-a00353be-2779-4e2c-9e61-cbc7dfa82e23 {\n\t\theight: 49px;\n\t}\n\n\t@media ( max-width: 480px ) {\n\t\t.wp-block-tk-spacer.id-a00353be-2779-4e2c-9e61-cbc7dfa82e23 {\n\t\t\theight: 30px;\n\t\t}\n\t}\t\n\t\t.wp-block-tk-spacer.id-1022824a-5791-4d7d-a698-0269b27271d7 {\n\t\theight: 120px;\n\t}\n\n\t@media ( max-width: 480px ) {\n\t\t.wp-block-tk-spacer.id-1022824a-5791-4d7d-a698-0269b27271d7 {\n\t\t\theight: 60px;\n\t\t}\n\t}\t<\/style>","protected":false},"excerpt":{"rendered":"","protected":false},"author":87,"featured_media":0,"parent":17,"menu_order":0,"comment_status":"closed","ping_status":"closed","template":"","meta":{"_acf_changed":false,"disable_focal_point":true,"featured_image_focal_point":{"x":0.5,"y":0.5},"advgb_blocks_editor_width":"","advgb_blocks_columns_visual_guide":"","footnotes":""},"class_list":["post-259","page","type-page","status-publish","hentry"],"acf":[],"yoast_head":"<!-- This site is optimized with the Yoast SEO Premium plugin v27.2 (Yoast SEO v27.2) - https:\/\/yoast.com\/product\/yoast-seo-premium-wordpress\/ -->\n<title>Placer la barre plus haut en mati\u00e8re de diversit\u00e9 visant la croissance et l\u2019innovation - RBC<\/title>\n<meta name=\"robots\" content=\"index, follow, max-snippet:-1, max-image-preview:large, max-video-preview:-1\" \/>\n<link rel=\"canonical\" href=\"https:\/\/www.rbc.com\/fr\/notre-compagnie\/histoire\/celebrating-our-history\/our-recent-past\/placer-la-barre-plus-haut-en-matiere-de-diversite-visant-la-croissance-et-linnovation\/\" \/>\n<meta property=\"og:locale\" content=\"fr_FR\" \/>\n<meta property=\"og:type\" content=\"article\" \/>\n<meta property=\"og:title\" content=\"Placer la barre plus haut en mati\u00e8re de diversit\u00e9 visant la croissance et l\u2019innovation - RBC\" \/>\n<meta property=\"og:url\" content=\"https:\/\/www.rbc.com\/fr\/notre-compagnie\/histoire\/celebrating-our-history\/our-recent-past\/placer-la-barre-plus-haut-en-matiere-de-diversite-visant-la-croissance-et-linnovation\/\" \/>\n<meta property=\"og:site_name\" content=\"RBC\" \/>\n<meta property=\"article:modified_time\" content=\"2022-09-09T17:26:04+00:00\" \/>\n<meta name=\"twitter:card\" content=\"summary_large_image\" \/>\n<meta name=\"twitter:label1\" content=\"Est. reading time\" \/>\n\t<meta name=\"twitter:data1\" content=\"2 minutes\" \/>\n<script type=\"application\/ld+json\" class=\"yoast-schema-graph\">{\"@context\":\"https:\/\/schema.org\",\"@graph\":[{\"@type\":\"WebPage\",\"@id\":\"https:\/\/www.rbc.com\/fr\/notre-compagnie\/histoire\/celebrating-our-history\/our-recent-past\/placer-la-barre-plus-haut-en-matiere-de-diversite-visant-la-croissance-et-linnovation\/\",\"url\":\"https:\/\/www.rbc.com\/fr\/notre-compagnie\/histoire\/celebrating-our-history\/our-recent-past\/placer-la-barre-plus-haut-en-matiere-de-diversite-visant-la-croissance-et-linnovation\/\",\"name\":\"Placer la barre plus haut en mati\u00e8re de diversit\u00e9 visant la croissance et l\u2019innovation - RBC\",\"isPartOf\":{\"@id\":\"https:\/\/www.rbc.com\/fr\/#website\"},\"datePublished\":\"2022-07-11T15:11:33+00:00\",\"dateModified\":\"2022-09-09T17:26:04+00:00\",\"breadcrumb\":{\"@id\":\"https:\/\/www.rbc.com\/fr\/notre-compagnie\/histoire\/celebrating-our-history\/our-recent-past\/placer-la-barre-plus-haut-en-matiere-de-diversite-visant-la-croissance-et-linnovation\/#breadcrumb\"},\"inLanguage\":\"fr-FR\",\"potentialAction\":[{\"@type\":\"ReadAction\",\"target\":[\"https:\/\/www.rbc.com\/fr\/notre-compagnie\/histoire\/celebrating-our-history\/our-recent-past\/placer-la-barre-plus-haut-en-matiere-de-diversite-visant-la-croissance-et-linnovation\/\"]}]},{\"@type\":\"BreadcrumbList\",\"@id\":\"https:\/\/www.rbc.com\/fr\/notre-compagnie\/histoire\/celebrating-our-history\/our-recent-past\/placer-la-barre-plus-haut-en-matiere-de-diversite-visant-la-croissance-et-linnovation\/#breadcrumb\",\"itemListElement\":[{\"@type\":\"ListItem\",\"position\":1,\"name\":\"Notre Compagnie\",\"item\":\"https:\/\/www.rbc.com\/fr\/notre-compagnie\/\"},{\"@type\":\"ListItem\",\"position\":2,\"name\":\"Histoire\",\"item\":\"https:\/\/www.rbc.com\/fr\/notre-compagnie\/histoire\/\"},{\"@type\":\"ListItem\",\"position\":3,\"name\":\"C\u00e9l\u00e9brons notre histoire\",\"item\":\"https:\/\/www.rbc.com\/fr\/notre-compagnie\/histoire\/celebrating-our-history\/\"},{\"@type\":\"ListItem\",\"position\":4,\"name\":\"Notre histoire r\u00e9cente\",\"item\":\"https:\/\/www.rbc.com\/fr\/notre-compagnie\/histoire\/celebrating-our-history\/our-recent-past\/\"},{\"@type\":\"ListItem\",\"position\":5,\"name\":\"Placer la barre plus haut en mati\u00e8re de diversit\u00e9 visant la croissance et l\u2019innovation\"}]},{\"@type\":\"WebSite\",\"@id\":\"https:\/\/www.rbc.com\/fr\/#website\",\"url\":\"https:\/\/www.rbc.com\/fr\/\",\"name\":\"RBC\",\"description\":\"\",\"potentialAction\":[{\"@type\":\"SearchAction\",\"target\":{\"@type\":\"EntryPoint\",\"urlTemplate\":\"https:\/\/www.rbc.com\/fr\/?s={search_term_string}\"},\"query-input\":{\"@type\":\"PropertyValueSpecification\",\"valueRequired\":true,\"valueName\":\"search_term_string\"}}],\"inLanguage\":\"fr-FR\"}]}<\/script>\n<!-- \/ Yoast SEO Premium plugin. -->","yoast_head_json":{"title":"Placer la barre plus haut en mati\u00e8re de diversit\u00e9 visant la croissance et l\u2019innovation - RBC","robots":{"index":"index","follow":"follow","max-snippet":"max-snippet:-1","max-image-preview":"max-image-preview:large","max-video-preview":"max-video-preview:-1"},"canonical":"https:\/\/www.rbc.com\/fr\/notre-compagnie\/histoire\/celebrating-our-history\/our-recent-past\/placer-la-barre-plus-haut-en-matiere-de-diversite-visant-la-croissance-et-linnovation\/","og_locale":"fr_FR","og_type":"article","og_title":"Placer la barre plus haut en mati\u00e8re de diversit\u00e9 visant la croissance et l\u2019innovation - RBC","og_url":"https:\/\/www.rbc.com\/fr\/notre-compagnie\/histoire\/celebrating-our-history\/our-recent-past\/placer-la-barre-plus-haut-en-matiere-de-diversite-visant-la-croissance-et-linnovation\/","og_site_name":"RBC","article_modified_time":"2022-09-09T17:26:04+00:00","twitter_card":"summary_large_image","twitter_misc":{"Est. reading time":"2 minutes"},"schema":{"@context":"https:\/\/schema.org","@graph":[{"@type":"WebPage","@id":"https:\/\/www.rbc.com\/fr\/notre-compagnie\/histoire\/celebrating-our-history\/our-recent-past\/placer-la-barre-plus-haut-en-matiere-de-diversite-visant-la-croissance-et-linnovation\/","url":"https:\/\/www.rbc.com\/fr\/notre-compagnie\/histoire\/celebrating-our-history\/our-recent-past\/placer-la-barre-plus-haut-en-matiere-de-diversite-visant-la-croissance-et-linnovation\/","name":"Placer la barre plus haut en mati\u00e8re de diversit\u00e9 visant la croissance et l\u2019innovation - RBC","isPartOf":{"@id":"https:\/\/www.rbc.com\/fr\/#website"},"datePublished":"2022-07-11T15:11:33+00:00","dateModified":"2022-09-09T17:26:04+00:00","breadcrumb":{"@id":"https:\/\/www.rbc.com\/fr\/notre-compagnie\/histoire\/celebrating-our-history\/our-recent-past\/placer-la-barre-plus-haut-en-matiere-de-diversite-visant-la-croissance-et-linnovation\/#breadcrumb"},"inLanguage":"fr-FR","potentialAction":[{"@type":"ReadAction","target":["https:\/\/www.rbc.com\/fr\/notre-compagnie\/histoire\/celebrating-our-history\/our-recent-past\/placer-la-barre-plus-haut-en-matiere-de-diversite-visant-la-croissance-et-linnovation\/"]}]},{"@type":"BreadcrumbList","@id":"https:\/\/www.rbc.com\/fr\/notre-compagnie\/histoire\/celebrating-our-history\/our-recent-past\/placer-la-barre-plus-haut-en-matiere-de-diversite-visant-la-croissance-et-linnovation\/#breadcrumb","itemListElement":[{"@type":"ListItem","position":1,"name":"Notre Compagnie","item":"https:\/\/www.rbc.com\/fr\/notre-compagnie\/"},{"@type":"ListItem","position":2,"name":"Histoire","item":"https:\/\/www.rbc.com\/fr\/notre-compagnie\/histoire\/"},{"@type":"ListItem","position":3,"name":"C\u00e9l\u00e9brons notre histoire","item":"https:\/\/www.rbc.com\/fr\/notre-compagnie\/histoire\/celebrating-our-history\/"},{"@type":"ListItem","position":4,"name":"Notre histoire r\u00e9cente","item":"https:\/\/www.rbc.com\/fr\/notre-compagnie\/histoire\/celebrating-our-history\/our-recent-past\/"},{"@type":"ListItem","position":5,"name":"Placer la barre plus haut en mati\u00e8re de diversit\u00e9 visant la croissance et l\u2019innovation"}]},{"@type":"WebSite","@id":"https:\/\/www.rbc.com\/fr\/#website","url":"https:\/\/www.rbc.com\/fr\/","name":"RBC","description":"","potentialAction":[{"@type":"SearchAction","target":{"@type":"EntryPoint","urlTemplate":"https:\/\/www.rbc.com\/fr\/?s={search_term_string}"},"query-input":{"@type":"PropertyValueSpecification","valueRequired":true,"valueName":"search_term_string"}}],"inLanguage":"fr-FR"}]}},"parsely":{"version":"1.1.0","canonical_url":"https:\/\/rbc.com\/fr\/notre-compagnie\/histoire\/celebrating-our-history\/our-recent-past\/placer-la-barre-plus-haut-en-matiere-de-diversite-visant-la-croissance-et-linnovation\/","smart_links":{"inbound":0,"outbound":0},"traffic_boost_suggestions_count":0,"meta":{"@context":"https:\/\/schema.org","@type":"WebPage","headline":"Placer la barre plus haut en mati\u00e8re de diversit\u00e9 visant la croissance et l\u2019innovation","url":"http:\/\/www.rbc.com\/fr\/notre-compagnie\/histoire\/celebrating-our-history\/our-recent-past\/placer-la-barre-plus-haut-en-matiere-de-diversite-visant-la-croissance-et-linnovation\/","mainEntityOfPage":{"@type":"WebPage","@id":"http:\/\/www.rbc.com\/fr\/notre-compagnie\/histoire\/celebrating-our-history\/our-recent-past\/placer-la-barre-plus-haut-en-matiere-de-diversite-visant-la-croissance-et-linnovation\/"},"thumbnailUrl":"","image":{"@type":"ImageObject","url":""},"articleSection":"Uncategorized","author":[],"creator":[],"publisher":{"@type":"Organization","name":"RBC","logo":""},"keywords":[],"dateCreated":"2022-07-11T15:11:33Z","datePublished":"2022-07-11T15:11:33Z","dateModified":"2022-09-09T17:26:04Z"},"rendered":"<script type=\"application\/ld+json\" class=\"wp-parsely-metadata\">{\"@context\":\"https:\\\/\\\/schema.org\",\"@type\":\"WebPage\",\"headline\":\"Placer la barre plus haut en mati\\u00e8re de diversit\\u00e9 visant la croissance et l\\u2019innovation\",\"url\":\"http:\\\/\\\/www.rbc.com\\\/fr\\\/notre-compagnie\\\/histoire\\\/celebrating-our-history\\\/our-recent-past\\\/placer-la-barre-plus-haut-en-matiere-de-diversite-visant-la-croissance-et-linnovation\\\/\",\"mainEntityOfPage\":{\"@type\":\"WebPage\",\"@id\":\"http:\\\/\\\/www.rbc.com\\\/fr\\\/notre-compagnie\\\/histoire\\\/celebrating-our-history\\\/our-recent-past\\\/placer-la-barre-plus-haut-en-matiere-de-diversite-visant-la-croissance-et-linnovation\\\/\"},\"thumbnailUrl\":\"\",\"image\":{\"@type\":\"ImageObject\",\"url\":\"\"},\"articleSection\":\"Uncategorized\",\"author\":[],\"creator\":[],\"publisher\":{\"@type\":\"Organization\",\"name\":\"RBC\",\"logo\":\"\"},\"keywords\":[],\"dateCreated\":\"2022-07-11T15:11:33Z\",\"datePublished\":\"2022-07-11T15:11:33Z\",\"dateModified\":\"2022-09-09T17:26:04Z\"}<\/script>","tracker_url":"https:\/\/cdn.parsely.com\/keys\/rbc.com\/p.js"},"coauthors":[],"author_meta":{"author_link":"https:\/\/www.rbc.com\/fr\/author\/","display_name":""},"relative_dates":{"created":"Publi\u00e9 4 ans il y a","modified":"Mis \u00e0 jour 4 ans il y a"},"absolute_dates":{"created":"Publi\u00e9 le 11 juillet 2022","modified":"Mise \u00e0 jour le 9 septembre 2022"},"absolute_dates_time":{"created":"Publi\u00e9 le 11 juillet 2022 3:11  ","modified":"Mise \u00e0 jour le 9 septembre 2022 5:26  "},"featured_img_caption":"","featured_img":false,"series_order":"","_links":{"self":[{"href":"https:\/\/www.rbc.com\/fr\/wp-json\/wp\/v2\/pages\/259","targetHints":{"allow":["GET"]}}],"collection":[{"href":"https:\/\/www.rbc.com\/fr\/wp-json\/wp\/v2\/pages"}],"about":[{"href":"https:\/\/www.rbc.com\/fr\/wp-json\/wp\/v2\/types\/page"}],"author":[{"embeddable":true,"href":"https:\/\/www.rbc.com\/fr\/wp-json\/wp\/v2\/users\/87"}],"replies":[{"embeddable":true,"href":"https:\/\/www.rbc.com\/fr\/wp-json\/wp\/v2\/comments?post=259"}],"version-history":[{"count":10,"href":"https:\/\/www.rbc.com\/fr\/wp-json\/wp\/v2\/pages\/259\/revisions"}],"predecessor-version":[{"id":3073,"href":"https:\/\/www.rbc.com\/fr\/wp-json\/wp\/v2\/pages\/259\/revisions\/3073"}],"up":[{"embeddable":true,"href":"https:\/\/www.rbc.com\/fr\/wp-json\/wp\/v2\/pages\/17"}],"wp:attachment":[{"href":"https:\/\/www.rbc.com\/fr\/wp-json\/wp\/v2\/media?parent=259"}],"curies":[{"name":"wp","href":"https:\/\/api.w.org\/{rel}","templated":true}]}}