{"id":253,"date":"2022-07-11T15:07:00","date_gmt":"2022-07-11T15:07:00","guid":{"rendered":"https:\/\/www.rbc.com\/fr\/?page_id=253"},"modified":"2022-09-09T17:25:40","modified_gmt":"2022-09-09T17:25:40","slug":"le-village-mondial","status":"publish","type":"page","link":"https:\/\/www.rbc.com\/fr\/notre-compagnie\/histoire\/celebrating-our-history\/our-recent-past\/le-village-mondial\/","title":{"rendered":"Le village mondial"},"content":{"rendered":"\t\n\t<div class=\"wp-block-tk-spacer id-a83b6fcd-1011-427a-91b3-3db41288c3ea\" aria-hidden=\"true\"><\/div>\n\t\n\n\n<section role=\"banner\" class=\"wp-block-rbc-banner-campaign alignfull banner html-bnr none full-width\"><div class=\"section-inner campaign\"><div class=\"banner-wpr\"><div class=\"banner-img img-center lazy\" data-img=\"https:\/\/www.rbc.com\/fr\/wp-content\/uploads\/sites\/5\/2022\/08\/the-global-village-640x390-1.jpg\" data-img-id=\"1776\" style=\"background-image:url( https:\/\/www.rbc.com\/fr\/wp-content\/uploads\/sites\/5\/2022\/08\/the-global-village-640x390-1.jpg );background-position:0%,0%;background-size:cover\"><\/div><div class=\"banner-text\">\n<h2 class=\"mar-b-15 wp-block-heading\" id=\"h-le-village-mondial\">Le village mondial<\/h2>\n\n\n\n<p class=\"mar-b-0\">La Banque Royale a aussi v\u00e9cu une \u00e9volution de son r\u00f4le en raison de la mobilit\u00e9 des gens, en contribuant \u00e0 faire le pont entre leur pays d\u2019origine et leur terre d\u2019accueil. Nous avons d\u00e9ploy\u00e9 beaucoup d\u2019efforts pour accueillir de nouveaux arrivants dans nos milieux de travail, nos march\u00e9s et notre \u00e9conomie, surtout au Canada, o\u00f9 nous avons constat\u00e9 les avantages de cette strat\u00e9gie sur toute la cha\u00eene de prosp\u00e9rit\u00e9 du pays.<\/p>\n<\/div><\/div><\/div><\/section>\n\n\n\t\n\t<div class=\"wp-block-tk-spacer id-5520d16a-ccfe-449f-9b88-44ad333019a5\" aria-hidden=\"true\"><\/div>\n\t\n\n\n<section class=\"wp-block-rbc-section-block\">\n<div class=\"wp-block-rbc-section-inner-block  section-inner pad-t-0 pad-b-0\">\n<div class=\"wp-block-columns  mar-b-0 is-layout-flex wp-container-core-columns-is-layout-28f84493 wp-block-columns-is-layout-flex\">\n<div class=\"wp-block-column pad-r mob-pad-r-0 mob-mar-b-hlf is-layout-flow wp-block-column-is-layout-flow\" style=\"flex-basis:35%\">\n<div class=\"wp-block-group our-recent-past is-layout-flow wp-block-group-is-layout-flow\">\n<p class=\"mar-b-15 is-style-default default\" style=\"font-style:normal;font-weight:400\">Our Recent Past Stories<\/p>\n\n\n\n<p class=\"mar-b-15 is-style-standalone-link\" id=\"our-recent-past\" style=\"font-style:normal;font-weight:400\"><a href=\"https:\/\/www.rbc.com\/fr\/notre-compagnie\/histoire\/celebrating-our-history\/our-recent-past\" data-dig-id=\"LP-425-d757318b\" data-dig-category=\"LP\" data-dig-action=\"link click\" data-dig-label=\"Leading by Example\" class=\"rbc-link-format standalone-link\" data-icon-class=\"standalone-link\">Pr\u00eacher par l\u2019exemple<\/a><\/p>\n\n\n\n<p class=\"mar-b-15 is-style-standalone-link\" id=\"a-lere-de-la-mondialisation\"><a href=\"https:\/\/www.rbc.com\/fr\/notre-compagnie\/histoire\/celebrating-our-history\/our-recent-past\/a-lere-de-la-mondialisation\" data-dig-id=\"LP-425-2c96905a\" data-dig-category=\"LP\" data-dig-action=\"link click\" data-dig-label=\"Living in a World that Never Sleeps\" class=\"rbc-link-format standalone-link\" data-icon-class=\"standalone-link\">\u00c0 l\u2019\u00e8re de la mondialisation<\/a><\/p>\n\n\n\n<p class=\"mar-b-15 is-style-standalone-link\" id=\"le-village-mondial\"><a href=\"https:\/\/www.rbc.com\/fr\/notre-compagnie\/histoire\/celebrating-our-history\/our-recent-past\/le-village-mondial\" data-dig-id=\"LP-425-986c5e19\" data-dig-category=\"LP\" data-dig-action=\"link click\" data-dig-label=\"The Global Village\" class=\"rbc-link-format standalone-link\" data-icon-class=\"standalone-link\">Le village mondial<\/a><\/p>\n\n\n\n<p class=\"mar-b-15 is-style-standalone-link\" id=\"placer-la-barre-plus-haut-en-matiere-de-diversite-visant-la-croissance-et-linnovation\"><a href=\"https:\/\/www.rbc.com\/fr\/notre-compagnie\/histoire\/celebrating-our-history\/our-recent-past\/placer-la-barre-plus-haut-en-matiere-de-diversite-visant-la-croissance-et-linnovation\" data-dig-id=\"LP-425-d568ae2d\" data-dig-category=\"LP\" data-dig-action=\"link click\" data-dig-label=\"Raising the Bar on Diversity for Growth and Innovation\" class=\"rbc-link-format standalone-link\" data-icon-class=\"standalone-link\">Placer la barre plus haut en mati\u00e8re de diversit\u00e9 visant la croissance et l\u2019innovation<\/a><\/p>\n\n\n\n<p class=\"mar-b-15 is-style-standalone-link\" id=\"etablir-un-plan-davenir\"><a href=\"https:\/\/www.rbc.com\/fr\/notre-compagnie\/histoire\/celebrating-our-history\/our-recent-past\/etablir-un-plan-davenir\" data-dig-id=\"LP-265-010d5611\" data-dig-category=\"LP\" data-dig-action=\"link click\" data-dig-label=\"www.rbc.com\/fr\/notre-compagnie\/histoire\/celebrating-our-history\/our-recent-past\/etablir-un-plan-davenir\/\" class=\"rbc-link-format standalone-link\" data-icon-class=\"standalone-link\">\u00c9tablir un plan d\u2019avenir<\/a><\/p>\n<\/div>\n<\/div>\n\n\n\n<div class=\"wp-block-column is-layout-flow wp-block-column-is-layout-flow\">\n<p>Les d\u00e9fis avec lesquels doivent composer les nouveaux arrivants sont souvent li\u00e9s aux finances. C\u2019est pourquoi la Banque a con\u00e7u \u00e0 leur intention des produits et des services essentiels au cours des premi\u00e8res semaines et des premiers mois de leur \u00e9tablissement, et pour assurer une \u00e9ducation de qualit\u00e9 \u00e0 leurs enfants. Nous avons encourag\u00e9 d\u2019autres organisations \u00e0 contribuer, comme nous, \u00e0 faire du Canada une destination de choix pour les meilleurs talents au monde, o\u00f9 tous peuvent r\u00e9aliser leur plein potentiel comme employ\u00e9s, propri\u00e9taires d\u2019entreprise, clients ou voisins.<\/p>\n<\/div>\n<\/div>\n<\/div>\n<\/section>\n\n\n\t\n\t<div class=\"wp-block-tk-spacer id-4f27362f-f868-422d-a18c-dcc01fca77ef\" aria-hidden=\"true\"><\/div>\n\t<style class=\"advgb-styles-renderer\">\n\t\t.wp-block-tk-spacer.id-a83b6fcd-1011-427a-91b3-3db41288c3ea {\n\t\theight: 25px;\n\t}\n\n\t@media ( max-width: 480px ) {\n\t\t.wp-block-tk-spacer.id-a83b6fcd-1011-427a-91b3-3db41288c3ea {\n\t\t\theight: 25px;\n\t\t}\n\t}\t\n\t\t.wp-block-tk-spacer.id-5520d16a-ccfe-449f-9b88-44ad333019a5 {\n\t\theight: 49px;\n\t}\n\n\t@media ( max-width: 480px ) {\n\t\t.wp-block-tk-spacer.id-5520d16a-ccfe-449f-9b88-44ad333019a5 {\n\t\t\theight: 30px;\n\t\t}\n\t}\t\n\t\t.wp-block-tk-spacer.id-4f27362f-f868-422d-a18c-dcc01fca77ef {\n\t\theight: 120px;\n\t}\n\n\t@media ( max-width: 480px ) {\n\t\t.wp-block-tk-spacer.id-4f27362f-f868-422d-a18c-dcc01fca77ef {\n\t\t\theight: 60px;\n\t\t}\n\t}\t<\/style>","protected":false},"excerpt":{"rendered":"","protected":false},"author":87,"featured_media":0,"parent":17,"menu_order":0,"comment_status":"closed","ping_status":"closed","template":"","meta":{"_acf_changed":false,"disable_focal_point":true,"featured_image_focal_point":{"x":0.5,"y":0.5},"advgb_blocks_editor_width":"","advgb_blocks_columns_visual_guide":"","footnotes":""},"class_list":["post-253","page","type-page","status-publish","hentry"],"acf":[],"yoast_head":"<!-- This site is optimized with the Yoast SEO Premium plugin v27.4 (Yoast SEO v27.4) - https:\/\/yoast.com\/product\/yoast-seo-premium-wordpress\/ -->\n<title>Le village mondial - RBC<\/title>\n<meta name=\"robots\" content=\"index, follow, max-snippet:-1, max-image-preview:large, max-video-preview:-1\" \/>\n<link rel=\"canonical\" href=\"https:\/\/www.rbc.com\/fr\/notre-compagnie\/histoire\/celebrating-our-history\/our-recent-past\/le-village-mondial\/\" \/>\n<meta property=\"og:locale\" content=\"fr_FR\" \/>\n<meta property=\"og:type\" content=\"article\" \/>\n<meta property=\"og:title\" content=\"Le village mondial - RBC\" \/>\n<meta property=\"og:url\" content=\"https:\/\/www.rbc.com\/fr\/notre-compagnie\/histoire\/celebrating-our-history\/our-recent-past\/le-village-mondial\/\" \/>\n<meta property=\"og:site_name\" content=\"RBC\" \/>\n<meta property=\"article:modified_time\" content=\"2022-09-09T17:25:40+00:00\" \/>\n<meta name=\"twitter:card\" content=\"summary_large_image\" \/>\n<meta name=\"twitter:label1\" content=\"Est. reading time\" \/>\n\t<meta name=\"twitter:data1\" content=\"1 minute\" \/>\n<script type=\"application\/ld+json\" class=\"yoast-schema-graph\">{\"@context\":\"https:\\\/\\\/schema.org\",\"@graph\":[{\"@type\":\"WebPage\",\"@id\":\"https:\\\/\\\/www.rbc.com\\\/fr\\\/notre-compagnie\\\/histoire\\\/celebrating-our-history\\\/our-recent-past\\\/le-village-mondial\\\/\",\"url\":\"https:\\\/\\\/www.rbc.com\\\/fr\\\/notre-compagnie\\\/histoire\\\/celebrating-our-history\\\/our-recent-past\\\/le-village-mondial\\\/\",\"name\":\"Le village mondial - RBC\",\"isPartOf\":{\"@id\":\"https:\\\/\\\/www.rbc.com\\\/fr\\\/#website\"},\"datePublished\":\"2022-07-11T15:07:00+00:00\",\"dateModified\":\"2022-09-09T17:25:40+00:00\",\"breadcrumb\":{\"@id\":\"https:\\\/\\\/www.rbc.com\\\/fr\\\/notre-compagnie\\\/histoire\\\/celebrating-our-history\\\/our-recent-past\\\/le-village-mondial\\\/#breadcrumb\"},\"inLanguage\":\"fr-FR\",\"potentialAction\":[{\"@type\":\"ReadAction\",\"target\":[\"https:\\\/\\\/www.rbc.com\\\/fr\\\/notre-compagnie\\\/histoire\\\/celebrating-our-history\\\/our-recent-past\\\/le-village-mondial\\\/\"]}]},{\"@type\":\"BreadcrumbList\",\"@id\":\"https:\\\/\\\/www.rbc.com\\\/fr\\\/notre-compagnie\\\/histoire\\\/celebrating-our-history\\\/our-recent-past\\\/le-village-mondial\\\/#breadcrumb\",\"itemListElement\":[{\"@type\":\"ListItem\",\"position\":1,\"name\":\"Notre Compagnie\",\"item\":\"https:\\\/\\\/www.rbc.com\\\/fr\\\/notre-compagnie\\\/\"},{\"@type\":\"ListItem\",\"position\":2,\"name\":\"Histoire\",\"item\":\"https:\\\/\\\/www.rbc.com\\\/fr\\\/notre-compagnie\\\/histoire\\\/\"},{\"@type\":\"ListItem\",\"position\":3,\"name\":\"C\u00e9l\u00e9brons notre histoire\",\"item\":\"https:\\\/\\\/www.rbc.com\\\/fr\\\/notre-compagnie\\\/histoire\\\/celebrating-our-history\\\/\"},{\"@type\":\"ListItem\",\"position\":4,\"name\":\"Notre histoire r\u00e9cente\",\"item\":\"https:\\\/\\\/www.rbc.com\\\/fr\\\/notre-compagnie\\\/histoire\\\/celebrating-our-history\\\/our-recent-past\\\/\"},{\"@type\":\"ListItem\",\"position\":5,\"name\":\"Le village mondial\"}]},{\"@type\":\"WebSite\",\"@id\":\"https:\\\/\\\/www.rbc.com\\\/fr\\\/#website\",\"url\":\"https:\\\/\\\/www.rbc.com\\\/fr\\\/\",\"name\":\"RBC\",\"description\":\"\",\"potentialAction\":[{\"@type\":\"SearchAction\",\"target\":{\"@type\":\"EntryPoint\",\"urlTemplate\":\"https:\\\/\\\/www.rbc.com\\\/fr\\\/?s={search_term_string}\"},\"query-input\":{\"@type\":\"PropertyValueSpecification\",\"valueRequired\":true,\"valueName\":\"search_term_string\"}}],\"inLanguage\":\"fr-FR\"}]}<\/script>\n<!-- \/ Yoast SEO Premium plugin. -->","yoast_head_json":{"title":"Le village mondial - RBC","robots":{"index":"index","follow":"follow","max-snippet":"max-snippet:-1","max-image-preview":"max-image-preview:large","max-video-preview":"max-video-preview:-1"},"canonical":"https:\/\/www.rbc.com\/fr\/notre-compagnie\/histoire\/celebrating-our-history\/our-recent-past\/le-village-mondial\/","og_locale":"fr_FR","og_type":"article","og_title":"Le village mondial - RBC","og_url":"https:\/\/www.rbc.com\/fr\/notre-compagnie\/histoire\/celebrating-our-history\/our-recent-past\/le-village-mondial\/","og_site_name":"RBC","article_modified_time":"2022-09-09T17:25:40+00:00","twitter_card":"summary_large_image","twitter_misc":{"Est. reading time":"1 minute"},"schema":{"@context":"https:\/\/schema.org","@graph":[{"@type":"WebPage","@id":"https:\/\/www.rbc.com\/fr\/notre-compagnie\/histoire\/celebrating-our-history\/our-recent-past\/le-village-mondial\/","url":"https:\/\/www.rbc.com\/fr\/notre-compagnie\/histoire\/celebrating-our-history\/our-recent-past\/le-village-mondial\/","name":"Le village mondial - RBC","isPartOf":{"@id":"https:\/\/www.rbc.com\/fr\/#website"},"datePublished":"2022-07-11T15:07:00+00:00","dateModified":"2022-09-09T17:25:40+00:00","breadcrumb":{"@id":"https:\/\/www.rbc.com\/fr\/notre-compagnie\/histoire\/celebrating-our-history\/our-recent-past\/le-village-mondial\/#breadcrumb"},"inLanguage":"fr-FR","potentialAction":[{"@type":"ReadAction","target":["https:\/\/www.rbc.com\/fr\/notre-compagnie\/histoire\/celebrating-our-history\/our-recent-past\/le-village-mondial\/"]}]},{"@type":"BreadcrumbList","@id":"https:\/\/www.rbc.com\/fr\/notre-compagnie\/histoire\/celebrating-our-history\/our-recent-past\/le-village-mondial\/#breadcrumb","itemListElement":[{"@type":"ListItem","position":1,"name":"Notre Compagnie","item":"https:\/\/www.rbc.com\/fr\/notre-compagnie\/"},{"@type":"ListItem","position":2,"name":"Histoire","item":"https:\/\/www.rbc.com\/fr\/notre-compagnie\/histoire\/"},{"@type":"ListItem","position":3,"name":"C\u00e9l\u00e9brons notre histoire","item":"https:\/\/www.rbc.com\/fr\/notre-compagnie\/histoire\/celebrating-our-history\/"},{"@type":"ListItem","position":4,"name":"Notre histoire r\u00e9cente","item":"https:\/\/www.rbc.com\/fr\/notre-compagnie\/histoire\/celebrating-our-history\/our-recent-past\/"},{"@type":"ListItem","position":5,"name":"Le village mondial"}]},{"@type":"WebSite","@id":"https:\/\/www.rbc.com\/fr\/#website","url":"https:\/\/www.rbc.com\/fr\/","name":"RBC","description":"","potentialAction":[{"@type":"SearchAction","target":{"@type":"EntryPoint","urlTemplate":"https:\/\/www.rbc.com\/fr\/?s={search_term_string}"},"query-input":{"@type":"PropertyValueSpecification","valueRequired":true,"valueName":"search_term_string"}}],"inLanguage":"fr-FR"}]}},"parsely":{"version":"1.1.0","canonical_url":"https:\/\/rbc.com\/fr\/notre-compagnie\/histoire\/celebrating-our-history\/our-recent-past\/le-village-mondial\/","smart_links":{"inbound":0,"outbound":0},"traffic_boost_suggestions_count":0,"meta":{"@context":"https:\/\/schema.org","@type":"WebPage","headline":"Le village mondial","url":"http:\/\/www.rbc.com\/fr\/notre-compagnie\/histoire\/celebrating-our-history\/our-recent-past\/le-village-mondial\/","mainEntityOfPage":{"@type":"WebPage","@id":"http:\/\/www.rbc.com\/fr\/notre-compagnie\/histoire\/celebrating-our-history\/our-recent-past\/le-village-mondial\/"},"thumbnailUrl":"","image":{"@type":"ImageObject","url":""},"articleSection":"Uncategorized","author":[],"creator":[],"publisher":{"@type":"Organization","name":"RBC","logo":""},"keywords":[],"dateCreated":"2022-07-11T15:07:00Z","datePublished":"2022-07-11T15:07:00Z","dateModified":"2022-09-09T17:25:40Z"},"rendered":"<script type=\"application\/ld+json\" class=\"wp-parsely-metadata\">{\"@context\":\"https:\\\/\\\/schema.org\",\"@type\":\"WebPage\",\"headline\":\"Le village mondial\",\"url\":\"http:\\\/\\\/www.rbc.com\\\/fr\\\/notre-compagnie\\\/histoire\\\/celebrating-our-history\\\/our-recent-past\\\/le-village-mondial\\\/\",\"mainEntityOfPage\":{\"@type\":\"WebPage\",\"@id\":\"http:\\\/\\\/www.rbc.com\\\/fr\\\/notre-compagnie\\\/histoire\\\/celebrating-our-history\\\/our-recent-past\\\/le-village-mondial\\\/\"},\"thumbnailUrl\":\"\",\"image\":{\"@type\":\"ImageObject\",\"url\":\"\"},\"articleSection\":\"Uncategorized\",\"author\":[],\"creator\":[],\"publisher\":{\"@type\":\"Organization\",\"name\":\"RBC\",\"logo\":\"\"},\"keywords\":[],\"dateCreated\":\"2022-07-11T15:07:00Z\",\"datePublished\":\"2022-07-11T15:07:00Z\",\"dateModified\":\"2022-09-09T17:25:40Z\"}<\/script>","tracker_url":"https:\/\/cdn.parsely.com\/keys\/rbc.com\/p.js"},"coauthors":[],"author_meta":{"author_link":"https:\/\/www.rbc.com\/fr\/author\/","display_name":""},"relative_dates":{"created":"Publi\u00e9 4 ans il y a","modified":"Mis \u00e0 jour 4 ans il y a"},"absolute_dates":{"created":"Publi\u00e9 le 11 juillet 2022","modified":"Mise \u00e0 jour le 9 septembre 2022"},"absolute_dates_time":{"created":"Publi\u00e9 le 11 juillet 2022 3:07  ","modified":"Mise \u00e0 jour le 9 septembre 2022 5:25  "},"featured_img_caption":"","featured_img":false,"series_order":"","_links":{"self":[{"href":"https:\/\/www.rbc.com\/fr\/wp-json\/wp\/v2\/pages\/253","targetHints":{"allow":["GET"]}}],"collection":[{"href":"https:\/\/www.rbc.com\/fr\/wp-json\/wp\/v2\/pages"}],"about":[{"href":"https:\/\/www.rbc.com\/fr\/wp-json\/wp\/v2\/types\/page"}],"author":[{"embeddable":true,"href":"https:\/\/www.rbc.com\/fr\/wp-json\/wp\/v2\/users\/87"}],"replies":[{"embeddable":true,"href":"https:\/\/www.rbc.com\/fr\/wp-json\/wp\/v2\/comments?post=253"}],"version-history":[{"count":10,"href":"https:\/\/www.rbc.com\/fr\/wp-json\/wp\/v2\/pages\/253\/revisions"}],"predecessor-version":[{"id":3072,"href":"https:\/\/www.rbc.com\/fr\/wp-json\/wp\/v2\/pages\/253\/revisions\/3072"}],"up":[{"embeddable":true,"href":"https:\/\/www.rbc.com\/fr\/wp-json\/wp\/v2\/pages\/17"}],"wp:attachment":[{"href":"https:\/\/www.rbc.com\/fr\/wp-json\/wp\/v2\/media?parent=253"}],"curies":[{"name":"wp","href":"https:\/\/api.w.org\/{rel}","templated":true}]}}