{"id":25,"date":"2022-07-08T14:42:40","date_gmt":"2022-07-08T14:42:40","guid":{"rendered":"https:\/\/www.rbc.com\/fr\/?page_id=25"},"modified":"2022-11-15T01:53:02","modified_gmt":"2022-11-15T01:53:02","slug":"in-remembrance","status":"publish","type":"page","link":"https:\/\/www.rbc.com\/fr\/notre-compagnie\/histoire\/celebrating-our-history\/in-remembrance\/","title":{"rendered":"En souvenir"},"content":{"rendered":"\n<section role=\"banner\" class=\"wp-block-rbc-banner-campaign alignfull banner html-bnr none full-width mar-b-0\"><div class=\"section-inner campaign\"><div class=\"banner-wpr\"><div class=\"banner-img img-center lazy\" data-img=\"https:\/\/www.rbc.com\/fr\/wp-content\/uploads\/sites\/5\/2022\/08\/Farnham-Military-Camp-1941_-In_Remem..Homepage-1.jpg\" data-img-id=\"1760\" style=\"background-image:url( https:\/\/www.rbc.com\/fr\/wp-content\/uploads\/sites\/5\/2022\/08\/Farnham-Military-Camp-1941_-In_Remem..Homepage-1.jpg );background-position:0%,0%;background-size:cover\"><\/div><div class=\"banner-text\">\n<h2 class=\"mar-b-hlf wp-block-heading\" id=\"h-en-souvenir\">En souvenir<\/h2>\n\n\n\n<p>Les calendriers perp\u00e9tuels muraux de la Banque Royale ont voyag\u00e9 partout dans le monde pendant la Seconde Guerre mondiale.<\/p>\n<\/div><\/div><\/div><\/section>\n\n\n\n<section class=\"wp-block-rbc-section-block\">\n<div class=\"wp-block-rbc-section-inner-block  section-inner pad-t-0 pad-b-0\">\n<div class=\"wp-block-group is-layout-constrained wp-container-core-group-is-layout-768a3b20 wp-block-group-is-layout-constrained\">\t\n\t<div class=\"wp-block-tk-spacer id-4fb35774-eefc-4746-85bf-846e0b494176\" aria-hidden=\"true\"><\/div>\n\t\n\n\n<h2 class=\"mar-b wp-block-heading\" id=\"h-premiere-guerre-mondiale\">Premi\u00e8re Guerre mondiale<\/h2>\n\n\n\n<p class=\"mar-b-hlf\">D\u00e8s la d\u00e9claration de guerre, beaucoup d\u2019employ\u00e9s de la Banque Royale se sont imm\u00e9diatement engag\u00e9s. Au d\u00e9but, ils ont obtenu un cong\u00e9 assorti d\u2019une indemnit\u00e9 et d\u2019une garantie de r\u00e9int\u00e9gration \u00e0 leur retour. Apr\u00e8s septembre 1915, les membres du personnel durent d\u00e9missionner. La r\u00e9embauche leur \u00e9tait garantie si leurs services pouvaient \u00eatre utilis\u00e9s.<\/p>\n\n\n\n<p class=\"mar-b-hlf\">La poursuite des engagements, conjugu\u00e9e \u00e0 l\u2019expansion continue de l\u2019entreprise, cr\u00e9a progressivement des probl\u00e8mes aigus de personnel et la Banque Royale dut faire appel \u00e0 des femmes comme commis aux op\u00e9rations bancaires, \u00e9tant entendu qu\u2019elles seraient remplac\u00e9es par les soldats \u00e0 leur retour du front. Cela marqua un changement fondamental pour la Banque, car les femmes n\u2019avaient auparavant \u00e9t\u00e9 employ\u00e9es qu\u2019\u00e0 titre de st\u00e9nographes et de commis au classement.<\/p>\n\n\n\n<p class=\"mar-b-hlf\">Pr\u00e8s de <a href=\"https:\/\/www.rbc.com\/fr\/notre-compagnie\/histoire\/celebrating-our-history\/in-remembrance\/enlisted-staff\/#section-content-65799dc3\" data-dig-id=\"LP-25-92ef3d3b\" data-dig-category=\"LP\" data-dig-action=\"link click\" data-dig-label=\"1 500 membres du personnel de la Banque Royale se sont engag\u00e9s\" class=\"rbc-link-format\">1 500 membres du personnel de la Banque Royale se sont engag\u00e9s<\/a> dans le service actif. Parmi ceux-ci, plus de 300 employ\u00e9s ont perdu la vie. Parmi les anciens qui revinrent \u00e0 la Banque figure l\u2019\u00e9minent po\u00e8te canadien, Francis Sherman, qui s\u2019\u00e9tait engag\u00e9 en 1915 et a repris du service \u00e0 la Banque en 1919.<\/p>\n\n\n\n<p class=\"mar-b-dbl\">En 1928, la Banque a rendu hommage aux <a href=\"https:\/\/www.rbc.com\/fr\/notre-compagnie\/histoire\/celebrating-our-history\/in-remembrance\/enlisted-staff\/#section-content-c51c7613\" data-dig-id=\"LP-25-a45b0b38\" data-dig-category=\"LP\" data-dig-action=\"link click\" data-dig-label=\"employ\u00e9s morts\" class=\"rbc-link-format\">employ\u00e9s morts<\/a> ou disparus sur les champs de bataille en \u00e9rigeant de <a href=\"https:\/\/www.rbc.com\/fr\/notre-compagnie\/histoire\/celebrating-our-history\/in-remembrance\/enlisted-staff\/#section-content-670e4d15\" data-dig-id=\"LP-25-e87a0955\" data-dig-category=\"LP\" data-dig-action=\"link click\" data-dig-label=\"grandes plaques commemoratives\" class=\"rbc-link-format\">grandes plaques commemoratives<\/a> dans le nouveau b\u00e2timent du Si\u00e8ge social situ\u00e9 au 360, rue Saint-Jacques, \u00e0 Montr\u00e9al.<\/p>\n\n\n\n<div class=\"wp-block-columns is-layout-flex wp-container-core-columns-is-layout-28f84493 wp-block-columns-is-layout-flex\">\n<div class=\"wp-block-column pad-r mob-pad-r-0 mob-mar-b-hlf is-layout-flow wp-block-column-is-layout-flow\" style=\"flex-basis:300px\">\n<figure class=\"wp-block-image size-large is-resized\"><img loading=\"lazy\" decoding=\"async\" src=\"https:\/\/www.rbc.com\/fr\/wp-content\/uploads\/sites\/5\/2022\/08\/Arundell-tablet_page-8_figma-file.jpg?w=1024\" alt=\"\" class=\"wp-image-1797\" width=\"1024\" height=\"521\" srcset=\"https:\/\/www.rbc.com\/fr\/wp-content\/uploads\/sites\/5\/2022\/08\/Arundell-tablet_page-8_figma-file.jpg 2922w, https:\/\/www.rbc.com\/fr\/wp-content\/uploads\/sites\/5\/2022\/08\/Arundell-tablet_page-8_figma-file.jpg?resize=300,153 300w, https:\/\/www.rbc.com\/fr\/wp-content\/uploads\/sites\/5\/2022\/08\/Arundell-tablet_page-8_figma-file.jpg?resize=768,391 768w, https:\/\/www.rbc.com\/fr\/wp-content\/uploads\/sites\/5\/2022\/08\/Arundell-tablet_page-8_figma-file.jpg?resize=1024,521 1024w, https:\/\/www.rbc.com\/fr\/wp-content\/uploads\/sites\/5\/2022\/08\/Arundell-tablet_page-8_figma-file.jpg?resize=1536,782 1536w, https:\/\/www.rbc.com\/fr\/wp-content\/uploads\/sites\/5\/2022\/08\/Arundell-tablet_page-8_figma-file.jpg?resize=2048,1043 2048w\" sizes=\"auto, (max-width: 1024px) 100vw, 1024px\" \/><\/figure>\n<\/div>\n\n\n\n<div class=\"wp-block-column is-layout-flow wp-block-column-is-layout-flow\" style=\"flex-basis:66.66%\">\n<h3 class=\"mar-b-hlf wp-block-heading\" id=\"h-a-la-memoire\">\u00c0 la m\u00e9moire<\/h3>\n\n\n\n<p>\u00c0 la m\u00e9moire de John d\u2019A.H. Arundell, de la succursale principale de Montr\u00e9al. Cent douze plaques de bronze semblables portant le nom des 191 employ\u00e9s de la Banque Royale qui ont donn\u00e9 leur vie pendant la Premi\u00e8re Guerre mondiale ont \u00e9t\u00e9 pos\u00e9es dans des succursales un peu partout au Canada en hommage posthume.<\/p>\n<\/div>\n<\/div>\n\n\n\t\n\t<div class=\"wp-block-tk-spacer id-fdca18a5-b24c-435d-836e-11b2058afa6a\" aria-hidden=\"true\"><\/div>\n\t\n\n\n<h2 class=\"mar-b wp-block-heading\" id=\"h-seconde-guerre-mondiale\">Seconde Guerre mondiale<\/h2>\n\n\n\n<p class=\"mar-b-hlf\">D\u00e8s le d\u00e9clenchement de la guerre, de nombreux employ\u00e9s de la Banque s\u2019engag\u00e8rent dans les forces arm\u00e9es et continu\u00e8rent de s\u2019engager pendant toute la dur\u00e9e du conflit. De tous les hommes employ\u00e9s de la Banque Royale en \u00e2ge de combattre, au Canada et \u00e0 Terre-Neuve, 74 % s\u2019enr\u00f4l\u00e8rent. La Banque Royale accorda \u00e0 tous un cong\u00e9 assorti d\u2019une garantie de r\u00e9int\u00e9gration dans leur poste \u00e0 leur retour.<\/p>\n\n\n\n<p class=\"mar-b-hlf\">Deux cent deux<a href=\"https:\/\/www.rbc.com\/fr\/notre-compagnie\/histoire\/celebrating-our-history\/in-remembrance\/enlisted-staff\/#section-content-cd1afd8b\" data-dig-id=\"LP-25-491e67b2\" data-dig-category=\"LP\" data-dig-action=\"link click\" data-dig-label=\" employ\u00e9s de la Banque Royale qui s\u2019\u00e9taient engag\u00e9s\" class=\"rbc-link-format\"> employ\u00e9s de la Banque Royale qui s\u2019\u00e9taient engag\u00e9s<\/a> furent tu\u00e9s ou p\u00e9rirent en service actif. De nombreux membres du personnel ont obtenu un grade \u00e9lev\u00e9 et maintes d\u00e9corations pour leur bravoure. En plus de l\u2019effectif engag\u00e9, la Banque Royale a d\u00e9tach\u00e9 plusieurs membres du personnel aupr\u00e8s d\u2019organismes soutenant l\u2019effort de guerre et de minist\u00e8res, notamment le pr\u00e9sident de la Banque, Morris W. Wilson, pr\u00e9sident du conseil britannique des approvisionnements en Am\u00e9rique du Nord, et le directeur g\u00e9n\u00e9ral adjoint de la Banque, S.R. Noble, vice-pr\u00e9sident de la Commodity Prices Stabilization Corporation Limited et conseiller sp\u00e9cial aupr\u00e8s de la Commission des prix et du commerce en temps de guerre.<\/p>\n\n\n\n<p class=\"mar-b-hlf\">Les activit\u00e9s du bureau de la Banque Royale \u00e0 Paris, en France, chut\u00e8rent \u00e0 des niveaux n\u00e9gligeables pendant la guerre. Les locaux de la Banque furent occup\u00e9s par les forces allemandes, qui install\u00e8rent une banque du Reich au rez-de-chauss\u00e9e. Les employ\u00e9s des deux succursales de la Banque Royale \u00e0 Londres, en Angleterre, firent l\u2019admiration de leurs coll\u00e8gues pour la mani\u00e8re dont ils ont maintenu les activit\u00e9s pendant toute la guerre. La succursale West End fut d\u2019ailleurs le lieu de rencontre non seulement du personnel de la Banque Royale, mais aussi des soldats canadiens en poste outre-mer.<\/p>\n\n\n\n<p class=\"mar-b-hlf\">La plupart des employ\u00e9s qui revinrent du front r\u00e9int\u00e9gr\u00e8rent le service de la Banque, alors que certains obtinrent un cong\u00e9 suppl\u00e9mentaire pour suivre des cours \u00e0 l\u2019universit\u00e9. Certains ont plus tard occup\u00e9 des postes de haute direction \u00e0 la Banque, notamment J.K. Finlayson, pr\u00e9sident de la Banque Royale de 1980 \u00e0 1983, et Rowland C. Frazee, pr\u00e9sident du Conseil d\u2019administration de la Banque Royale de 1980 \u00e0 1986.<br>La composition du personnel de la Banque subit un changement remarquable entre le d\u00e9but et la fin de la guerre. \u00c0 son d\u00e9clenchement, les hommes, au nombre de 4 112, repr\u00e9sentaient 79 % du personnel, alors qu\u2019il n\u2019y avait que 1 094 femmes. \u00c0 la fin de la guerre, le nombre de femmes atteignait 4 639, soit 70 % de l\u2019effectif, alors que les hommes n\u2019\u00e9taient que 2 038. Non seulement les femmes ont pris le relais des hommes partis au front, mais elles ont aussi combl\u00e9 les besoins d\u2019effectifs suppl\u00e9mentaires de la Banque pour traiter le volume accru d\u2019activit\u00e9 suscit\u00e9 par la guerre.<\/p>\n\n\n\n<p class=\"mar-b-hlf\">Tout au long de la guerre, la Banque Royale publia un <a href=\"https:\/\/www.rbc.com\/fr\/notre-compagnie\/histoire\/celebrating-our-history\/in-remembrance\/enlisted-staff\/#section-content-6d497309\" data-dig-id=\"LP-25-ac4c2d45\" data-dig-category=\"LP\" data-dig-action=\"link click\" data-dig-label=\"tableau d\u2019honneur\" class=\"rbc-link-format\">tableau d\u2019honneur<\/a> \u00e0 la m\u00e9moire de ceux qui perdirent la vie. \u00c0 la fin de la guerre, elle mit en place des certificats de service sous les drapeaux encadr\u00e9s dans chaque succursale, dressant la liste de tous les membres de son personnel qui s\u2019\u00e9taient port\u00e9s volontaires pour le service actif au sein des forces combattantes du Canada. Employ\u00e9s de la Banque Royale qui ont donn\u00e9 leur vie pendant la Seconde Guerre mondiale (1939-1945).<\/p>\n\n\n\t\n\t<div class=\"wp-block-tk-spacer id-c6d5a72e-cab1-484a-ba6a-c8ba0a34027a\" aria-hidden=\"true\"><\/div>\n\t\n\n\n<div class=\"wp-block-columns is-layout-flex wp-container-core-columns-is-layout-28f84493 wp-block-columns-is-layout-flex\">\n<div class=\"wp-block-column pad-r mob-pad-r-0 mob-mar-b-hlf is-layout-flow wp-block-column-is-layout-flow\" style=\"flex-basis:300px\">\n<figure class=\"wp-block-image size-large\"><img decoding=\"async\" src=\"https:\/\/wpvip-rbcroyalbank-com-pre-develop.go-vip.net\/en\/wp-content\/uploads\/sites\/4\/2022\/06\/image-21.png?w=270\" alt=\"in-remembrance-2\" class=\"wp-image-723\" \/><\/figure>\n<\/div>\n\n\n\n<div class=\"wp-block-column is-layout-flow wp-block-column-is-layout-flow\" style=\"flex-basis:66.66%\">\n<h3 class=\"mar-b-hlf wp-block-heading\" id=\"h-royal-bank-of-canada-certificate-of-active-war-service-1945\">Royal Bank of Canada certificate of active war service, 1945<\/h3>\n\n\n\n<p>Sherbrooke &amp; Hampton branch, Montreal, certificate. Similar certificates were exhibited in most branches to commemorate and honour those employees who volunteered for active service during the Second World War.<\/p>\n<\/div>\n<\/div>\n\n\n\t\n\t<div class=\"wp-block-tk-spacer id-8a837193-fd9e-49a7-b81d-7e9725a1c5d3\" aria-hidden=\"true\"><\/div>\n\t<\/div>\n<\/div>\n<\/section>\n\n\n\n<section class=\"wp-block-rbc-section-block section-cool-white  alignfull pad-t-dbl mob-pad-t pad-b-dbl mob-pad-b\">\n<div class=\"wp-block-rbc-section-inner-block  section-inner pad-t-dbl mob-pad-t pad-b-dbl mob-pad-b\">\n<div class=\"wp-block-group is-layout-constrained wp-container-core-group-is-layout-c6de0ae1 wp-block-group-is-layout-constrained\">\n<h2 class=\"has-text-align-center mar-b wp-block-heading\" id=\"h-employes-enroles\">Employ\u00e9s enr\u00f4l\u00e9s<\/h2>\n\n\n\n<p class=\"has-text-align-left mar-b\">Liste des employ\u00e9s de la Banque Royale et de l&rsquo;Union Banque du Canada en service actif pendant la Premi\u00e8re et la Seconde Guerre mondiale.<\/p>\n\n\n\n<p class=\"has-text-align-center\"><a href=\"https:\/\/www.rbc.com\/fr\/notre-compagnie\/histoire\/celebrating-our-history\/in-remembrance\/enlisted-staff\/\" data-dig-id=\"LP-25-53fd3826\" data-dig-category=\"LP\" data-dig-action=\"link click\" data-dig-label=\"Voir la liste du employ\u00e9s enr\u00f4l\u00e9 de guerre\" class=\"rbc-link-format\">Voir la liste du employ\u00e9s enr\u00f4l\u00e9 de guerre<\/a><\/p>\n<\/div>\n<\/div>\n<\/section>\n<style class=\"advgb-styles-renderer\">\n\t\t.wp-block-tk-spacer.id-4fb35774-eefc-4746-85bf-846e0b494176 {\n\t\theight: 120px;\n\t}\n\n\t@media ( max-width: 480px ) {\n\t\t.wp-block-tk-spacer.id-4fb35774-eefc-4746-85bf-846e0b494176 {\n\t\t\theight: 60px;\n\t\t}\n\t}\t\n\t\t.wp-block-tk-spacer.id-fdca18a5-b24c-435d-836e-11b2058afa6a {\n\t\theight: 120px;\n\t}\n\n\t@media ( max-width: 480px ) {\n\t\t.wp-block-tk-spacer.id-fdca18a5-b24c-435d-836e-11b2058afa6a {\n\t\t\theight: 60px;\n\t\t}\n\t}\t\n\t\t.wp-block-tk-spacer.id-c6d5a72e-cab1-484a-ba6a-c8ba0a34027a {\n\t\theight: 120px;\n\t}\n\n\t@media ( max-width: 480px ) {\n\t\t.wp-block-tk-spacer.id-c6d5a72e-cab1-484a-ba6a-c8ba0a34027a {\n\t\t\theight: 60px;\n\t\t}\n\t}\t\n\t\t.wp-block-tk-spacer.id-8a837193-fd9e-49a7-b81d-7e9725a1c5d3 {\n\t\theight: 120px;\n\t}\n\n\t@media ( max-width: 480px ) {\n\t\t.wp-block-tk-spacer.id-8a837193-fd9e-49a7-b81d-7e9725a1c5d3 {\n\t\t\theight: 60px;\n\t\t}\n\t}\t<\/style>","protected":false},"excerpt":{"rendered":"<p>Cette section est consacr\u00e9e \u00e0 tous les employ\u00e9s de la Banque Royale du Canada qui ont servi pendant la Premi\u00e8re et la Seconde Guerre mondiale, ainsi qu\u2019aux employ\u00e9s qui ont contribu\u00e9 \u00e0 l\u2019effort de guerre au pays.<\/p>\n","protected":false},"author":87,"featured_media":0,"parent":15,"menu_order":0,"comment_status":"closed","ping_status":"closed","template":"","meta":{"_acf_changed":false,"disable_focal_point":true,"featured_image_focal_point":{"x":0.5,"y":0.5},"advgb_blocks_editor_width":"","advgb_blocks_columns_visual_guide":"","footnotes":""},"class_list":["post-25","page","type-page","status-publish","hentry"],"acf":[],"yoast_head":"<!-- This site is optimized with the Yoast SEO Premium plugin v27.2 (Yoast SEO v27.2) - https:\/\/yoast.com\/product\/yoast-seo-premium-wordpress\/ -->\n<title>En souvenir - RBC<\/title>\n<meta name=\"robots\" content=\"index, follow, max-snippet:-1, max-image-preview:large, max-video-preview:-1\" \/>\n<link rel=\"canonical\" href=\"https:\/\/www.rbc.com\/fr\/notre-compagnie\/histoire\/celebrating-our-history\/in-remembrance\/\" \/>\n<meta property=\"og:locale\" content=\"fr_FR\" \/>\n<meta property=\"og:type\" content=\"article\" \/>\n<meta property=\"og:title\" content=\"En souvenir - RBC\" \/>\n<meta property=\"og:description\" content=\"Cette section est consacr\u00e9e \u00e0 tous les employ\u00e9s de la Banque Royale du Canada qui ont servi pendant la Premi\u00e8re et la Seconde Guerre mondiale, ainsi qu\u2019aux employ\u00e9s qui ont contribu\u00e9 \u00e0 l\u2019effort de guerre au pays.\" \/>\n<meta property=\"og:url\" content=\"https:\/\/www.rbc.com\/fr\/notre-compagnie\/histoire\/celebrating-our-history\/in-remembrance\/\" \/>\n<meta property=\"og:site_name\" content=\"RBC\" \/>\n<meta property=\"article:modified_time\" content=\"2022-11-15T01:53:02+00:00\" \/>\n<meta property=\"og:image\" content=\"https:\/\/www.rbc.com\/fr\/wp-content\/uploads\/sites\/5\/2022\/08\/Arundell-tablet_page-8_figma-file.jpg?w=1024\" \/>\n<meta name=\"twitter:card\" content=\"summary_large_image\" \/>\n<meta name=\"twitter:label1\" content=\"Est. reading time\" \/>\n\t<meta name=\"twitter:data1\" content=\"6 minutes\" \/>\n<script type=\"application\/ld+json\" class=\"yoast-schema-graph\">{\"@context\":\"https:\/\/schema.org\",\"@graph\":[{\"@type\":\"WebPage\",\"@id\":\"https:\/\/www.rbc.com\/fr\/notre-compagnie\/histoire\/celebrating-our-history\/in-remembrance\/\",\"url\":\"https:\/\/www.rbc.com\/fr\/notre-compagnie\/histoire\/celebrating-our-history\/in-remembrance\/\",\"name\":\"En souvenir - RBC\",\"isPartOf\":{\"@id\":\"https:\/\/www.rbc.com\/fr\/#website\"},\"primaryImageOfPage\":{\"@id\":\"https:\/\/www.rbc.com\/fr\/notre-compagnie\/histoire\/celebrating-our-history\/in-remembrance\/#primaryimage\"},\"image\":{\"@id\":\"https:\/\/www.rbc.com\/fr\/notre-compagnie\/histoire\/celebrating-our-history\/in-remembrance\/#primaryimage\"},\"thumbnailUrl\":\"https:\/\/www.rbc.com\/fr\/wp-content\/uploads\/sites\/5\/2022\/08\/Arundell-tablet_page-8_figma-file.jpg?w=1024\",\"datePublished\":\"2022-07-08T14:42:40+00:00\",\"dateModified\":\"2022-11-15T01:53:02+00:00\",\"breadcrumb\":{\"@id\":\"https:\/\/www.rbc.com\/fr\/notre-compagnie\/histoire\/celebrating-our-history\/in-remembrance\/#breadcrumb\"},\"inLanguage\":\"fr-FR\",\"potentialAction\":[{\"@type\":\"ReadAction\",\"target\":[\"https:\/\/www.rbc.com\/fr\/notre-compagnie\/histoire\/celebrating-our-history\/in-remembrance\/\"]}]},{\"@type\":\"ImageObject\",\"inLanguage\":\"fr-FR\",\"@id\":\"https:\/\/www.rbc.com\/fr\/notre-compagnie\/histoire\/celebrating-our-history\/in-remembrance\/#primaryimage\",\"url\":\"https:\/\/www.rbc.com\/fr\/wp-content\/uploads\/sites\/5\/2022\/08\/Arundell-tablet_page-8_figma-file.jpg?quality=80\",\"contentUrl\":\"https:\/\/www.rbc.com\/fr\/wp-content\/uploads\/sites\/5\/2022\/08\/Arundell-tablet_page-8_figma-file.jpg?quality=80\",\"width\":2922,\"height\":1488},{\"@type\":\"BreadcrumbList\",\"@id\":\"https:\/\/www.rbc.com\/fr\/notre-compagnie\/histoire\/celebrating-our-history\/in-remembrance\/#breadcrumb\",\"itemListElement\":[{\"@type\":\"ListItem\",\"position\":1,\"name\":\"Notre Compagnie\",\"item\":\"https:\/\/www.rbc.com\/fr\/notre-compagnie\/\"},{\"@type\":\"ListItem\",\"position\":2,\"name\":\"Histoire\",\"item\":\"https:\/\/www.rbc.com\/fr\/notre-compagnie\/histoire\/\"},{\"@type\":\"ListItem\",\"position\":3,\"name\":\"C\u00e9l\u00e9brons notre histoire\",\"item\":\"https:\/\/www.rbc.com\/fr\/notre-compagnie\/histoire\/celebrating-our-history\/\"},{\"@type\":\"ListItem\",\"position\":4,\"name\":\"En souvenir\"}]},{\"@type\":\"WebSite\",\"@id\":\"https:\/\/www.rbc.com\/fr\/#website\",\"url\":\"https:\/\/www.rbc.com\/fr\/\",\"name\":\"RBC\",\"description\":\"\",\"potentialAction\":[{\"@type\":\"SearchAction\",\"target\":{\"@type\":\"EntryPoint\",\"urlTemplate\":\"https:\/\/www.rbc.com\/fr\/?s={search_term_string}\"},\"query-input\":{\"@type\":\"PropertyValueSpecification\",\"valueRequired\":true,\"valueName\":\"search_term_string\"}}],\"inLanguage\":\"fr-FR\"}]}<\/script>\n<!-- \/ Yoast SEO Premium plugin. -->","yoast_head_json":{"title":"En souvenir - RBC","robots":{"index":"index","follow":"follow","max-snippet":"max-snippet:-1","max-image-preview":"max-image-preview:large","max-video-preview":"max-video-preview:-1"},"canonical":"https:\/\/www.rbc.com\/fr\/notre-compagnie\/histoire\/celebrating-our-history\/in-remembrance\/","og_locale":"fr_FR","og_type":"article","og_title":"En souvenir - RBC","og_description":"Cette section est consacr\u00e9e \u00e0 tous les employ\u00e9s de la Banque Royale du Canada qui ont servi pendant la Premi\u00e8re et la Seconde Guerre mondiale, ainsi qu\u2019aux employ\u00e9s qui ont contribu\u00e9 \u00e0 l\u2019effort de guerre au pays.","og_url":"https:\/\/www.rbc.com\/fr\/notre-compagnie\/histoire\/celebrating-our-history\/in-remembrance\/","og_site_name":"RBC","article_modified_time":"2022-11-15T01:53:02+00:00","og_image":[{"url":"https:\/\/www.rbc.com\/fr\/wp-content\/uploads\/sites\/5\/2022\/08\/Arundell-tablet_page-8_figma-file.jpg?w=1024","type":"","width":"","height":""}],"twitter_card":"summary_large_image","twitter_misc":{"Est. reading time":"6 minutes"},"schema":{"@context":"https:\/\/schema.org","@graph":[{"@type":"WebPage","@id":"https:\/\/www.rbc.com\/fr\/notre-compagnie\/histoire\/celebrating-our-history\/in-remembrance\/","url":"https:\/\/www.rbc.com\/fr\/notre-compagnie\/histoire\/celebrating-our-history\/in-remembrance\/","name":"En souvenir - RBC","isPartOf":{"@id":"https:\/\/www.rbc.com\/fr\/#website"},"primaryImageOfPage":{"@id":"https:\/\/www.rbc.com\/fr\/notre-compagnie\/histoire\/celebrating-our-history\/in-remembrance\/#primaryimage"},"image":{"@id":"https:\/\/www.rbc.com\/fr\/notre-compagnie\/histoire\/celebrating-our-history\/in-remembrance\/#primaryimage"},"thumbnailUrl":"https:\/\/www.rbc.com\/fr\/wp-content\/uploads\/sites\/5\/2022\/08\/Arundell-tablet_page-8_figma-file.jpg?w=1024","datePublished":"2022-07-08T14:42:40+00:00","dateModified":"2022-11-15T01:53:02+00:00","breadcrumb":{"@id":"https:\/\/www.rbc.com\/fr\/notre-compagnie\/histoire\/celebrating-our-history\/in-remembrance\/#breadcrumb"},"inLanguage":"fr-FR","potentialAction":[{"@type":"ReadAction","target":["https:\/\/www.rbc.com\/fr\/notre-compagnie\/histoire\/celebrating-our-history\/in-remembrance\/"]}]},{"@type":"ImageObject","inLanguage":"fr-FR","@id":"https:\/\/www.rbc.com\/fr\/notre-compagnie\/histoire\/celebrating-our-history\/in-remembrance\/#primaryimage","url":"https:\/\/www.rbc.com\/fr\/wp-content\/uploads\/sites\/5\/2022\/08\/Arundell-tablet_page-8_figma-file.jpg?quality=80","contentUrl":"https:\/\/www.rbc.com\/fr\/wp-content\/uploads\/sites\/5\/2022\/08\/Arundell-tablet_page-8_figma-file.jpg?quality=80","width":2922,"height":1488},{"@type":"BreadcrumbList","@id":"https:\/\/www.rbc.com\/fr\/notre-compagnie\/histoire\/celebrating-our-history\/in-remembrance\/#breadcrumb","itemListElement":[{"@type":"ListItem","position":1,"name":"Notre Compagnie","item":"https:\/\/www.rbc.com\/fr\/notre-compagnie\/"},{"@type":"ListItem","position":2,"name":"Histoire","item":"https:\/\/www.rbc.com\/fr\/notre-compagnie\/histoire\/"},{"@type":"ListItem","position":3,"name":"C\u00e9l\u00e9brons notre histoire","item":"https:\/\/www.rbc.com\/fr\/notre-compagnie\/histoire\/celebrating-our-history\/"},{"@type":"ListItem","position":4,"name":"En souvenir"}]},{"@type":"WebSite","@id":"https:\/\/www.rbc.com\/fr\/#website","url":"https:\/\/www.rbc.com\/fr\/","name":"RBC","description":"","potentialAction":[{"@type":"SearchAction","target":{"@type":"EntryPoint","urlTemplate":"https:\/\/www.rbc.com\/fr\/?s={search_term_string}"},"query-input":{"@type":"PropertyValueSpecification","valueRequired":true,"valueName":"search_term_string"}}],"inLanguage":"fr-FR"}]}},"parsely":{"version":"1.1.0","canonical_url":"https:\/\/rbc.com\/fr\/notre-compagnie\/histoire\/celebrating-our-history\/in-remembrance\/","smart_links":{"inbound":0,"outbound":0},"traffic_boost_suggestions_count":0,"meta":{"@context":"https:\/\/schema.org","@type":"WebPage","headline":"En souvenir","url":"http:\/\/www.rbc.com\/fr\/notre-compagnie\/histoire\/celebrating-our-history\/in-remembrance\/","mainEntityOfPage":{"@type":"WebPage","@id":"http:\/\/www.rbc.com\/fr\/notre-compagnie\/histoire\/celebrating-our-history\/in-remembrance\/"},"thumbnailUrl":"","image":{"@type":"ImageObject","url":""},"articleSection":"Uncategorized","author":[],"creator":[],"publisher":{"@type":"Organization","name":"RBC","logo":""},"keywords":[],"dateCreated":"2022-07-08T14:42:40Z","datePublished":"2022-07-08T14:42:40Z","dateModified":"2022-11-15T01:53:02Z"},"rendered":"<script type=\"application\/ld+json\" class=\"wp-parsely-metadata\">{\"@context\":\"https:\\\/\\\/schema.org\",\"@type\":\"WebPage\",\"headline\":\"En souvenir\",\"url\":\"http:\\\/\\\/www.rbc.com\\\/fr\\\/notre-compagnie\\\/histoire\\\/celebrating-our-history\\\/in-remembrance\\\/\",\"mainEntityOfPage\":{\"@type\":\"WebPage\",\"@id\":\"http:\\\/\\\/www.rbc.com\\\/fr\\\/notre-compagnie\\\/histoire\\\/celebrating-our-history\\\/in-remembrance\\\/\"},\"thumbnailUrl\":\"\",\"image\":{\"@type\":\"ImageObject\",\"url\":\"\"},\"articleSection\":\"Uncategorized\",\"author\":[],\"creator\":[],\"publisher\":{\"@type\":\"Organization\",\"name\":\"RBC\",\"logo\":\"\"},\"keywords\":[],\"dateCreated\":\"2022-07-08T14:42:40Z\",\"datePublished\":\"2022-07-08T14:42:40Z\",\"dateModified\":\"2022-11-15T01:53:02Z\"}<\/script>","tracker_url":"https:\/\/cdn.parsely.com\/keys\/rbc.com\/p.js"},"coauthors":[],"author_meta":{"author_link":"https:\/\/www.rbc.com\/fr\/author\/","display_name":""},"relative_dates":{"created":"Publi\u00e9 4 ans il y a","modified":"Mis \u00e0 jour 3 ans il y a"},"absolute_dates":{"created":"Publi\u00e9 le 8 juillet 2022","modified":"Mise \u00e0 jour le 15 novembre 2022"},"absolute_dates_time":{"created":"Publi\u00e9 le 8 juillet 2022 2:42  ","modified":"Mise \u00e0 jour le 15 novembre 2022 1:53  "},"featured_img_caption":"","featured_img":false,"series_order":"","_links":{"self":[{"href":"https:\/\/www.rbc.com\/fr\/wp-json\/wp\/v2\/pages\/25","targetHints":{"allow":["GET"]}}],"collection":[{"href":"https:\/\/www.rbc.com\/fr\/wp-json\/wp\/v2\/pages"}],"about":[{"href":"https:\/\/www.rbc.com\/fr\/wp-json\/wp\/v2\/types\/page"}],"author":[{"embeddable":true,"href":"https:\/\/www.rbc.com\/fr\/wp-json\/wp\/v2\/users\/87"}],"replies":[{"embeddable":true,"href":"https:\/\/www.rbc.com\/fr\/wp-json\/wp\/v2\/comments?post=25"}],"version-history":[{"count":22,"href":"https:\/\/www.rbc.com\/fr\/wp-json\/wp\/v2\/pages\/25\/revisions"}],"predecessor-version":[{"id":3065,"href":"https:\/\/www.rbc.com\/fr\/wp-json\/wp\/v2\/pages\/25\/revisions\/3065"}],"up":[{"embeddable":true,"href":"https:\/\/www.rbc.com\/fr\/wp-json\/wp\/v2\/pages\/15"}],"wp:attachment":[{"href":"https:\/\/www.rbc.com\/fr\/wp-json\/wp\/v2\/media?parent=25"}],"curies":[{"name":"wp","href":"https:\/\/api.w.org\/{rel}","templated":true}]}}