{"id":247,"date":"2022-07-11T15:03:46","date_gmt":"2022-07-11T15:03:46","guid":{"rendered":"https:\/\/www.rbc.com\/fr\/?page_id=247"},"modified":"2022-12-06T20:02:51","modified_gmt":"2022-12-06T20:02:51","slug":"a-lere-de-la-mondialisation","status":"publish","type":"page","link":"https:\/\/www.rbc.com\/fr\/notre-compagnie\/histoire\/celebrating-our-history\/our-recent-past\/a-lere-de-la-mondialisation\/","title":{"rendered":"\u00c0 l\u2019\u00e8re de la mondialisation"},"content":{"rendered":"\t\n\t<div class=\"wp-block-tk-spacer id-47277bd3-8d3f-4685-9c15-4df474dc7949\" aria-hidden=\"true\"><\/div>\n\t\n\n\n<section role=\"banner\" class=\"wp-block-rbc-banner-campaign alignfull banner html-bnr none full-width\"><div class=\"section-inner campaign\"><div class=\"banner-wpr\"><div class=\"banner-img img-center lazy\" data-img=\"https:\/\/www.rbc.com\/fr\/wp-content\/uploads\/sites\/5\/2022\/12\/Toronto-Trading-Room-1984.jpg\" data-img-id=\"3061\" style=\"background-image:url( https:\/\/www.rbc.com\/fr\/wp-content\/uploads\/sites\/5\/2022\/12\/Toronto-Trading-Room-1984.jpg );background-position:0%,0%;background-size:cover\"><\/div><div class=\"banner-text\">\n<h2 class=\"mar-b-15 wp-block-heading\" id=\"h-a-l-ere-de-la-mondialisation\">\u00c0 l\u2019\u00e8re de la mondialisation<\/h2>\n\n\n\n<p class=\"mar-b-0\">En 1991, Sir Tim Berners-Lee cr\u00e9e le premier site Web et publie un article sur sa vision du Web. Quatre ans plus tard, la Banque Royale devient la premi\u00e8re banque canadienne \u00e0 offrir de l\u2019infor\u2013 mation en ligne au www.royalbank.com. La technologie a favoris\u00e9 diff\u00e9rents am\u00e9nagements professionnels et personnels, donnant naissance \u00e0 un environnement o\u00f9 les gens s\u2019attendent \u00e0 un acc\u00e8s flexible et pratique \u00e0 leur argent en tout temps.<\/p>\n<\/div><\/div><\/div><\/section>\n\n\n\t\n\t<div class=\"wp-block-tk-spacer id-612862d4-cd70-4f3d-bb33-8b0d210ce7da\" aria-hidden=\"true\"><\/div>\n\t\n\n\n<section class=\"wp-block-rbc-section-block\">\n<div class=\"wp-block-rbc-section-inner-block  section-inner pad-t-0 pad-b-0\">\n<div class=\"wp-block-columns  mar-b-0 is-layout-flex wp-container-core-columns-is-layout-28f84493 wp-block-columns-is-layout-flex\">\n<div class=\"wp-block-column pad-r mob-pad-r-0 mob-mar-b-hlf is-layout-flow wp-block-column-is-layout-flow\" style=\"flex-basis:35%\">\n<div class=\"wp-block-group our-recent-past is-layout-flow wp-block-group-is-layout-flow\">\n<p class=\"mar-b-15 is-style-default default\" style=\"font-style:normal;font-weight:400\">Our Recent Past Stories<\/p>\n\n\n\n<p class=\"mar-b-15 is-style-standalone-link\" id=\"our-recent-past\" style=\"font-style:normal;font-weight:400\"><a href=\"https:\/\/www.rbc.com\/fr\/notre-compagnie\/histoire\/celebrating-our-history\/our-recent-past\" data-dig-id=\"LP-425-d757318b\" data-dig-category=\"LP\" data-dig-action=\"link click\" data-dig-label=\"Leading by Example\" class=\"rbc-link-format standalone-link\" data-icon-class=\"standalone-link\">Pr\u00eacher par l\u2019exemple<\/a><\/p>\n\n\n\n<p class=\"mar-b-15 is-style-standalone-link\" id=\"a-lere-de-la-mondialisation\"><a href=\"https:\/\/www.rbc.com\/fr\/notre-compagnie\/histoire\/celebrating-our-history\/our-recent-past\/a-lere-de-la-mondialisation\" data-dig-id=\"LP-425-2c96905a\" data-dig-category=\"LP\" data-dig-action=\"link click\" data-dig-label=\"Living in a World that Never Sleeps\" class=\"rbc-link-format standalone-link\" data-icon-class=\"standalone-link\">\u00c0 l\u2019\u00e8re de la mondialisation<\/a><\/p>\n\n\n\n<p class=\"mar-b-15 is-style-standalone-link\" id=\"le-village-mondial\"><a href=\"https:\/\/www.rbc.com\/fr\/notre-compagnie\/histoire\/celebrating-our-history\/our-recent-past\/le-village-mondial\" data-dig-id=\"LP-425-986c5e19\" data-dig-category=\"LP\" data-dig-action=\"link click\" data-dig-label=\"The Global Village\" class=\"rbc-link-format standalone-link\" data-icon-class=\"standalone-link\">Le village mondial<\/a><\/p>\n\n\n\n<p class=\"mar-b-15 is-style-standalone-link\" id=\"placer-la-barre-plus-haut-en-matiere-de-diversite-visant-la-croissance-et-linnovation\"><a href=\"https:\/\/www.rbc.com\/fr\/notre-compagnie\/histoire\/celebrating-our-history\/our-recent-past\/placer-la-barre-plus-haut-en-matiere-de-diversite-visant-la-croissance-et-linnovation\" data-dig-id=\"LP-425-d568ae2d\" data-dig-category=\"LP\" data-dig-action=\"link click\" data-dig-label=\"Raising the Bar on Diversity for Growth and Innovation\" class=\"rbc-link-format standalone-link\" data-icon-class=\"standalone-link\">Placer la barre plus haut en mati\u00e8re de diversit\u00e9 visant la croissance et l\u2019innovation<\/a><\/p>\n\n\n\n<p class=\"mar-b-15 is-style-standalone-link\" id=\"etablir-un-plan-davenir\"><a href=\"https:\/\/www.rbc.com\/fr\/notre-compagnie\/histoire\/celebrating-our-history\/our-recent-past\/etablir-un-plan-davenir\" data-dig-id=\"LP-265-010d5611\" data-dig-category=\"LP\" data-dig-action=\"link click\" data-dig-label=\"www.rbc.com\/fr\/notre-compagnie\/histoire\/celebrating-our-history\/our-recent-past\/etablir-un-plan-davenir\/\" class=\"rbc-link-format standalone-link\" data-icon-class=\"standalone-link\">\u00c9tablir un plan d\u2019avenir<\/a><\/p>\n<\/div>\n<\/div>\n\n\n\n<div class=\"wp-block-column is-layout-flow wp-block-column-is-layout-flow\">\n<p class=\"mar-b-hlf\">On a vu, au cours des ann\u00e9es qui ont suivi, l\u2019\u00e9mergence continue de nouvelles capacit\u00e9s en ligne pour nos clients. Nous avons \u00e9t\u00e9 la premi\u00e8re institution financi\u00e8re \u00e0 offrir des pr\u00eats hypoth\u00e9caires pr\u00e9approuv\u00e9s sur Internet et la premi\u00e8re banque canadienne \u00e0 permettre aux clients un acc\u00e8s direct par Internet \u00e0 des images num\u00e9riques d\u2019op\u00e9rations effectu\u00e9es sur papier. Nous avons aussi \u00e9t\u00e9 la premi\u00e8re banque canadienne \u00e0 offrir un v\u00e9ritable traitement de bout en bout, du d\u00e9but de l\u2019op\u00e9ration initi\u00e9e par le client \u00e0 partir de l\u2019ordinateur de son domicile, comme le paiement de factures, jusqu\u2019\u00e0 sa finalisation par les syst\u00e8mes en ligne sans que d\u2019autres interventions ne soient n\u00e9cessaires.<\/p>\n\n\n\n<p class=\"mar-b-hlf\">La technologie r\u00e9gissant tout, des op\u00e9rations bancaires aux g\u00e9n\u00e9rateurs de secours en passant par le trafic a\u00e9rien, le passage \u00e0 l\u2019an 2000 a suscit\u00e9 d\u2019importantes pr\u00e9occupations. La repr\u00e9sentation \u00e9lectronique des ann\u00e9es \u00e0 deux chiffres risquait, en effet, de se r\u00e9v\u00e9ler probl\u00e9matique lorsque l\u2019ann\u00e9e passerait de 19(99) \u00e0 20(00). Les entreprises et les organisations partout dans le monde ont d\u00fb passer en revue et mettre \u00e0 jour leurs syst\u00e8mes informatiques. RBC a collabor\u00e9 avec les gouvernements, les organisations et l\u2019ensemble du secteur \u00e0 la r\u00e9alisation des nombreux essais li\u00e9s au passage \u00e0 l\u2019an 2000. Contrairement \u00e0 ce que l\u2019on avait craint, ce passage \u00e0 2000 n\u2019a caus\u00e9 aucune d\u00e9faillance informatique grave.<\/p>\n\n\n\n<p class=\"mar-b-0\">Du jour au lendemain, semble-t-il, l\u2019ann\u00e9e 2010 \u00e9tait \u00e0 nos portes. Internet et ses nombreux ph\u00e9nom\u00e8nes, comme les sites de m\u00e9dias sociaux Facebook, Twitter, YouTube et Linkedln, repr\u00e9sentent maintenant la norme pour des millions de gens. Offrir \u00e0 nos clients la possibilit\u00e9 de g\u00e9rer eux-m\u00eames leurs liquidit\u00e9s et d\u2019ex\u00e9cuter leurs propres op\u00e9rations a \u00e9t\u00e9 l\u2019une des avanc\u00e9es les plus importantes de cette p\u00e9riode.<\/p>\n<\/div>\n<\/div>\n<\/div>\n<\/section>\n\n\n\t\n\t<div class=\"wp-block-tk-spacer id-56b723bc-97f3-4035-a7b7-e29e13734e43\" aria-hidden=\"true\"><\/div>\n\t<style class=\"advgb-styles-renderer\">\n\t\t.wp-block-tk-spacer.id-47277bd3-8d3f-4685-9c15-4df474dc7949 {\n\t\theight: 25px;\n\t}\n\n\t@media ( max-width: 480px ) {\n\t\t.wp-block-tk-spacer.id-47277bd3-8d3f-4685-9c15-4df474dc7949 {\n\t\t\theight: 25px;\n\t\t}\n\t}\t\n\t\t.wp-block-tk-spacer.id-612862d4-cd70-4f3d-bb33-8b0d210ce7da {\n\t\theight: 49px;\n\t}\n\n\t@media ( max-width: 480px ) {\n\t\t.wp-block-tk-spacer.id-612862d4-cd70-4f3d-bb33-8b0d210ce7da {\n\t\t\theight: 30px;\n\t\t}\n\t}\t\n\t\t.wp-block-tk-spacer.id-56b723bc-97f3-4035-a7b7-e29e13734e43 {\n\t\theight: 120px;\n\t}\n\n\t@media ( max-width: 480px ) {\n\t\t.wp-block-tk-spacer.id-56b723bc-97f3-4035-a7b7-e29e13734e43 {\n\t\t\theight: 60px;\n\t\t}\n\t}\t<\/style>","protected":false},"excerpt":{"rendered":"","protected":false},"author":87,"featured_media":0,"parent":17,"menu_order":0,"comment_status":"closed","ping_status":"closed","template":"","meta":{"_acf_changed":false,"disable_focal_point":true,"featured_image_focal_point":{"x":0.5,"y":0.5},"advgb_blocks_editor_width":"","advgb_blocks_columns_visual_guide":"","footnotes":""},"class_list":["post-247","page","type-page","status-publish","hentry"],"acf":[],"yoast_head":"<!-- This site is optimized with the Yoast SEO Premium plugin v27.2 (Yoast SEO v27.2) - https:\/\/yoast.com\/product\/yoast-seo-premium-wordpress\/ -->\n<title>\u00c0 l\u2019\u00e8re de la mondialisation - RBC<\/title>\n<meta name=\"robots\" content=\"index, follow, max-snippet:-1, max-image-preview:large, max-video-preview:-1\" \/>\n<link rel=\"canonical\" href=\"https:\/\/www.rbc.com\/fr\/notre-compagnie\/histoire\/celebrating-our-history\/our-recent-past\/a-lere-de-la-mondialisation\/\" \/>\n<meta property=\"og:locale\" content=\"fr_FR\" \/>\n<meta property=\"og:type\" content=\"article\" \/>\n<meta property=\"og:title\" content=\"\u00c0 l\u2019\u00e8re de la mondialisation - RBC\" \/>\n<meta property=\"og:url\" content=\"https:\/\/www.rbc.com\/fr\/notre-compagnie\/histoire\/celebrating-our-history\/our-recent-past\/a-lere-de-la-mondialisation\/\" \/>\n<meta property=\"og:site_name\" content=\"RBC\" \/>\n<meta property=\"article:modified_time\" content=\"2022-12-06T20:02:51+00:00\" \/>\n<meta name=\"twitter:card\" content=\"summary_large_image\" \/>\n<meta name=\"twitter:label1\" content=\"Est. reading time\" \/>\n\t<meta name=\"twitter:data1\" content=\"2 minutes\" \/>\n<script type=\"application\/ld+json\" class=\"yoast-schema-graph\">{\"@context\":\"https:\/\/schema.org\",\"@graph\":[{\"@type\":\"WebPage\",\"@id\":\"https:\/\/www.rbc.com\/fr\/notre-compagnie\/histoire\/celebrating-our-history\/our-recent-past\/a-lere-de-la-mondialisation\/\",\"url\":\"https:\/\/www.rbc.com\/fr\/notre-compagnie\/histoire\/celebrating-our-history\/our-recent-past\/a-lere-de-la-mondialisation\/\",\"name\":\"\u00c0 l\u2019\u00e8re de la mondialisation - RBC\",\"isPartOf\":{\"@id\":\"https:\/\/www.rbc.com\/fr\/#website\"},\"datePublished\":\"2022-07-11T15:03:46+00:00\",\"dateModified\":\"2022-12-06T20:02:51+00:00\",\"breadcrumb\":{\"@id\":\"https:\/\/www.rbc.com\/fr\/notre-compagnie\/histoire\/celebrating-our-history\/our-recent-past\/a-lere-de-la-mondialisation\/#breadcrumb\"},\"inLanguage\":\"fr-FR\",\"potentialAction\":[{\"@type\":\"ReadAction\",\"target\":[\"https:\/\/www.rbc.com\/fr\/notre-compagnie\/histoire\/celebrating-our-history\/our-recent-past\/a-lere-de-la-mondialisation\/\"]}]},{\"@type\":\"BreadcrumbList\",\"@id\":\"https:\/\/www.rbc.com\/fr\/notre-compagnie\/histoire\/celebrating-our-history\/our-recent-past\/a-lere-de-la-mondialisation\/#breadcrumb\",\"itemListElement\":[{\"@type\":\"ListItem\",\"position\":1,\"name\":\"Notre Compagnie\",\"item\":\"https:\/\/www.rbc.com\/fr\/notre-compagnie\/\"},{\"@type\":\"ListItem\",\"position\":2,\"name\":\"Histoire\",\"item\":\"https:\/\/www.rbc.com\/fr\/notre-compagnie\/histoire\/\"},{\"@type\":\"ListItem\",\"position\":3,\"name\":\"C\u00e9l\u00e9brons notre histoire\",\"item\":\"https:\/\/www.rbc.com\/fr\/notre-compagnie\/histoire\/celebrating-our-history\/\"},{\"@type\":\"ListItem\",\"position\":4,\"name\":\"Notre histoire r\u00e9cente\",\"item\":\"https:\/\/www.rbc.com\/fr\/notre-compagnie\/histoire\/celebrating-our-history\/our-recent-past\/\"},{\"@type\":\"ListItem\",\"position\":5,\"name\":\"\u00c0 l\u2019\u00e8re de la mondialisation\"}]},{\"@type\":\"WebSite\",\"@id\":\"https:\/\/www.rbc.com\/fr\/#website\",\"url\":\"https:\/\/www.rbc.com\/fr\/\",\"name\":\"RBC\",\"description\":\"\",\"potentialAction\":[{\"@type\":\"SearchAction\",\"target\":{\"@type\":\"EntryPoint\",\"urlTemplate\":\"https:\/\/www.rbc.com\/fr\/?s={search_term_string}\"},\"query-input\":{\"@type\":\"PropertyValueSpecification\",\"valueRequired\":true,\"valueName\":\"search_term_string\"}}],\"inLanguage\":\"fr-FR\"}]}<\/script>\n<!-- \/ Yoast SEO Premium plugin. -->","yoast_head_json":{"title":"\u00c0 l\u2019\u00e8re de la mondialisation - RBC","robots":{"index":"index","follow":"follow","max-snippet":"max-snippet:-1","max-image-preview":"max-image-preview:large","max-video-preview":"max-video-preview:-1"},"canonical":"https:\/\/www.rbc.com\/fr\/notre-compagnie\/histoire\/celebrating-our-history\/our-recent-past\/a-lere-de-la-mondialisation\/","og_locale":"fr_FR","og_type":"article","og_title":"\u00c0 l\u2019\u00e8re de la mondialisation - RBC","og_url":"https:\/\/www.rbc.com\/fr\/notre-compagnie\/histoire\/celebrating-our-history\/our-recent-past\/a-lere-de-la-mondialisation\/","og_site_name":"RBC","article_modified_time":"2022-12-06T20:02:51+00:00","twitter_card":"summary_large_image","twitter_misc":{"Est. reading time":"2 minutes"},"schema":{"@context":"https:\/\/schema.org","@graph":[{"@type":"WebPage","@id":"https:\/\/www.rbc.com\/fr\/notre-compagnie\/histoire\/celebrating-our-history\/our-recent-past\/a-lere-de-la-mondialisation\/","url":"https:\/\/www.rbc.com\/fr\/notre-compagnie\/histoire\/celebrating-our-history\/our-recent-past\/a-lere-de-la-mondialisation\/","name":"\u00c0 l\u2019\u00e8re de la mondialisation - RBC","isPartOf":{"@id":"https:\/\/www.rbc.com\/fr\/#website"},"datePublished":"2022-07-11T15:03:46+00:00","dateModified":"2022-12-06T20:02:51+00:00","breadcrumb":{"@id":"https:\/\/www.rbc.com\/fr\/notre-compagnie\/histoire\/celebrating-our-history\/our-recent-past\/a-lere-de-la-mondialisation\/#breadcrumb"},"inLanguage":"fr-FR","potentialAction":[{"@type":"ReadAction","target":["https:\/\/www.rbc.com\/fr\/notre-compagnie\/histoire\/celebrating-our-history\/our-recent-past\/a-lere-de-la-mondialisation\/"]}]},{"@type":"BreadcrumbList","@id":"https:\/\/www.rbc.com\/fr\/notre-compagnie\/histoire\/celebrating-our-history\/our-recent-past\/a-lere-de-la-mondialisation\/#breadcrumb","itemListElement":[{"@type":"ListItem","position":1,"name":"Notre Compagnie","item":"https:\/\/www.rbc.com\/fr\/notre-compagnie\/"},{"@type":"ListItem","position":2,"name":"Histoire","item":"https:\/\/www.rbc.com\/fr\/notre-compagnie\/histoire\/"},{"@type":"ListItem","position":3,"name":"C\u00e9l\u00e9brons notre histoire","item":"https:\/\/www.rbc.com\/fr\/notre-compagnie\/histoire\/celebrating-our-history\/"},{"@type":"ListItem","position":4,"name":"Notre histoire r\u00e9cente","item":"https:\/\/www.rbc.com\/fr\/notre-compagnie\/histoire\/celebrating-our-history\/our-recent-past\/"},{"@type":"ListItem","position":5,"name":"\u00c0 l\u2019\u00e8re de la mondialisation"}]},{"@type":"WebSite","@id":"https:\/\/www.rbc.com\/fr\/#website","url":"https:\/\/www.rbc.com\/fr\/","name":"RBC","description":"","potentialAction":[{"@type":"SearchAction","target":{"@type":"EntryPoint","urlTemplate":"https:\/\/www.rbc.com\/fr\/?s={search_term_string}"},"query-input":{"@type":"PropertyValueSpecification","valueRequired":true,"valueName":"search_term_string"}}],"inLanguage":"fr-FR"}]}},"parsely":{"version":"1.1.0","canonical_url":"https:\/\/rbc.com\/fr\/notre-compagnie\/histoire\/celebrating-our-history\/our-recent-past\/a-lere-de-la-mondialisation\/","smart_links":{"inbound":0,"outbound":0},"traffic_boost_suggestions_count":0,"meta":{"@context":"https:\/\/schema.org","@type":"WebPage","headline":"\u00c0 l\u2019\u00e8re de la mondialisation","url":"http:\/\/www.rbc.com\/fr\/notre-compagnie\/histoire\/celebrating-our-history\/our-recent-past\/a-lere-de-la-mondialisation\/","mainEntityOfPage":{"@type":"WebPage","@id":"http:\/\/www.rbc.com\/fr\/notre-compagnie\/histoire\/celebrating-our-history\/our-recent-past\/a-lere-de-la-mondialisation\/"},"thumbnailUrl":"","image":{"@type":"ImageObject","url":""},"articleSection":"Uncategorized","author":[],"creator":[],"publisher":{"@type":"Organization","name":"RBC","logo":""},"keywords":[],"dateCreated":"2022-07-11T15:03:46Z","datePublished":"2022-07-11T15:03:46Z","dateModified":"2022-12-06T20:02:51Z"},"rendered":"<script type=\"application\/ld+json\" class=\"wp-parsely-metadata\">{\"@context\":\"https:\\\/\\\/schema.org\",\"@type\":\"WebPage\",\"headline\":\"\\u00c0 l\\u2019\\u00e8re de la mondialisation\",\"url\":\"http:\\\/\\\/www.rbc.com\\\/fr\\\/notre-compagnie\\\/histoire\\\/celebrating-our-history\\\/our-recent-past\\\/a-lere-de-la-mondialisation\\\/\",\"mainEntityOfPage\":{\"@type\":\"WebPage\",\"@id\":\"http:\\\/\\\/www.rbc.com\\\/fr\\\/notre-compagnie\\\/histoire\\\/celebrating-our-history\\\/our-recent-past\\\/a-lere-de-la-mondialisation\\\/\"},\"thumbnailUrl\":\"\",\"image\":{\"@type\":\"ImageObject\",\"url\":\"\"},\"articleSection\":\"Uncategorized\",\"author\":[],\"creator\":[],\"publisher\":{\"@type\":\"Organization\",\"name\":\"RBC\",\"logo\":\"\"},\"keywords\":[],\"dateCreated\":\"2022-07-11T15:03:46Z\",\"datePublished\":\"2022-07-11T15:03:46Z\",\"dateModified\":\"2022-12-06T20:02:51Z\"}<\/script>","tracker_url":"https:\/\/cdn.parsely.com\/keys\/rbc.com\/p.js"},"coauthors":[],"author_meta":{"author_link":"https:\/\/www.rbc.com\/fr\/author\/","display_name":""},"relative_dates":{"created":"Publi\u00e9 4 ans il y a","modified":"Mis \u00e0 jour 3 ans il y a"},"absolute_dates":{"created":"Publi\u00e9 le 11 juillet 2022","modified":"Mise \u00e0 jour le 6 d\u00e9cembre 2022"},"absolute_dates_time":{"created":"Publi\u00e9 le 11 juillet 2022 3:03  ","modified":"Mise \u00e0 jour le 6 d\u00e9cembre 2022 8:02  "},"featured_img_caption":"","featured_img":false,"series_order":"","_links":{"self":[{"href":"https:\/\/www.rbc.com\/fr\/wp-json\/wp\/v2\/pages\/247","targetHints":{"allow":["GET"]}}],"collection":[{"href":"https:\/\/www.rbc.com\/fr\/wp-json\/wp\/v2\/pages"}],"about":[{"href":"https:\/\/www.rbc.com\/fr\/wp-json\/wp\/v2\/types\/page"}],"author":[{"embeddable":true,"href":"https:\/\/www.rbc.com\/fr\/wp-json\/wp\/v2\/users\/87"}],"replies":[{"embeddable":true,"href":"https:\/\/www.rbc.com\/fr\/wp-json\/wp\/v2\/comments?post=247"}],"version-history":[{"count":11,"href":"https:\/\/www.rbc.com\/fr\/wp-json\/wp\/v2\/pages\/247\/revisions"}],"predecessor-version":[{"id":3070,"href":"https:\/\/www.rbc.com\/fr\/wp-json\/wp\/v2\/pages\/247\/revisions\/3070"}],"up":[{"embeddable":true,"href":"https:\/\/www.rbc.com\/fr\/wp-json\/wp\/v2\/pages\/17"}],"wp:attachment":[{"href":"https:\/\/www.rbc.com\/fr\/wp-json\/wp\/v2\/media?parent=247"}],"curies":[{"name":"wp","href":"https:\/\/api.w.org\/{rel}","templated":true}]}}