{"id":1802,"date":"2022-08-19T20:15:39","date_gmt":"2022-08-19T20:15:39","guid":{"rendered":"https:\/\/www.rbc.com\/fr\/?page_id=1802"},"modified":"2024-06-25T18:05:36","modified_gmt":"2024-06-25T18:05:36","slug":"retrospective-sur-lenvironnement","status":"publish","type":"page","link":"https:\/\/www.rbc.com\/fr\/notre-compagnie\/histoire\/bulletins\/retrospective-sur-lenvironnement\/","title":{"rendered":"retrospective-sur-lenvironnement"},"content":{"rendered":"\n<section class=\"wp-block-rbc-section-block  pos-rel mar-b-dbl mob-mar-b\" style=\"border-radius:0px\">\n<div class=\"wp-block-rbc-section-inner-block  section-inner pad-t-dbl\" style=\"border-radius:0x\">\n<div class=\"wp-block-group is-layout-constrained wp-container-core-group-is-layout-c6de0ae1 wp-block-group-is-layout-constrained\">\n<h2 class=\"wp-block-heading mar-b\" id=\"h-collection-speciale-retrospective-sur-l-environnement\">Collection sp\u00e9ciale : R\u00e9trospective sur l&rsquo;environnement<\/h2>\n\n\n\n<p class=\"mar-b\">Depuis des d\u00e9cennies, le Bulletin RBC traite de sujets li\u00e9s aux ressources naturelles et \u00e0 l&rsquo;environnement. Puisque les changements climatiques font maintenant la une des quotidiens, nous avons d\u00e9cid\u00e9 de passer en revue certains vieux Bulletins et mettre sur pied une collection sp\u00e9ciale intitul\u00e9e R\u00e9trospective sur l&rsquo;environnement. Au cours des ann\u00e9es, nous avons abord\u00e9 des sujets comme les sols, les for\u00eats et l&rsquo;eau. Vous trouverez m\u00eame dans la collection un Bulletin datant de 1958 portant sur \u00ab&nbsp;Our Climate and Our Weather&nbsp;\u00bb. Pourquoi ne pas revisiter le pass\u00e9 et voir l&rsquo;\u00e9volution de notre vision de l&rsquo;environnement depuis 1944.<\/p>\n\n\n\n<p class=\"mar-b-qtr\"><strong><a class=\"rbc-link-format standalone-link\" data-icon-class=\"standalone-link\" href=\"https:\/\/www.rbc.com\/en\/about-us\/history\/letter\/march-1944-vol-25-no-3\/\" data-dig-id=\"LP-1802-a9ff73a4\" data-dig-label=\"The Importance of Forests\" data-dig-action=\"link click\" data-dig-category=\"LP\">The Importance of Forests<\/a><\/strong> (ce lien m\u00e8ne \u00e0 un site web dont le contenu est en anglais seulement)<\/p>\n\n\n\n<p class=\"mar-b\">    <strong><em>(mars 1944) <\/em><\/strong><\/p>\n\n\n\n<p class=\"mar-b-qtr\"><strong><a class=\"rbc-link-format standalone-link\" data-icon-class=\"standalone-link\" href=\"https:\/\/www.rbc.com\/en\/about-us\/history\/letter\/january-1945-vol-26-no-1\/\" data-dig-id=\"LP-1802-493f3048\" data-dig-label=\"Canada's Resources, Development and Possibilities\" data-dig-action=\"link click\" data-dig-category=\"LP\">Canada&rsquo;s Resources, Development and Possibilities<\/a><\/strong> (ce lien m\u00e8ne \u00e0 un site web dont le contenu est en anglais seulement)<\/p>\n\n\n\n<p class=\"mar-b\">    <strong><em>(janvier 1945) <\/em><\/strong><\/p>\n\n\n\n<p class=\"mar-b-qtr has-rbc-bright-blue-tint-1-color has-text-color\"><strong><a href=\"https:\/\/www.rbc.com\/fr\/notre-compagnie\/histoire\/bulletin\/vol-27-n-8-aout-1946-conservation-du-sol\/\" data-dig-id=\"LP-1802-87b6bf6b\" data-dig-category=\"LP\" data-dig-action=\"link click\" data-dig-label=\"Conservation du sol\" class=\"rbc-link-format standalone-link\" data-icon-class=\"standalone-link\">Conservation du sol<\/a><\/strong><\/p>\n\n\n\n<p class=\"mar-b\">    <strong><em>(ao\u00fbt 1946)<\/em><\/strong><\/p>\n\n\n\n<p class=\"mar-b-qtr\"><strong><a class=\"rbc-link-format standalone-link\" data-icon-class=\"standalone-link\" href=\"https:\/\/wpvip-rbcroyalbank-com-pre-develop.go-vip.net\/en\/about-us\/history\/letter\/january-1947-vol-28-no-1-forest-resources-and-industry\/\" data-dig-id=\"LP-1802-30bec61a\" data-dig-label=\"Forest Resources &amp; Industry\" data-dig-action=\"link click\" data-dig-category=\"LP\">Forest Resources &amp; Industry<\/a><\/strong> (ce lien m\u00e8ne \u00e0 un site web dont le contenu est en anglais seulement)<\/p>\n\n\n\n<p class=\"mar-b\">    <strong><em>(janvier 1947) <\/em><\/strong><\/p>\n\n\n\n<p class=\"mar-b-qtr has-rbc-bright-blue-tint-1-color has-text-color\"><strong><a href=\"https:\/\/www.rbc.com\/fr\/notre-compagnie\/histoire\/bulletin\/juin-1948-les-ressources-naturelles-du-canada\/\" data-dig-id=\"LP-1802-8ab88003\" data-dig-category=\"LP\" data-dig-action=\"link click\" data-dig-label=\"Les ressources naturelles du Canada\" class=\"rbc-link-format standalone-link\" data-icon-class=\"standalone-link\">Les ressources naturelles du Canada<\/a><\/strong><\/p>\n\n\n\n<p class=\"mar-b\">    <strong><em>(juin 1948)<\/em><\/strong><\/p>\n\n\n\n<p class=\"mar-b-qtr has-rbc-bright-blue-tint-1-color has-text-color\"><strong><a href=\"https:\/\/www.rbc.com\/fr\/notre-compagnie\/histoire\/bulletin\/novembre-1948-les-ressources-alimentaires-du-globe\/\" data-dig-id=\"LP-1802-950021a5\" data-dig-category=\"LP\" data-dig-action=\"link click\" data-dig-label=\"Les ressources alimentaires du globe\" class=\"rbc-link-format standalone-link\" data-icon-class=\"standalone-link\">Les ressources alimentaires du globe<\/a><\/strong><\/p>\n\n\n\n<p class=\"mar-b\"><strong><em>    (novembre 1948)<\/em><\/strong><\/p>\n\n\n\n<p class=\"mar-b-qtr has-rbc-bright-blue-tint-1-color has-text-color\"><strong><a href=\"https:\/\/www.rbc.com\/fr\/notre-compagnie\/histoire\/bulletin\/vol-30-n-2-fevrier-1949-preservons-nos-forets\/\" data-dig-id=\"LP-1802-3e895a0c\" data-dig-category=\"LP\" data-dig-action=\"link click\" data-dig-label=\"Pr\u00e9servons nos for\u00eats\" class=\"rbc-link-format standalone-link\" data-icon-class=\"standalone-link\">Pr\u00e9servons nos for\u00eats<\/a><\/strong><\/p>\n\n\n\n<p class=\"mar-b\">    <strong><em>(f\u00e9vrier 1949)<\/em><\/strong><\/p>\n\n\n\n<p class=\"mar-b-qtr has-rbc-bright-blue-tint-1-color has-text-color\"><strong><a href=\"https:\/\/www.rbc.com\/fr\/notre-compagnie\/histoire\/bulletin\/octobre-1949-le-climat-et-la-temperature-du-canada\/\" data-dig-id=\"LP-1802-dad142e9\" data-dig-category=\"LP\" data-dig-action=\"link click\" data-dig-label=\"Le climat et la temp\u00e9rature du Canada\" class=\"rbc-link-format standalone-link\" data-icon-class=\"standalone-link\">Le climat et la temp\u00e9rature du Canada<\/a><\/strong><\/p>\n\n\n\n<p class=\"mar-b\"><strong><em>    (octobre 1949)<\/em><\/strong><\/p>\n\n\n\n<p class=\"mar-b-qtr has-rbc-bright-blue-tint-1-color has-text-color\"><strong><a href=\"https:\/\/www.rbc.com\/fr\/notre-compagnie\/histoire\/bulletin\/vol-31-n-3-mars-1950-leau-est-essentielle-a-la-vie\/\" data-dig-id=\"LP-1802-18ffeb41\" data-dig-category=\"LP\" data-dig-action=\"link click\" data-dig-label=\"L'eau est essentielle \u00e0 la vie\" class=\"rbc-link-format standalone-link\" data-icon-class=\"standalone-link\">L&rsquo;eau est essentielle \u00e0 la vie<\/a><\/strong><\/p>\n\n\n\n<p class=\"mar-b\"><strong><em>    (mars 1950)<\/em><\/strong><\/p>\n\n\n\n<p class=\"mar-b-qtr has-rbc-bright-blue-tint-1-color has-text-color\"><strong><a href=\"https:\/\/www.rbc.com\/fr\/notre-compagnie\/histoire\/bulletin\/novembre-1950-lagriculture-dans-leconomie-du-canada\/\" data-dig-id=\"LP-1802-e1a09aa4\" data-dig-category=\"LP\" data-dig-action=\"link click\" data-dig-label=\"L'agriculture dans l'\u00e9conomie du Canada\" class=\"rbc-link-format standalone-link\" data-icon-class=\"standalone-link\">L&rsquo;agriculture dans l&rsquo;\u00e9conomie du Canada<\/a><\/strong><\/p>\n\n\n\n<p class=\"mar-b\"><strong><em>    (novembre 1950)<\/em><\/strong><\/p>\n\n\n\n<p class=\"mar-b-qtr has-rbc-bright-blue-tint-1-color has-text-color\"><strong><a href=\"https:\/\/www.rbc.com\/fr\/notre-compagnie\/histoire\/bulletin\/decembre-1950-la-recherche-de-la-beaute\/\" data-dig-id=\"LP-1802-b4e718af\" data-dig-category=\"LP\" data-dig-action=\"link click\" data-dig-label=\"La recherche de la beaut\u00e9\" class=\"rbc-link-format standalone-link\" data-icon-class=\"standalone-link\">La recherche de la beaut\u00e9<\/a><\/strong><\/p>\n\n\n\n<p class=\"mar-b\"><strong><em>    (d\u00e9cembre 1950)<\/em><\/strong><\/p>\n\n\n\n<p class=\"mar-b-qtr has-rbc-bright-blue-tint-1-color has-text-color\"><strong><a href=\"https:\/\/www.rbc.com\/fr\/notre-compagnie\/histoire\/bulletin\/fevrier-1951-deux-meilleurs-brins-dherbe\/\" data-dig-id=\"LP-1802-4dd46c6b\" data-dig-category=\"LP\" data-dig-action=\"link click\" data-dig-label=\"Deux meilleurs brins d'herbe\" class=\"rbc-link-format standalone-link\" data-icon-class=\"standalone-link\">Deux meilleurs brins d&rsquo;herbe<\/a><\/strong><\/p>\n\n\n\n<p class=\"mar-b\"><strong><em>    (f\u00e9vrier 1951)<\/em><\/strong><\/p>\n\n\n\n<p class=\"mar-b-qtr has-rbc-bright-blue-tint-1-color has-text-color\"><strong><a href=\"https:\/\/www.rbc.com\/fr\/notre-compagnie\/histoire\/bulletin\/septembre-1952-conservons-le-sol\/\" data-dig-id=\"LP-1802-d0057c51\" data-dig-category=\"LP\" data-dig-action=\"link click\" data-dig-label=\"Conservons le sol\" class=\"rbc-link-format standalone-link\" data-icon-class=\"standalone-link\">Conservons le sol<\/a><\/strong><\/p>\n\n\n\n<p class=\"mar-b\"><strong><em>    (septembre 1952)<\/em><\/strong><\/p>\n\n\n\n<p class=\"mar-b-qtr has-rbc-bright-blue-tint-1-color has-text-color\"><strong><a href=\"https:\/\/www.rbc.com\/fr\/notre-compagnie\/histoire\/bulletin\/vol-38-n-4-avril-1957-la-conservation-de-notre-sol\/\" data-dig-id=\"LP-1802-94160f08\" data-dig-category=\"LP\" data-dig-action=\"link click\" data-dig-label=\"La conservation de notre sol\" class=\"rbc-link-format standalone-link\" data-icon-class=\"standalone-link\">La conservation de notre sol<\/a><\/strong><\/p>\n\n\n\n<p class=\"mar-b\"><strong><em>    (avril 1957)<\/em><\/strong><\/p>\n\n\n\n<p class=\"mar-b-qtr has-rbc-bright-blue-tint-1-color has-text-color\"><strong><a href=\"https:\/\/www.rbc.com\/fr\/notre-compagnie\/histoire\/bulletin\/vol-40-n-4-mai-1959-conservation-et-utilisation-de-nos-espaces-libres\/\" data-dig-id=\"LP-1802-3e8f57de\" data-dig-category=\"LP\" data-dig-action=\"link click\" data-dig-label=\"Conservation et utilisation de nos espaces libres\" class=\"rbc-link-format standalone-link\" data-icon-class=\"standalone-link\">Conservation et utilisation de nos espaces libres<\/a><\/strong><\/p>\n\n\n\n<p class=\"mar-b\"><strong><em>    (mai 1959)<\/em><\/strong><\/p>\n\n\n\n<p class=\"mar-b-qtr has-rbc-bright-blue-tint-1-color has-text-color\"><strong><a href=\"https:\/\/www.rbc.com\/fr\/notre-compagnie\/histoire\/bulletin\/vol-41-n-4-mai-1960-lhomme-et-la-nature\/\" data-dig-id=\"LP-1802-ec7e5977\" data-dig-category=\"LP\" data-dig-action=\"link click\" data-dig-label=\"L'homme et la nature\" class=\"rbc-link-format standalone-link\" data-icon-class=\"standalone-link\">L&rsquo;homme et la nature<\/a><\/strong><\/p>\n\n\n\n<p class=\"mar-b\"><strong><em>    (mai 1960)<\/em><\/strong><\/p>\n\n\n\n<p class=\"mar-b-qtr has-rbc-bright-blue-tint-1-color has-text-color\"><strong><a href=\"https:\/\/www.rbc.com\/fr\/notre-compagnie\/histoire\/bulletin\/vol-42-n-7-septembre-1961-la-pollution-de-leau\/\" data-dig-id=\"LP-1802-baef4f03\" data-dig-category=\"LP\" data-dig-action=\"link click\" data-dig-label=\"La pollution de l'eau\" class=\"rbc-link-format standalone-link\" data-icon-class=\"standalone-link\">La pollution de l&rsquo;eau<\/a><\/strong><\/p>\n\n\n\n<p class=\"mar-b\"><strong><em>    (septembre 1961)<\/em><\/strong><\/p>\n\n\n\n<p class=\"mar-b-qtr has-rbc-bright-blue-tint-1-color has-text-color\"><strong><a href=\"https:\/\/www.rbc.com\/fr\/notre-compagnie\/histoire\/bulletin\/vol-43-n-10-novembre-1962-nos-ressources-et-leur-conservation\/\" data-dig-id=\"LP-1802-d4cef82b\" data-dig-category=\"LP\" data-dig-action=\"link click\" data-dig-label=\"Nos ressources et leur conservation\" class=\"rbc-link-format standalone-link\" data-icon-class=\"standalone-link\">Nos ressources et leur conservation<\/a><\/strong><\/p>\n\n\n\n<p class=\"mar-b\"><strong><em>    (novembre 1962)<\/em><\/strong><\/p>\n\n\n\n<p class=\"mar-b-qtr has-rbc-bright-blue-tint-1-color has-text-color\"><strong><a href=\"https:\/\/www.rbc.com\/fr\/notre-compagnie\/histoire\/bulletin\/vol-44-n-12-decembre-1963-la-protection-de-nos-bassins-hydrographiques\/\" data-dig-id=\"LP-1802-f7665168\" data-dig-category=\"LP\" data-dig-action=\"link click\" data-dig-label=\"La protection de nos bassins hydrographiques\" class=\"rbc-link-format standalone-link\" data-icon-class=\"standalone-link\">La protection de nos bassins hydrographiques<\/a><\/strong><\/p>\n\n\n\n<p class=\"mar-b\"><strong><em>    (d\u00e9cembre 1963)<\/em><\/strong><\/p>\n\n\n\n<p class=\"mar-b-qtr has-rbc-bright-blue-tint-1-color has-text-color\"><strong><a href=\"https:\/\/www.rbc.com\/fr\/notre-compagnie\/histoire\/bulletin\/vol-49-n-4-avril-1968-voir-loin\/\" data-dig-id=\"LP-1802-6d47c903\" data-dig-category=\"LP\" data-dig-action=\"link click\" data-dig-label=\"Voir loin\" class=\"rbc-link-format standalone-link\" data-icon-class=\"standalone-link\">Voir loin<\/a><\/strong><\/p>\n\n\n\n<p class=\"mar-b\"><strong><em>    (avril 1968)<\/em><\/strong><\/p>\n\n\n\n<p class=\"mar-b-qtr has-rbc-bright-blue-tint-1-color has-text-color\"><strong><a href=\"https:\/\/www.rbc.com\/fr\/notre-compagnie\/histoire\/bulletin\/fevrier-2008-la-planete-bleue\/\" data-dig-id=\"LP-1802-475d7415\" data-dig-category=\"LP\" data-dig-action=\"link click\" data-dig-label=\"La plan\u00e8te bleue\" class=\"rbc-link-format standalone-link\" data-icon-class=\"standalone-link\">La plan\u00e8te bleue<\/a><\/strong><\/p>\n\n\n\n<p><strong><em>    (f\u00e9vrier 2008)<\/em><\/strong><\/p>\n<\/div>\n<\/div>\n<\/section>\n","protected":false},"excerpt":{"rendered":"","protected":false},"author":86,"featured_media":0,"parent":595,"menu_order":0,"comment_status":"closed","ping_status":"closed","template":"","meta":{"_acf_changed":false,"disable_focal_point":true,"featured_image_focal_point":{"x":0.5,"y":0.5},"advgb_blocks_editor_width":"","advgb_blocks_columns_visual_guide":"","footnotes":""},"class_list":["post-1802","page","type-page","status-publish","hentry"],"acf":[],"yoast_head":"<!-- This site is optimized with the Yoast SEO Premium plugin v27.2 (Yoast SEO v27.2) - https:\/\/yoast.com\/product\/yoast-seo-premium-wordpress\/ -->\n<title>retrospective-sur-lenvironnement - RBC<\/title>\n<meta name=\"robots\" content=\"index, follow, max-snippet:-1, max-image-preview:large, max-video-preview:-1\" \/>\n<link rel=\"canonical\" href=\"https:\/\/www.rbc.com\/fr\/notre-compagnie\/histoire\/bulletins\/retrospective-sur-lenvironnement\/\" \/>\n<meta property=\"og:locale\" content=\"fr_FR\" \/>\n<meta property=\"og:type\" content=\"article\" \/>\n<meta property=\"og:title\" content=\"retrospective-sur-lenvironnement - RBC\" \/>\n<meta property=\"og:url\" content=\"https:\/\/www.rbc.com\/fr\/notre-compagnie\/histoire\/bulletins\/retrospective-sur-lenvironnement\/\" \/>\n<meta property=\"og:site_name\" content=\"RBC\" \/>\n<meta property=\"article:modified_time\" content=\"2024-06-25T18:05:36+00:00\" \/>\n<meta name=\"twitter:card\" content=\"summary_large_image\" \/>\n<meta name=\"twitter:label1\" content=\"Est. reading time\" \/>\n\t<meta name=\"twitter:data1\" content=\"2 minutes\" \/>\n<script type=\"application\/ld+json\" class=\"yoast-schema-graph\">{\"@context\":\"https:\/\/schema.org\",\"@graph\":[{\"@type\":\"WebPage\",\"@id\":\"https:\/\/www.rbc.com\/fr\/notre-compagnie\/histoire\/bulletins\/retrospective-sur-lenvironnement\/\",\"url\":\"https:\/\/www.rbc.com\/fr\/notre-compagnie\/histoire\/bulletins\/retrospective-sur-lenvironnement\/\",\"name\":\"retrospective-sur-lenvironnement - RBC\",\"isPartOf\":{\"@id\":\"https:\/\/www.rbc.com\/fr\/#website\"},\"datePublished\":\"2022-08-19T20:15:39+00:00\",\"dateModified\":\"2024-06-25T18:05:36+00:00\",\"breadcrumb\":{\"@id\":\"https:\/\/www.rbc.com\/fr\/notre-compagnie\/histoire\/bulletins\/retrospective-sur-lenvironnement\/#breadcrumb\"},\"inLanguage\":\"fr-FR\",\"potentialAction\":[{\"@type\":\"ReadAction\",\"target\":[\"https:\/\/www.rbc.com\/fr\/notre-compagnie\/histoire\/bulletins\/retrospective-sur-lenvironnement\/\"]}]},{\"@type\":\"BreadcrumbList\",\"@id\":\"https:\/\/www.rbc.com\/fr\/notre-compagnie\/histoire\/bulletins\/retrospective-sur-lenvironnement\/#breadcrumb\",\"itemListElement\":[{\"@type\":\"ListItem\",\"position\":1,\"name\":\"Notre Compagnie\",\"item\":\"https:\/\/www.rbc.com\/fr\/notre-compagnie\/\"},{\"@type\":\"ListItem\",\"position\":2,\"name\":\"Histoire\",\"item\":\"https:\/\/www.rbc.com\/fr\/notre-compagnie\/histoire\/\"},{\"@type\":\"ListItem\",\"position\":3,\"name\":\"Bulletin RBC\",\"item\":\"https:\/\/www.rbc.com\/fr\/notre-compagnie\/histoire\/bulletins\/\"},{\"@type\":\"ListItem\",\"position\":4,\"name\":\"retrospective-sur-lenvironnement\"}]},{\"@type\":\"WebSite\",\"@id\":\"https:\/\/www.rbc.com\/fr\/#website\",\"url\":\"https:\/\/www.rbc.com\/fr\/\",\"name\":\"RBC\",\"description\":\"\",\"potentialAction\":[{\"@type\":\"SearchAction\",\"target\":{\"@type\":\"EntryPoint\",\"urlTemplate\":\"https:\/\/www.rbc.com\/fr\/?s={search_term_string}\"},\"query-input\":{\"@type\":\"PropertyValueSpecification\",\"valueRequired\":true,\"valueName\":\"search_term_string\"}}],\"inLanguage\":\"fr-FR\"}]}<\/script>\n<!-- \/ Yoast SEO Premium plugin. -->","yoast_head_json":{"title":"retrospective-sur-lenvironnement - RBC","robots":{"index":"index","follow":"follow","max-snippet":"max-snippet:-1","max-image-preview":"max-image-preview:large","max-video-preview":"max-video-preview:-1"},"canonical":"https:\/\/www.rbc.com\/fr\/notre-compagnie\/histoire\/bulletins\/retrospective-sur-lenvironnement\/","og_locale":"fr_FR","og_type":"article","og_title":"retrospective-sur-lenvironnement - RBC","og_url":"https:\/\/www.rbc.com\/fr\/notre-compagnie\/histoire\/bulletins\/retrospective-sur-lenvironnement\/","og_site_name":"RBC","article_modified_time":"2024-06-25T18:05:36+00:00","twitter_card":"summary_large_image","twitter_misc":{"Est. reading time":"2 minutes"},"schema":{"@context":"https:\/\/schema.org","@graph":[{"@type":"WebPage","@id":"https:\/\/www.rbc.com\/fr\/notre-compagnie\/histoire\/bulletins\/retrospective-sur-lenvironnement\/","url":"https:\/\/www.rbc.com\/fr\/notre-compagnie\/histoire\/bulletins\/retrospective-sur-lenvironnement\/","name":"retrospective-sur-lenvironnement - RBC","isPartOf":{"@id":"https:\/\/www.rbc.com\/fr\/#website"},"datePublished":"2022-08-19T20:15:39+00:00","dateModified":"2024-06-25T18:05:36+00:00","breadcrumb":{"@id":"https:\/\/www.rbc.com\/fr\/notre-compagnie\/histoire\/bulletins\/retrospective-sur-lenvironnement\/#breadcrumb"},"inLanguage":"fr-FR","potentialAction":[{"@type":"ReadAction","target":["https:\/\/www.rbc.com\/fr\/notre-compagnie\/histoire\/bulletins\/retrospective-sur-lenvironnement\/"]}]},{"@type":"BreadcrumbList","@id":"https:\/\/www.rbc.com\/fr\/notre-compagnie\/histoire\/bulletins\/retrospective-sur-lenvironnement\/#breadcrumb","itemListElement":[{"@type":"ListItem","position":1,"name":"Notre Compagnie","item":"https:\/\/www.rbc.com\/fr\/notre-compagnie\/"},{"@type":"ListItem","position":2,"name":"Histoire","item":"https:\/\/www.rbc.com\/fr\/notre-compagnie\/histoire\/"},{"@type":"ListItem","position":3,"name":"Bulletin RBC","item":"https:\/\/www.rbc.com\/fr\/notre-compagnie\/histoire\/bulletins\/"},{"@type":"ListItem","position":4,"name":"retrospective-sur-lenvironnement"}]},{"@type":"WebSite","@id":"https:\/\/www.rbc.com\/fr\/#website","url":"https:\/\/www.rbc.com\/fr\/","name":"RBC","description":"","potentialAction":[{"@type":"SearchAction","target":{"@type":"EntryPoint","urlTemplate":"https:\/\/www.rbc.com\/fr\/?s={search_term_string}"},"query-input":{"@type":"PropertyValueSpecification","valueRequired":true,"valueName":"search_term_string"}}],"inLanguage":"fr-FR"}]}},"parsely":{"version":"1.1.0","canonical_url":"https:\/\/rbc.com\/fr\/notre-compagnie\/histoire\/bulletins\/retrospective-sur-lenvironnement\/","smart_links":{"inbound":0,"outbound":0},"traffic_boost_suggestions_count":0,"meta":{"@context":"https:\/\/schema.org","@type":"WebPage","headline":"retrospective-sur-lenvironnement","url":"http:\/\/www.rbc.com\/fr\/notre-compagnie\/histoire\/bulletins\/retrospective-sur-lenvironnement\/","mainEntityOfPage":{"@type":"WebPage","@id":"http:\/\/www.rbc.com\/fr\/notre-compagnie\/histoire\/bulletins\/retrospective-sur-lenvironnement\/"},"thumbnailUrl":"","image":{"@type":"ImageObject","url":""},"articleSection":"Uncategorized","author":[{"@type":"Person","name":"zinoemielu"}],"creator":["zinoemielu"],"publisher":{"@type":"Organization","name":"RBC","logo":""},"keywords":[],"dateCreated":"2022-08-19T20:15:39Z","datePublished":"2022-08-19T20:15:39Z","dateModified":"2024-06-25T18:05:36Z"},"rendered":"<script type=\"application\/ld+json\" class=\"wp-parsely-metadata\">{\"@context\":\"https:\\\/\\\/schema.org\",\"@type\":\"WebPage\",\"headline\":\"retrospective-sur-lenvironnement\",\"url\":\"http:\\\/\\\/www.rbc.com\\\/fr\\\/notre-compagnie\\\/histoire\\\/bulletins\\\/retrospective-sur-lenvironnement\\\/\",\"mainEntityOfPage\":{\"@type\":\"WebPage\",\"@id\":\"http:\\\/\\\/www.rbc.com\\\/fr\\\/notre-compagnie\\\/histoire\\\/bulletins\\\/retrospective-sur-lenvironnement\\\/\"},\"thumbnailUrl\":\"\",\"image\":{\"@type\":\"ImageObject\",\"url\":\"\"},\"articleSection\":\"Uncategorized\",\"author\":[{\"@type\":\"Person\",\"name\":\"zinoemielu\"}],\"creator\":[\"zinoemielu\"],\"publisher\":{\"@type\":\"Organization\",\"name\":\"RBC\",\"logo\":\"\"},\"keywords\":[],\"dateCreated\":\"2022-08-19T20:15:39Z\",\"datePublished\":\"2022-08-19T20:15:39Z\",\"dateModified\":\"2024-06-25T18:05:36Z\"}<\/script>","tracker_url":"https:\/\/cdn.parsely.com\/keys\/rbc.com\/p.js"},"coauthors":[],"author_meta":{"author_link":"https:\/\/www.rbc.com\/fr\/author\/zinoemielu\/","display_name":"zinoemielu"},"relative_dates":{"created":"Publi\u00e9 4 ans il y a","modified":"Mis \u00e0 jour 2 ans il y a"},"absolute_dates":{"created":"Publi\u00e9 le 19 ao\u00fbt 2022","modified":"Mise \u00e0 jour le 25 juin 2024"},"absolute_dates_time":{"created":"Publi\u00e9 le 19 ao\u00fbt 2022 8:15  ","modified":"Mise \u00e0 jour le 25 juin 2024 6:05  "},"featured_img_caption":"","featured_img":false,"series_order":"","_links":{"self":[{"href":"https:\/\/www.rbc.com\/fr\/wp-json\/wp\/v2\/pages\/1802","targetHints":{"allow":["GET"]}}],"collection":[{"href":"https:\/\/www.rbc.com\/fr\/wp-json\/wp\/v2\/pages"}],"about":[{"href":"https:\/\/www.rbc.com\/fr\/wp-json\/wp\/v2\/types\/page"}],"author":[{"embeddable":true,"href":"https:\/\/www.rbc.com\/fr\/wp-json\/wp\/v2\/users\/86"}],"replies":[{"embeddable":true,"href":"https:\/\/www.rbc.com\/fr\/wp-json\/wp\/v2\/comments?post=1802"}],"version-history":[{"count":14,"href":"https:\/\/www.rbc.com\/fr\/wp-json\/wp\/v2\/pages\/1802\/revisions"}],"predecessor-version":[{"id":3120,"href":"https:\/\/www.rbc.com\/fr\/wp-json\/wp\/v2\/pages\/1802\/revisions\/3120"}],"up":[{"embeddable":true,"href":"https:\/\/www.rbc.com\/fr\/wp-json\/wp\/v2\/pages\/595"}],"wp:attachment":[{"href":"https:\/\/www.rbc.com\/fr\/wp-json\/wp\/v2\/media?parent=1802"}],"curies":[{"name":"wp","href":"https:\/\/api.w.org\/{rel}","templated":true}]}}