{"id":17,"date":"2022-07-08T13:58:05","date_gmt":"2022-07-08T13:58:05","guid":{"rendered":"https:\/\/www.rbc.com\/fr\/?page_id=17"},"modified":"2022-09-09T17:28:24","modified_gmt":"2022-09-09T17:28:24","slug":"our-recent-past","status":"publish","type":"page","link":"https:\/\/www.rbc.com\/fr\/notre-compagnie\/histoire\/celebrating-our-history\/our-recent-past\/","title":{"rendered":"Notre histoire r\u00e9cente"},"content":{"rendered":"\t\n\t<div class=\"wp-block-tk-spacer id-54502496-dc2e-41fc-96bf-300fbebe494e\" aria-hidden=\"true\"><\/div>\n\t\n\n\n<section role=\"banner\" class=\"wp-block-rbc-banner-campaign alignfull banner html-bnr none full-width\"><div class=\"section-inner campaign\"><div class=\"banner-wpr\"><div class=\"banner-img img-center lazy\" data-img=\"https:\/\/www.rbc.com\/fr\/wp-content\/uploads\/sites\/5\/2022\/08\/Catalyst-Award_Our_recent_past_homepage_section-and-banner-image.jpeg\" data-img-id=\"1765\" style=\"background-image:url( https:\/\/www.rbc.com\/fr\/wp-content\/uploads\/sites\/5\/2022\/08\/Catalyst-Award_Our_recent_past_homepage_section-and-banner-image.jpeg );background-position:0%,0%;background-size:cover\"><\/div><div class=\"banner-text\">\n<h2 class=\"mar-b-15 wp-block-heading\" id=\"h-histoire-recente\">Histoire r\u00e9cente<\/h2>\n\n\n\n<p class=\"mar-b-0\">Chaque d\u00e9cennie poss\u00e8de un style et des caract\u00e9ristiques qui lui sont propres. Le pass\u00e9 r\u00e9cent a \u00e9t\u00e9 appel\u00e9 l\u2019\u00e8re num\u00e9rique, marqu\u00e9e par l\u2019avancement rapide des technologies pour les entreprises et pour les particuliers. Les villes et les pays se sont diversifi\u00e9s, et tous les aspects de la vie quotidienne ont chang\u00e9. C\u2019est dans ce contexte que la Banque Royale du Canada continue d\u2019exercer son influence et de faire preuve de leadership pour contribuer \u00e0 une soci\u00e9t\u00e9 meilleure.<\/p>\n<\/div><\/div><\/div><\/section>\n\n\n\t\n\t<div class=\"wp-block-tk-spacer id-d5235d31-ad2d-4482-b9a1-a521b81a4dae\" aria-hidden=\"true\"><\/div>\n\t\n\n\n<section class=\"wp-block-rbc-section-block\">\n<div class=\"wp-block-rbc-section-inner-block  section-inner pad-t-0 pad-b-0\">\n<div class=\"wp-block-columns  mar-b-0 is-layout-flex wp-container-core-columns-is-layout-28f84493 wp-block-columns-is-layout-flex\">\n<div class=\"wp-block-column pad-r mob-pad-r-0 mob-mar-b-hlf is-layout-flow wp-block-column-is-layout-flow\" style=\"flex-basis:35%\">\n<div class=\"wp-block-group our-recent-past is-layout-flow wp-block-group-is-layout-flow\">\n<p class=\"mar-b-15 is-style-default default\" style=\"font-style:normal;font-weight:400\">Our Recent Past Stories<\/p>\n\n\n\n<p class=\"mar-b-15 is-style-standalone-link\" id=\"our-recent-past\" style=\"font-style:normal;font-weight:400\"><a href=\"https:\/\/www.rbc.com\/fr\/notre-compagnie\/histoire\/celebrating-our-history\/our-recent-past\" data-dig-id=\"LP-425-d757318b\" data-dig-category=\"LP\" data-dig-action=\"link click\" data-dig-label=\"Leading by Example\" class=\"rbc-link-format standalone-link\" data-icon-class=\"standalone-link\">Pr\u00eacher par l\u2019exemple<\/a><\/p>\n\n\n\n<p class=\"mar-b-15 is-style-standalone-link\" id=\"a-lere-de-la-mondialisation\"><a href=\"https:\/\/www.rbc.com\/fr\/notre-compagnie\/histoire\/celebrating-our-history\/our-recent-past\/a-lere-de-la-mondialisation\" data-dig-id=\"LP-425-2c96905a\" data-dig-category=\"LP\" data-dig-action=\"link click\" data-dig-label=\"Living in a World that Never Sleeps\" class=\"rbc-link-format standalone-link\" data-icon-class=\"standalone-link\">\u00c0 l\u2019\u00e8re de la mondialisation<\/a><\/p>\n\n\n\n<p class=\"mar-b-15 is-style-standalone-link\" id=\"le-village-mondial\"><a href=\"https:\/\/www.rbc.com\/fr\/notre-compagnie\/histoire\/celebrating-our-history\/our-recent-past\/le-village-mondial\" data-dig-id=\"LP-425-986c5e19\" data-dig-category=\"LP\" data-dig-action=\"link click\" data-dig-label=\"The Global Village\" class=\"rbc-link-format standalone-link\" data-icon-class=\"standalone-link\">Le village mondial<\/a><\/p>\n\n\n\n<p class=\"mar-b-15 is-style-standalone-link\" id=\"placer-la-barre-plus-haut-en-matiere-de-diversite-visant-la-croissance-et-linnovation\"><a href=\"https:\/\/www.rbc.com\/fr\/notre-compagnie\/histoire\/celebrating-our-history\/our-recent-past\/placer-la-barre-plus-haut-en-matiere-de-diversite-visant-la-croissance-et-linnovation\" data-dig-id=\"LP-425-d568ae2d\" data-dig-category=\"LP\" data-dig-action=\"link click\" data-dig-label=\"Raising the Bar on Diversity for Growth and Innovation\" class=\"rbc-link-format standalone-link\" data-icon-class=\"standalone-link\">Placer la barre plus haut en mati\u00e8re de diversit\u00e9 visant la croissance et l\u2019innovation<\/a><\/p>\n\n\n\n<p class=\"mar-b-15 is-style-standalone-link\" id=\"etablir-un-plan-davenir\"><a href=\"https:\/\/www.rbc.com\/fr\/notre-compagnie\/histoire\/celebrating-our-history\/our-recent-past\/etablir-un-plan-davenir\" data-dig-id=\"LP-265-010d5611\" data-dig-category=\"LP\" data-dig-action=\"link click\" data-dig-label=\"www.rbc.com\/fr\/notre-compagnie\/histoire\/celebrating-our-history\/our-recent-past\/etablir-un-plan-davenir\/\" class=\"rbc-link-format standalone-link\" data-icon-class=\"standalone-link\">\u00c9tablir un plan d\u2019avenir<\/a><\/p>\n<\/div>\n<\/div>\n\n\n\n<div class=\"wp-block-column is-layout-flow wp-block-column-is-layout-flow\">\n<h2 class=\"mar-b-30 wp-block-heading\" id=\"h-precher-par-l-exemple-de-1990-a-aujourd-hui\">Pr\u00eacher par l\u2019exemple (de 1990 \u00e0 aujourd\u2019hui)<\/h2>\n\n\n\n<p class=\"mar-b-hlf\">La Banque Royale a amorc\u00e9 les ann\u00e9es 1990 solide sur le plan financier et organisationnel, malgr\u00e9 la conjoncture difficile des ann\u00e9es 1980. Les occasions qui se sont pr\u00e9sent\u00e9es par suite de la r\u00e9forme r\u00e9glementaire des services financiers ont men\u00e9 \u00e0 des acquisitions strat\u00e9giques comme Dominion valeurs mobili\u00e8res (1988) et le Trust Royal et la Compagnie d\u2019assurance Voyageur (1993). Ces acquisitions ont servi de toile de fond \u00e0 notre transformation de banque du secteur d\u00e9tail en fournisseur de services financiers \u00e0 l\u2019\u00e9chelle mondiale. En 2001, la Banque Royale a lanc\u00e9 sa marque mondiale, RBC, pour signifier son \u00e9volution.<\/p>\n\n\n\n<p class=\"mar-b-hlf\">Le d\u00e9cloisonnement continu du secteur des services financiers a aussi donn\u00e9 lieu \u00e0 de nouvelles possibilit\u00e9s en mati\u00e8re de produits. Au cours des deux d\u00e9cennies qui ont suivi, le secteur des services financiers a connu des changements sans pr\u00e9c\u00e9dent et a fait face \u00e0 une concurrence accrue. La Banque s\u2019est engag\u00e9e dans cette nouvelle \u00e9pop\u00e9e guid\u00e9e par deux objectifs strat\u00e9giques : offrir un service client\u00e8le in\u00e9gal\u00e9 et accro\u00eetre sa rentabilit\u00e9.<\/p>\n\n\n\n<p class=\"mar-b-hlf\">La Banque Royale a mis\u00e9 sur son principal avantage concurrentiel, ses employ\u00e9s, afin d\u2019approfondir ses relations avec ses clients. Parall\u00e8lement, les avantages li\u00e9s \u00e0 la satisfaction accrue et \u00e0 la r\u00e9tention des employ\u00e9s ont \u00e9t\u00e9 reconnus comme des \u00e9l\u00e9ments essentiels de la prestation d\u2019une exp\u00e9rience client de premier plan. C\u2019est pourquoi nous avons offert aux employ\u00e9s des occasions accrues de formation et de perfectionnement professionnel et des options de souplesse en milieu de travail afin de leur permettre de conjuguer les exigences croissantes li\u00e9es \u00e0 l\u2019\u00e9quilibre travail-famille. Dans les ann\u00e9es 1990, une attention soutenue a aussi \u00e9t\u00e9 accord\u00e9e \u00e0 la diversit\u00e9 en milieu de travail et \u00e0 l\u2019\u00e9quit\u00e9 entre les sexes. Aujourd\u2019hui, on reconna\u00eet largement la position de chef de file de la Banque en mati\u00e8re de programmes et de politiques de conciliation travail-famille, de diversit\u00e9 et d\u2019\u00e9cart entre les sexes. D\u2019ailleurs, la Banque Royale est continuellement reconnue comme l\u2019un des meilleurs employeurs au Canada.<\/p>\n\n\n\n<p class=\"mar-b-hlf\">L\u2019<em>\u00e8re d\u2019Internet<\/em>&nbsp;a eu pour effet d\u2019accro\u00eetre les attentes pour des&nbsp;<em>services financiers en tout temps et \u00e0 partir de n\u2019importe o\u00f9<\/em>. La Banque Royale a mis\u00e9 sur son leadership de longue date, \u00e9tabli depuis les ann\u00e9es 1960, pour \u00e9laborer des solutions technologiques novatrices et mettre \u00e0 contribution des alliances strat\u00e9giques afin d\u2019offrir de nouvelles solutions de commerce \u00e9lectronique. En 2004, la Banque Royale a renforc\u00e9 son concept cl\u00e9&nbsp;<em>Le client avant tout<\/em>&nbsp;en proc\u00e9dant \u00e0 un important remaniement organisationnel et en simplifiant les processus afin de rapprocher les employ\u00e9s et les clients.<\/p>\n\n\n\n<p class=\"mar-b-0\">En 1869, les fondateurs de la Merchants\u2019 Bank of Halifax se concentraient sur le commerce \u00e0 l\u2019\u00e9chelle locale, tout en sachant d\u2019instinct que leur succ\u00e8s \u00e0 long terme reposerait sur un acc\u00e8s \u00e0 une diversit\u00e9 de clients et sur une exposition \u00e0 d\u2019autres cycles d\u2019affaires. On parle aujourd\u2019hui de mod\u00e8le d\u2019affaires \u00e9quilibr\u00e9. L\u2019intuition dont ils ont fait preuve sert encore les int\u00e9r\u00eats de la Banque. Aujourd\u2019hui, la Banque Royale du Canada est une marque embl\u00e9matique dont le leadership s\u2019exerce au Canada et \u00e0 l\u2019\u00e9tranger, et qui cherche toujours \u00e0 m\u00e9riter le privil\u00e8ge d\u2019\u00eatre le premier choix de ses clients.<\/p>\n<\/div>\n<\/div>\n<\/div>\n<\/section>\n\n\n\t\n\t<div class=\"wp-block-tk-spacer id-cc1b25fa-286f-49b3-b3c6-69d07e5b11a5\" aria-hidden=\"true\"><\/div>\n\t<style class=\"advgb-styles-renderer\">\n\t\t.wp-block-tk-spacer.id-54502496-dc2e-41fc-96bf-300fbebe494e {\n\t\theight: 25px;\n\t}\n\n\t@media ( max-width: 480px ) {\n\t\t.wp-block-tk-spacer.id-54502496-dc2e-41fc-96bf-300fbebe494e {\n\t\t\theight: 25px;\n\t\t}\n\t}\t\n\t\t.wp-block-tk-spacer.id-d5235d31-ad2d-4482-b9a1-a521b81a4dae {\n\t\theight: 49px;\n\t}\n\n\t@media ( max-width: 480px ) {\n\t\t.wp-block-tk-spacer.id-d5235d31-ad2d-4482-b9a1-a521b81a4dae {\n\t\t\theight: 30px;\n\t\t}\n\t}\t\n\t\t.wp-block-tk-spacer.id-cc1b25fa-286f-49b3-b3c6-69d07e5b11a5 {\n\t\theight: 120px;\n\t}\n\n\t@media ( max-width: 480px ) {\n\t\t.wp-block-tk-spacer.id-cc1b25fa-286f-49b3-b3c6-69d07e5b11a5 {\n\t\t\theight: 60px;\n\t\t}\n\t}\t<\/style>","protected":false},"excerpt":{"rendered":"<p> Le pass\u00e9 r\u00e9cent a \u00e9t\u00e9 appel\u00e9 l\u2019\u00e8re num\u00e9rique, marqu\u00e9e par l\u2019avancement rapide des technologies pour les entreprises et pour les particuliers.<\/p>\n","protected":false},"author":87,"featured_media":0,"parent":15,"menu_order":0,"comment_status":"closed","ping_status":"closed","template":"","meta":{"_acf_changed":false,"disable_focal_point":true,"featured_image_focal_point":{"x":0.5,"y":0.5},"advgb_blocks_editor_width":"","advgb_blocks_columns_visual_guide":"","footnotes":""},"class_list":["post-17","page","type-page","status-publish","hentry"],"acf":[],"yoast_head":"<!-- This site is optimized with the Yoast SEO Premium plugin v27.4 (Yoast SEO v27.4) - https:\/\/yoast.com\/product\/yoast-seo-premium-wordpress\/ -->\n<title>Notre histoire r\u00e9cente - RBC<\/title>\n<meta name=\"robots\" content=\"index, follow, max-snippet:-1, max-image-preview:large, max-video-preview:-1\" \/>\n<link rel=\"canonical\" href=\"https:\/\/www.rbc.com\/fr\/notre-compagnie\/histoire\/celebrating-our-history\/our-recent-past\/\" \/>\n<meta property=\"og:locale\" content=\"fr_FR\" \/>\n<meta property=\"og:type\" content=\"article\" \/>\n<meta property=\"og:title\" content=\"Notre histoire r\u00e9cente - RBC\" \/>\n<meta property=\"og:description\" content=\"Le pass\u00e9 r\u00e9cent a \u00e9t\u00e9 appel\u00e9 l\u2019\u00e8re num\u00e9rique, marqu\u00e9e par l\u2019avancement rapide des technologies pour les entreprises et pour les particuliers.\" \/>\n<meta property=\"og:url\" content=\"https:\/\/www.rbc.com\/fr\/notre-compagnie\/histoire\/celebrating-our-history\/our-recent-past\/\" \/>\n<meta property=\"og:site_name\" content=\"RBC\" \/>\n<meta property=\"article:modified_time\" content=\"2022-09-09T17:28:24+00:00\" \/>\n<meta name=\"twitter:card\" content=\"summary_large_image\" \/>\n<meta name=\"twitter:label1\" content=\"Est. reading time\" \/>\n\t<meta name=\"twitter:data1\" content=\"4 minutes\" \/>\n<script type=\"application\/ld+json\" class=\"yoast-schema-graph\">{\"@context\":\"https:\\\/\\\/schema.org\",\"@graph\":[{\"@type\":\"WebPage\",\"@id\":\"https:\\\/\\\/www.rbc.com\\\/fr\\\/notre-compagnie\\\/histoire\\\/celebrating-our-history\\\/our-recent-past\\\/\",\"url\":\"https:\\\/\\\/www.rbc.com\\\/fr\\\/notre-compagnie\\\/histoire\\\/celebrating-our-history\\\/our-recent-past\\\/\",\"name\":\"Notre histoire r\u00e9cente - RBC\",\"isPartOf\":{\"@id\":\"https:\\\/\\\/www.rbc.com\\\/fr\\\/#website\"},\"datePublished\":\"2022-07-08T13:58:05+00:00\",\"dateModified\":\"2022-09-09T17:28:24+00:00\",\"breadcrumb\":{\"@id\":\"https:\\\/\\\/www.rbc.com\\\/fr\\\/notre-compagnie\\\/histoire\\\/celebrating-our-history\\\/our-recent-past\\\/#breadcrumb\"},\"inLanguage\":\"fr-FR\",\"potentialAction\":[{\"@type\":\"ReadAction\",\"target\":[\"https:\\\/\\\/www.rbc.com\\\/fr\\\/notre-compagnie\\\/histoire\\\/celebrating-our-history\\\/our-recent-past\\\/\"]}]},{\"@type\":\"BreadcrumbList\",\"@id\":\"https:\\\/\\\/www.rbc.com\\\/fr\\\/notre-compagnie\\\/histoire\\\/celebrating-our-history\\\/our-recent-past\\\/#breadcrumb\",\"itemListElement\":[{\"@type\":\"ListItem\",\"position\":1,\"name\":\"Notre Compagnie\",\"item\":\"https:\\\/\\\/www.rbc.com\\\/fr\\\/notre-compagnie\\\/\"},{\"@type\":\"ListItem\",\"position\":2,\"name\":\"Histoire\",\"item\":\"https:\\\/\\\/www.rbc.com\\\/fr\\\/notre-compagnie\\\/histoire\\\/\"},{\"@type\":\"ListItem\",\"position\":3,\"name\":\"C\u00e9l\u00e9brons notre histoire\",\"item\":\"https:\\\/\\\/www.rbc.com\\\/fr\\\/notre-compagnie\\\/histoire\\\/celebrating-our-history\\\/\"},{\"@type\":\"ListItem\",\"position\":4,\"name\":\"Notre histoire r\u00e9cente\"}]},{\"@type\":\"WebSite\",\"@id\":\"https:\\\/\\\/www.rbc.com\\\/fr\\\/#website\",\"url\":\"https:\\\/\\\/www.rbc.com\\\/fr\\\/\",\"name\":\"RBC\",\"description\":\"\",\"potentialAction\":[{\"@type\":\"SearchAction\",\"target\":{\"@type\":\"EntryPoint\",\"urlTemplate\":\"https:\\\/\\\/www.rbc.com\\\/fr\\\/?s={search_term_string}\"},\"query-input\":{\"@type\":\"PropertyValueSpecification\",\"valueRequired\":true,\"valueName\":\"search_term_string\"}}],\"inLanguage\":\"fr-FR\"}]}<\/script>\n<!-- \/ Yoast SEO Premium plugin. -->","yoast_head_json":{"title":"Notre histoire r\u00e9cente - RBC","robots":{"index":"index","follow":"follow","max-snippet":"max-snippet:-1","max-image-preview":"max-image-preview:large","max-video-preview":"max-video-preview:-1"},"canonical":"https:\/\/www.rbc.com\/fr\/notre-compagnie\/histoire\/celebrating-our-history\/our-recent-past\/","og_locale":"fr_FR","og_type":"article","og_title":"Notre histoire r\u00e9cente - RBC","og_description":"Le pass\u00e9 r\u00e9cent a \u00e9t\u00e9 appel\u00e9 l\u2019\u00e8re num\u00e9rique, marqu\u00e9e par l\u2019avancement rapide des technologies pour les entreprises et pour les particuliers.","og_url":"https:\/\/www.rbc.com\/fr\/notre-compagnie\/histoire\/celebrating-our-history\/our-recent-past\/","og_site_name":"RBC","article_modified_time":"2022-09-09T17:28:24+00:00","twitter_card":"summary_large_image","twitter_misc":{"Est. reading time":"4 minutes"},"schema":{"@context":"https:\/\/schema.org","@graph":[{"@type":"WebPage","@id":"https:\/\/www.rbc.com\/fr\/notre-compagnie\/histoire\/celebrating-our-history\/our-recent-past\/","url":"https:\/\/www.rbc.com\/fr\/notre-compagnie\/histoire\/celebrating-our-history\/our-recent-past\/","name":"Notre histoire r\u00e9cente - RBC","isPartOf":{"@id":"https:\/\/www.rbc.com\/fr\/#website"},"datePublished":"2022-07-08T13:58:05+00:00","dateModified":"2022-09-09T17:28:24+00:00","breadcrumb":{"@id":"https:\/\/www.rbc.com\/fr\/notre-compagnie\/histoire\/celebrating-our-history\/our-recent-past\/#breadcrumb"},"inLanguage":"fr-FR","potentialAction":[{"@type":"ReadAction","target":["https:\/\/www.rbc.com\/fr\/notre-compagnie\/histoire\/celebrating-our-history\/our-recent-past\/"]}]},{"@type":"BreadcrumbList","@id":"https:\/\/www.rbc.com\/fr\/notre-compagnie\/histoire\/celebrating-our-history\/our-recent-past\/#breadcrumb","itemListElement":[{"@type":"ListItem","position":1,"name":"Notre Compagnie","item":"https:\/\/www.rbc.com\/fr\/notre-compagnie\/"},{"@type":"ListItem","position":2,"name":"Histoire","item":"https:\/\/www.rbc.com\/fr\/notre-compagnie\/histoire\/"},{"@type":"ListItem","position":3,"name":"C\u00e9l\u00e9brons notre histoire","item":"https:\/\/www.rbc.com\/fr\/notre-compagnie\/histoire\/celebrating-our-history\/"},{"@type":"ListItem","position":4,"name":"Notre histoire r\u00e9cente"}]},{"@type":"WebSite","@id":"https:\/\/www.rbc.com\/fr\/#website","url":"https:\/\/www.rbc.com\/fr\/","name":"RBC","description":"","potentialAction":[{"@type":"SearchAction","target":{"@type":"EntryPoint","urlTemplate":"https:\/\/www.rbc.com\/fr\/?s={search_term_string}"},"query-input":{"@type":"PropertyValueSpecification","valueRequired":true,"valueName":"search_term_string"}}],"inLanguage":"fr-FR"}]}},"parsely":{"version":"1.1.0","canonical_url":"https:\/\/rbc.com\/fr\/notre-compagnie\/histoire\/celebrating-our-history\/our-recent-past\/","smart_links":{"inbound":0,"outbound":0},"traffic_boost_suggestions_count":0,"meta":{"@context":"https:\/\/schema.org","@type":"WebPage","headline":"Notre histoire r\u00e9cente","url":"http:\/\/www.rbc.com\/fr\/notre-compagnie\/histoire\/celebrating-our-history\/our-recent-past\/","mainEntityOfPage":{"@type":"WebPage","@id":"http:\/\/www.rbc.com\/fr\/notre-compagnie\/histoire\/celebrating-our-history\/our-recent-past\/"},"thumbnailUrl":"","image":{"@type":"ImageObject","url":""},"articleSection":"Uncategorized","author":[],"creator":[],"publisher":{"@type":"Organization","name":"RBC","logo":""},"keywords":[],"dateCreated":"2022-07-08T13:58:05Z","datePublished":"2022-07-08T13:58:05Z","dateModified":"2022-09-09T17:28:24Z"},"rendered":"<script type=\"application\/ld+json\" class=\"wp-parsely-metadata\">{\"@context\":\"https:\\\/\\\/schema.org\",\"@type\":\"WebPage\",\"headline\":\"Notre histoire r\\u00e9cente\",\"url\":\"http:\\\/\\\/www.rbc.com\\\/fr\\\/notre-compagnie\\\/histoire\\\/celebrating-our-history\\\/our-recent-past\\\/\",\"mainEntityOfPage\":{\"@type\":\"WebPage\",\"@id\":\"http:\\\/\\\/www.rbc.com\\\/fr\\\/notre-compagnie\\\/histoire\\\/celebrating-our-history\\\/our-recent-past\\\/\"},\"thumbnailUrl\":\"\",\"image\":{\"@type\":\"ImageObject\",\"url\":\"\"},\"articleSection\":\"Uncategorized\",\"author\":[],\"creator\":[],\"publisher\":{\"@type\":\"Organization\",\"name\":\"RBC\",\"logo\":\"\"},\"keywords\":[],\"dateCreated\":\"2022-07-08T13:58:05Z\",\"datePublished\":\"2022-07-08T13:58:05Z\",\"dateModified\":\"2022-09-09T17:28:24Z\"}<\/script>","tracker_url":"https:\/\/cdn.parsely.com\/keys\/rbc.com\/p.js"},"coauthors":[],"author_meta":{"author_link":"https:\/\/www.rbc.com\/fr\/author\/","display_name":""},"relative_dates":{"created":"Publi\u00e9 4 ans il y a","modified":"Mis \u00e0 jour 4 ans il y a"},"absolute_dates":{"created":"Publi\u00e9 le 8 juillet 2022","modified":"Mise \u00e0 jour le 9 septembre 2022"},"absolute_dates_time":{"created":"Publi\u00e9 le 8 juillet 2022 1:58  ","modified":"Mise \u00e0 jour le 9 septembre 2022 5:28  "},"featured_img_caption":"","featured_img":false,"series_order":"","_links":{"self":[{"href":"https:\/\/www.rbc.com\/fr\/wp-json\/wp\/v2\/pages\/17","targetHints":{"allow":["GET"]}}],"collection":[{"href":"https:\/\/www.rbc.com\/fr\/wp-json\/wp\/v2\/pages"}],"about":[{"href":"https:\/\/www.rbc.com\/fr\/wp-json\/wp\/v2\/types\/page"}],"author":[{"embeddable":true,"href":"https:\/\/www.rbc.com\/fr\/wp-json\/wp\/v2\/users\/87"}],"replies":[{"embeddable":true,"href":"https:\/\/www.rbc.com\/fr\/wp-json\/wp\/v2\/comments?post=17"}],"version-history":[{"count":12,"href":"https:\/\/www.rbc.com\/fr\/wp-json\/wp\/v2\/pages\/17\/revisions"}],"predecessor-version":[{"id":3071,"href":"https:\/\/www.rbc.com\/fr\/wp-json\/wp\/v2\/pages\/17\/revisions\/3071"}],"up":[{"embeddable":true,"href":"https:\/\/www.rbc.com\/fr\/wp-json\/wp\/v2\/pages\/15"}],"wp:attachment":[{"href":"https:\/\/www.rbc.com\/fr\/wp-json\/wp\/v2\/media?parent=17"}],"curies":[{"name":"wp","href":"https:\/\/api.w.org\/{rel}","templated":true}]}}