{"id":161,"date":"2022-07-08T19:45:27","date_gmt":"2022-07-08T19:45:27","guid":{"rendered":"https:\/\/www.rbc.com\/fr\/?page_id=161"},"modified":"2024-06-28T17:12:49","modified_gmt":"2024-06-28T17:12:49","slug":"la-diversite-et-lintegration","status":"publish","type":"page","link":"https:\/\/www.rbc.com\/fr\/notre-compagnie\/histoire\/milestones-at-a-glance\/la-diversite-et-lintegration\/","title":{"rendered":"La diversit\u00e9 et l\u2019int\u00e9gration"},"content":{"rendered":"\t\n\t<div class=\"wp-block-tk-spacer id-9f8f3fed-aa2c-447d-97f4-8aba45b17f32\" aria-hidden=\"true\"><\/div>\n\t\n\n\n<section class=\"wp-block-rbc-section-block  pos-rel\" style=\"border-radius:0px\">\n<div class=\"wp-block-rbc-section-inner-block  section-inner\" style=\"border-radius:0x\">\n<div class=\"wp-block-columns is-layout-flex wp-container-core-columns-is-layout-28f84493 wp-block-columns-is-layout-flex\">\n<div class=\"wp-block-column pad-r mob-pad-r-0 mob-mar-b-hlf is-layout-flow wp-block-column-is-layout-flow\" style=\"flex-basis:30%\">\n<div class=\"wp-block-group is-layout-flow wp-block-group-is-layout-flow\">\n<p class=\"mar-b\">Visualisez les principales chronologies t\u00e9moignant de nos progr\u00e8s dans des secteurs choisis.<\/p>\n\n\n\n<div class=\"wp-block-rbc-rbc-collapsible-accordion accordion has-anchor-list\" id=\"&quot;accordionSet1\">\n<div class=\"wp-block-rbc-rbc-collapsible-panel\"><div class=\"accordion-panel\"><button id=\"accordion-titlea18d77ea\" class=\"collapse-toggle collapsed\" data-target=\"#accordiona18d77ea\" data-toggle=\"collapse\" data-parent=\"#accordionSet1\" aria-expanded=\"false\" data-dig-id=\"LP-157-a18d77ea\" aria-controls=\"accordiona18d77ea\" data-dig-category=\"LP\" data-dig-action=\"collapsible closed\" data-dig-label=\"Services financiers \u00e9lectroniques\" action-closed=\"collapsible closed\" action-opened=\"collapsible open\"><div>Services financiers \u00e9lectroniques<\/div><\/button><div class=\"collapse-content collapse\" id=\"accordiona18d77ea\" role=\"region\" aria-labelledby=\"accordion-titlea18d77ea\"><div class=\"collapse-inner\">\t\n\t<div class=\"wp-block-tk-spacer id-f5dc99a0-fe63-4163-ae28-bdd1ec0724cc\" aria-hidden=\"true\"><\/div>\n\t\n\n\n<p id=\"milestones-at-a-glance\"><a href=\"https:\/\/www.rbc.com\/fr\/notre-compagnie\/histoire\/milestones-at-a-glance\" data-dig-id=\"LP-33-66c0733e\" data-dig-category=\"LP\" data-dig-action=\"link click\" data-dig-label=\"Automatisation des succursales\u2028\" class=\"rbc-link-format standalone-link\" data-icon-class=\"standalone-link\">Automatisation des succursales<\/a><\/p>\n\n\n\n<p id=\"gab-et-services-bancaires-par-telephone-services-bancaires-mobiles\"><a href=\"https:\/\/www.rbc.com\/fr\/notre-compagnie\/histoire\/milestones-at-a-glance\/gab-et-services-bancaires-par-telephone-services-bancaires-mobiles\" data-dig-id=\"LP-33-6f920245\" data-dig-category=\"LP\" data-dig-action=\"link click\" data-dig-label=\"GAB et Services bancaires par t\u00e9l\u00e9phone (Services bancaires mobiles)\" class=\"rbc-link-format standalone-link\" data-icon-class=\"standalone-link\">GAB et Services bancaires par t\u00e9l\u00e9phone (Services bancaires mobiles)<\/a><\/p>\n\n\n\n<p id=\"services-bancaires-en-ligne\"><a href=\"https:\/\/www.rbc.com\/fr\/notre-compagnie\/histoire\/milestones-at-a-glance\/services-bancaires-en-ligne\" data-dig-id=\"LP-33-b17c5775\" data-dig-category=\"LP\" data-dig-action=\"link click\" data-dig-label=\"Services bancaires en ligne\" class=\"rbc-link-format standalone-link\" data-icon-class=\"standalone-link\">Services bancaires en ligne<\/a><\/p>\n<\/div><\/div><\/div><\/div>\n\n\n\n<div class=\"wp-block-rbc-rbc-collapsible-panel\"><div class=\"accordion-panel\"><button id=\"accordion-titlef238118e\" class=\"collapse-toggle collapsed\" data-target=\"#accordionf238118e\" data-toggle=\"collapse\" data-parent=\"#accordionSet1\" aria-expanded=\"false\" data-dig-id=\"LP-157-f238118e\" aria-controls=\"accordionf238118e\" data-dig-category=\"LP\" data-dig-action=\"collapsible closed\" data-dig-label=\"Notre personnel\" action-closed=\"collapsible closed\" action-opened=\"collapsible open\"><div>Notre personnel<\/div><\/button><div class=\"collapse-content collapse\" id=\"accordionf238118e\" role=\"region\" aria-labelledby=\"accordion-titlef238118e\"><div class=\"collapse-inner\">\n<p id=\"services-bancaires-aux-autochtones\"><a href=\"https:\/\/www.rbc.com\/fr\/notre-compagnie\/histoire\/milestones-at-a-glance\/services-bancaires-aux-autochtones\" data-dig-id=\"LP-33-7f666d56\" data-dig-category=\"LP\" data-dig-action=\"link click\" data-dig-label=\"Services bancaires aux autochtones\" class=\"rbc-link-format standalone-link\" data-icon-class=\"standalone-link\">Services bancaires aux autochtones<\/a><\/p>\n\n\n\n<p id=\"les-femmes-a-la-banque-royale\"><a href=\"https:\/\/www.rbc.com\/fr\/notre-compagnie\/histoire\/milestones-at-a-glance\/les-femmes-a-la-banque-royale\" data-dig-id=\"LP-33-3ba9dba4\" data-dig-category=\"LP\" data-dig-action=\"link click\" data-dig-label=\"Les femmes \u00e0 la Banque Royale\" class=\"rbc-link-format standalone-link\" data-icon-class=\"standalone-link\">Les femmes \u00e0 la Banque Royale<\/a><\/p>\n\n\n\n<p id=\"la-diversite-et-lintegration\"><a href=\"https:\/\/www.rbc.com\/fr\/notre-compagnie\/histoire\/milestones-at-a-glance\/la-diversite-et-lintegration\" data-dig-id=\"LP-33-c3972211\" data-dig-category=\"LP\" data-dig-action=\"link click\" data-dig-label=\"La diversit\u00e9 et l\u2019int\u00e9gration\" class=\"rbc-link-format standalone-link\" data-icon-class=\"standalone-link\">La diversit\u00e9 et l\u2019int\u00e9gration<\/a><\/p>\n<\/div><\/div><\/div><\/div>\n\n\n\n<div class=\"wp-block-rbc-rbc-collapsible-panel\"><div class=\"accordion-panel\"><button id=\"accordion-title5a587af3\" class=\"collapse-toggle collapsed\" data-target=\"#accordion5a587af3\" data-toggle=\"collapse\" data-parent=\"#accordionSet1\" aria-expanded=\"false\" data-dig-id=\"LP-157-5a587af3\" aria-controls=\"accordion5a587af3\" data-dig-category=\"LP\" data-dig-action=\"collapsible closed\" data-dig-label=\"Secteurs divers\" action-closed=\"collapsible closed\" action-opened=\"collapsible open\"><div>Secteurs divers<\/div><\/button><div class=\"collapse-content collapse\" id=\"accordion5a587af3\" role=\"region\" aria-labelledby=\"accordion-title5a587af3\"><div class=\"collapse-inner\">\n<p id=\"services-bancaires-agricoles\"><a href=\"https:\/\/www.rbc.com\/fr\/notre-compagnie\/histoire\/milestones-at-a-glance\/services-bancaires-agricoles\" data-dig-id=\"LP-33-5e032833\" data-dig-category=\"LP\" data-dig-action=\"link click\" data-dig-label=\"Services bancaires agricoles\" class=\"rbc-link-format standalone-link\" data-icon-class=\"standalone-link\">Services bancaires agricoles<\/a><\/p>\n\n\n\n<p id=\"nos-activites-aux-etats-unis\"><a href=\"https:\/\/www.rbc.com\/fr\/notre-compagnie\/histoire\/milestones-at-a-glance\/nos-activites-aux-etats-unis\" data-dig-id=\"LP-33-ed8ef7dd\" data-dig-category=\"LP\" data-dig-action=\"link click\" data-dig-label=\"Nos activit\u00e9s aux \u00c9tats-Unis\" class=\"rbc-link-format standalone-link\" data-icon-class=\"standalone-link\">Nos activit\u00e9s aux \u00c9tats-Unis<\/a><\/p>\n\n\n\n<p id=\"affaires-internationales-a-lexterieur-de-lamerique-du-nord\"><a href=\"https:\/\/www.rbc.com\/fr\/notre-compagnie\/histoire\/milestones-at-a-glance\/affaires-internationales-a-lexterieur-de-lamerique-du-nord\" data-dig-id=\"LP-558-769ca3d4\" data-dig-category=\"LP\" data-dig-action=\"link click\" data-dig-label=\"International Business outside North America\" class=\"rbc-link-format standalone-link\" data-icon-class=\"standalone-link\">Affaires internationales \u00e0 l\u2019ext\u00e9rieur de l\u2019Am\u00e9rique du Nord<\/a><\/p>\n<\/div><\/div><\/div><\/div>\n\n\n\n<div class=\"wp-block-rbc-rbc-collapsible-panel\"><div class=\"accordion-panel\"><button id=\"accordion-title37399ece\" class=\"collapse-toggle collapsed\" data-target=\"#accordion37399ece\" data-toggle=\"collapse\" data-parent=\"#accordionSet1\" aria-expanded=\"false\" data-dig-id=\"LP-157-37399ece\" aria-controls=\"accordion37399ece\" data-dig-category=\"LP\" data-dig-action=\"collapsible closed\" data-dig-label=\"Initiatives de RBC\" action-closed=\"collapsible closed\" action-opened=\"collapsible open\"><div>Initiatives de RBC<\/div><\/button><div class=\"collapse-content collapse\" id=\"accordion37399ece\" role=\"region\" aria-labelledby=\"accordion-title37399ece\"><div class=\"collapse-inner\">\n<p id=\"initiatives-ecologiques\"><a href=\"https:\/\/www.rbc.com\/fr\/notre-compagnie\/histoire\/milestones-at-a-glance\/initiatives-ecologiques\" data-dig-id=\"LP-33-61c05c57\" data-dig-category=\"LP\" data-dig-action=\"link click\" data-dig-label=\"Initiatives \u00e9cologiques\" class=\"rbc-link-format standalone-link\" data-icon-class=\"standalone-link\">Initiatives \u00e9cologiques<\/a><\/p>\n\n\n\n<p id=\"responsabilite-dentreprise\"><a href=\"https:\/\/www.rbc.com\/fr\/notre-compagnie\/histoire\/milestones-at-a-glance\/responsabilite-dentreprise\" data-dig-id=\"LP-33-067d525c\" data-dig-category=\"LP\" data-dig-action=\"link click\" data-dig-label=\"Responsabilit\u00e9 d\u2019entreprise\" class=\"rbc-link-format standalone-link\" data-icon-class=\"standalone-link\">Responsabilit\u00e9 d\u2019entreprise<\/a><\/p>\n<\/div><\/div><\/div><\/div>\n<\/div>\n<\/div>\n<\/div>\n\n\n\n<div class=\"wp-block-column is-layout-flow wp-block-column-is-layout-flow\" style=\"flex-basis:70%\">\t\n\t<div class=\"wp-block-tk-spacer id-4dd42788-cd51-4906-84a3-fa8ce7989e60\" aria-hidden=\"true\"><\/div>\n\t\n\n\n<h2 class=\"wp-block-heading mar-b\" id=\"h-la-diversite-et-l-integration\">La diversit\u00e9 et l\u2019int\u00e9gration<\/h2>\n\n\n\n<p>Une chose n\u2019a pas chang\u00e9 depuis la fondation de RBC, il y a plus de 150 ans : notre force repose et reposera toujours sur notre personnel. Pour RBC, la diversit\u00e9 et l\u2019inclusion sont des moteurs d\u2019innovation et de prosp\u00e9rit\u00e9 \u00e9conomique.<\/p>\n\n\n\n<p>Promoteurs de diversit\u00e9, nous nous donnons les moyens d\u2019attirer des personnes talentueuses, de les rendre toujours plus comp\u00e9tentes et d\u2019agir conform\u00e9ment \u00e0 notre raison d\u2019\u00eatre \u2013 en aidant nos clients \u00e0 r\u00e9ussir et la collectivit\u00e9 \u00e0 prosp\u00e9rer.<\/p>\n\n\n\n<p>Plus r\u00e9cemment :<\/p>\n\n\n\n<p>2020 \u2013 Publication en juillet du Plan d\u2019action de lutte au racism syst\u00e9mique RBC<\/p>\n\n\n\n<p>2023 \u2013 Nous avons publi\u00e9 le plan d\u2019accessibilit\u00e9 de la RBC <\/p>\n\n\n\n<p><a href=\"https:\/\/www.rbc.com\/diversite-inclusion\/index.html#history-social-change\" data-dig-id=\"LP-161-72e35418\" data-dig-category=\"LP\" data-dig-action=\"link click\" data-dig-label=\"Apprenez-en davantage\" class=\"rbc-link-format\">Apprenez-en davantage<\/a> sur l\u2019histoire de RBC \u00e0 l\u2019origine du changement social.\u00a0<\/p>\n<\/div>\n<\/div>\n<\/div>\n<\/section>\n\n\n\t\n\t<div class=\"wp-block-tk-spacer id-56ad0f1d-d37e-4a12-918c-9526a7a3f594\" aria-hidden=\"true\"><\/div>\n\t<style class=\"advgb-styles-renderer\">\n\t\t.wp-block-tk-spacer.id-9f8f3fed-aa2c-447d-97f4-8aba45b17f32 {\n\t\theight: 55px;\n\t}\n\n\t@media ( max-width: 480px ) {\n\t\t.wp-block-tk-spacer.id-9f8f3fed-aa2c-447d-97f4-8aba45b17f32 {\n\t\t\theight: 30px;\n\t\t}\n\t}\t\n\t\t.wp-block-tk-spacer.id-f5dc99a0-fe63-4163-ae28-bdd1ec0724cc {\n\t\theight: 15px;\n\t}\n\n\t@media ( max-width: 480px ) {\n\t\t.wp-block-tk-spacer.id-f5dc99a0-fe63-4163-ae28-bdd1ec0724cc {\n\t\t\theight: 15px;\n\t\t}\n\t}\t\n\t\t.wp-block-tk-spacer.id-4dd42788-cd51-4906-84a3-fa8ce7989e60 {\n\t\theight: 1px;\n\t}\n\n\t@media ( max-width: 480px ) {\n\t\t.wp-block-tk-spacer.id-4dd42788-cd51-4906-84a3-fa8ce7989e60 {\n\t\t\theight: 15px;\n\t\t}\n\t}\t\n\t\t.wp-block-tk-spacer.id-56ad0f1d-d37e-4a12-918c-9526a7a3f594 {\n\t\theight: 154px;\n\t}\n\n\t@media ( max-width: 480px ) {\n\t\t.wp-block-tk-spacer.id-56ad0f1d-d37e-4a12-918c-9526a7a3f594 {\n\t\t\theight: 60px;\n\t\t}\n\t}\t<\/style>","protected":false},"excerpt":{"rendered":"","protected":false},"author":87,"featured_media":0,"parent":33,"menu_order":0,"comment_status":"closed","ping_status":"closed","template":"","meta":{"_acf_changed":false,"disable_focal_point":true,"featured_image_focal_point":{"x":0.5,"y":0.5},"advgb_blocks_editor_width":"","advgb_blocks_columns_visual_guide":"","footnotes":""},"class_list":["post-161","page","type-page","status-publish","hentry"],"acf":[],"yoast_head":"<!-- This site is optimized with the Yoast SEO Premium plugin v26.7 (Yoast SEO v26.8) - https:\/\/yoast.com\/product\/yoast-seo-premium-wordpress\/ -->\n<title>La diversit\u00e9 et l\u2019int\u00e9gration - RBC<\/title>\n<meta name=\"robots\" content=\"index, follow, max-snippet:-1, max-image-preview:large, max-video-preview:-1\" \/>\n<link rel=\"canonical\" href=\"https:\/\/www.rbc.com\/fr\/notre-compagnie\/histoire\/milestones-at-a-glance\/la-diversite-et-lintegration\/\" \/>\n<meta property=\"og:locale\" content=\"fr_FR\" \/>\n<meta property=\"og:type\" content=\"article\" \/>\n<meta property=\"og:title\" content=\"La diversit\u00e9 et l\u2019int\u00e9gration - RBC\" \/>\n<meta property=\"og:url\" content=\"https:\/\/www.rbc.com\/fr\/notre-compagnie\/histoire\/milestones-at-a-glance\/la-diversite-et-lintegration\/\" \/>\n<meta property=\"og:site_name\" content=\"RBC\" \/>\n<meta property=\"article:modified_time\" content=\"2024-06-28T17:12:49+00:00\" \/>\n<meta name=\"twitter:card\" content=\"summary_large_image\" \/>\n<meta name=\"twitter:label1\" content=\"Est. reading time\" \/>\n\t<meta name=\"twitter:data1\" content=\"1 minute\" \/>\n<script type=\"application\/ld+json\" class=\"yoast-schema-graph\">{\"@context\":\"https:\/\/schema.org\",\"@graph\":[{\"@type\":\"WebPage\",\"@id\":\"https:\/\/www.rbc.com\/fr\/notre-compagnie\/histoire\/milestones-at-a-glance\/la-diversite-et-lintegration\/\",\"url\":\"https:\/\/www.rbc.com\/fr\/notre-compagnie\/histoire\/milestones-at-a-glance\/la-diversite-et-lintegration\/\",\"name\":\"La diversit\u00e9 et l\u2019int\u00e9gration - RBC\",\"isPartOf\":{\"@id\":\"https:\/\/www.rbc.com\/fr\/#website\"},\"datePublished\":\"2022-07-08T19:45:27+00:00\",\"dateModified\":\"2024-06-28T17:12:49+00:00\",\"breadcrumb\":{\"@id\":\"https:\/\/www.rbc.com\/fr\/notre-compagnie\/histoire\/milestones-at-a-glance\/la-diversite-et-lintegration\/#breadcrumb\"},\"inLanguage\":\"fr-FR\",\"potentialAction\":[{\"@type\":\"ReadAction\",\"target\":[\"https:\/\/www.rbc.com\/fr\/notre-compagnie\/histoire\/milestones-at-a-glance\/la-diversite-et-lintegration\/\"]}]},{\"@type\":\"BreadcrumbList\",\"@id\":\"https:\/\/www.rbc.com\/fr\/notre-compagnie\/histoire\/milestones-at-a-glance\/la-diversite-et-lintegration\/#breadcrumb\",\"itemListElement\":[{\"@type\":\"ListItem\",\"position\":1,\"name\":\"Notre Compagnie\",\"item\":\"https:\/\/www.rbc.com\/fr\/notre-compagnie\/\"},{\"@type\":\"ListItem\",\"position\":2,\"name\":\"Histoire\",\"item\":\"https:\/\/www.rbc.com\/fr\/notre-compagnie\/histoire\/\"},{\"@type\":\"ListItem\",\"position\":3,\"name\":\"Survol des r\u00e9alisations importantes\",\"item\":\"https:\/\/www.rbc.com\/fr\/notre-compagnie\/histoire\/milestones-at-a-glance\/\"},{\"@type\":\"ListItem\",\"position\":4,\"name\":\"La diversit\u00e9 et l\u2019int\u00e9gration\"}]},{\"@type\":\"WebSite\",\"@id\":\"https:\/\/www.rbc.com\/fr\/#website\",\"url\":\"https:\/\/www.rbc.com\/fr\/\",\"name\":\"RBC\",\"description\":\"\",\"potentialAction\":[{\"@type\":\"SearchAction\",\"target\":{\"@type\":\"EntryPoint\",\"urlTemplate\":\"https:\/\/www.rbc.com\/fr\/?s={search_term_string}\"},\"query-input\":{\"@type\":\"PropertyValueSpecification\",\"valueRequired\":true,\"valueName\":\"search_term_string\"}}],\"inLanguage\":\"fr-FR\"}]}<\/script>\n<!-- \/ Yoast SEO Premium plugin. -->","yoast_head_json":{"title":"La diversit\u00e9 et l\u2019int\u00e9gration - RBC","robots":{"index":"index","follow":"follow","max-snippet":"max-snippet:-1","max-image-preview":"max-image-preview:large","max-video-preview":"max-video-preview:-1"},"canonical":"https:\/\/www.rbc.com\/fr\/notre-compagnie\/histoire\/milestones-at-a-glance\/la-diversite-et-lintegration\/","og_locale":"fr_FR","og_type":"article","og_title":"La diversit\u00e9 et l\u2019int\u00e9gration - RBC","og_url":"https:\/\/www.rbc.com\/fr\/notre-compagnie\/histoire\/milestones-at-a-glance\/la-diversite-et-lintegration\/","og_site_name":"RBC","article_modified_time":"2024-06-28T17:12:49+00:00","twitter_card":"summary_large_image","twitter_misc":{"Est. reading time":"1 minute"},"schema":{"@context":"https:\/\/schema.org","@graph":[{"@type":"WebPage","@id":"https:\/\/www.rbc.com\/fr\/notre-compagnie\/histoire\/milestones-at-a-glance\/la-diversite-et-lintegration\/","url":"https:\/\/www.rbc.com\/fr\/notre-compagnie\/histoire\/milestones-at-a-glance\/la-diversite-et-lintegration\/","name":"La diversit\u00e9 et l\u2019int\u00e9gration - RBC","isPartOf":{"@id":"https:\/\/www.rbc.com\/fr\/#website"},"datePublished":"2022-07-08T19:45:27+00:00","dateModified":"2024-06-28T17:12:49+00:00","breadcrumb":{"@id":"https:\/\/www.rbc.com\/fr\/notre-compagnie\/histoire\/milestones-at-a-glance\/la-diversite-et-lintegration\/#breadcrumb"},"inLanguage":"fr-FR","potentialAction":[{"@type":"ReadAction","target":["https:\/\/www.rbc.com\/fr\/notre-compagnie\/histoire\/milestones-at-a-glance\/la-diversite-et-lintegration\/"]}]},{"@type":"BreadcrumbList","@id":"https:\/\/www.rbc.com\/fr\/notre-compagnie\/histoire\/milestones-at-a-glance\/la-diversite-et-lintegration\/#breadcrumb","itemListElement":[{"@type":"ListItem","position":1,"name":"Notre Compagnie","item":"https:\/\/www.rbc.com\/fr\/notre-compagnie\/"},{"@type":"ListItem","position":2,"name":"Histoire","item":"https:\/\/www.rbc.com\/fr\/notre-compagnie\/histoire\/"},{"@type":"ListItem","position":3,"name":"Survol des r\u00e9alisations importantes","item":"https:\/\/www.rbc.com\/fr\/notre-compagnie\/histoire\/milestones-at-a-glance\/"},{"@type":"ListItem","position":4,"name":"La diversit\u00e9 et l\u2019int\u00e9gration"}]},{"@type":"WebSite","@id":"https:\/\/www.rbc.com\/fr\/#website","url":"https:\/\/www.rbc.com\/fr\/","name":"RBC","description":"","potentialAction":[{"@type":"SearchAction","target":{"@type":"EntryPoint","urlTemplate":"https:\/\/www.rbc.com\/fr\/?s={search_term_string}"},"query-input":{"@type":"PropertyValueSpecification","valueRequired":true,"valueName":"search_term_string"}}],"inLanguage":"fr-FR"}]}},"parsely":{"version":"1.1.0","canonical_url":"https:\/\/rbc.com\/fr\/notre-compagnie\/histoire\/milestones-at-a-glance\/la-diversite-et-lintegration\/","smart_links":{"inbound":0,"outbound":0},"traffic_boost_suggestions_count":0,"meta":{"@context":"https:\/\/schema.org","@type":"WebPage","headline":"La diversit\u00e9 et l\u2019int\u00e9gration","url":"http:\/\/www.rbc.com\/fr\/notre-compagnie\/histoire\/milestones-at-a-glance\/la-diversite-et-lintegration\/","mainEntityOfPage":{"@type":"WebPage","@id":"http:\/\/www.rbc.com\/fr\/notre-compagnie\/histoire\/milestones-at-a-glance\/la-diversite-et-lintegration\/"},"thumbnailUrl":"","image":{"@type":"ImageObject","url":""},"articleSection":"Uncategorized","author":[],"creator":[],"publisher":{"@type":"Organization","name":"RBC","logo":""},"keywords":[],"dateCreated":"2022-07-08T19:45:27Z","datePublished":"2022-07-08T19:45:27Z","dateModified":"2024-06-28T17:12:49Z"},"rendered":"<script type=\"application\/ld+json\" class=\"wp-parsely-metadata\">{\"@context\":\"https:\\\/\\\/schema.org\",\"@type\":\"WebPage\",\"headline\":\"La diversit\\u00e9 et l\\u2019int\\u00e9gration\",\"url\":\"http:\\\/\\\/www.rbc.com\\\/fr\\\/notre-compagnie\\\/histoire\\\/milestones-at-a-glance\\\/la-diversite-et-lintegration\\\/\",\"mainEntityOfPage\":{\"@type\":\"WebPage\",\"@id\":\"http:\\\/\\\/www.rbc.com\\\/fr\\\/notre-compagnie\\\/histoire\\\/milestones-at-a-glance\\\/la-diversite-et-lintegration\\\/\"},\"thumbnailUrl\":\"\",\"image\":{\"@type\":\"ImageObject\",\"url\":\"\"},\"articleSection\":\"Uncategorized\",\"author\":[],\"creator\":[],\"publisher\":{\"@type\":\"Organization\",\"name\":\"RBC\",\"logo\":\"\"},\"keywords\":[],\"dateCreated\":\"2022-07-08T19:45:27Z\",\"datePublished\":\"2022-07-08T19:45:27Z\",\"dateModified\":\"2024-06-28T17:12:49Z\"}<\/script>","tracker_url":"https:\/\/cdn.parsely.com\/keys\/rbc.com\/p.js"},"coauthors":[],"author_meta":{"author_link":"https:\/\/www.rbc.com\/fr\/author\/","display_name":""},"relative_dates":{"created":"Publi\u00e9 4 ans il y a","modified":"Mis \u00e0 jour 2 ans il y a"},"absolute_dates":{"created":"Publi\u00e9 le 8 juillet 2022","modified":"Mise \u00e0 jour le 28 juin 2024"},"absolute_dates_time":{"created":"Publi\u00e9 le 8 juillet 2022 7:45  ","modified":"Mise \u00e0 jour le 28 juin 2024 5:12  "},"featured_img_caption":"","featured_img":false,"series_order":"","_links":{"self":[{"href":"https:\/\/www.rbc.com\/fr\/wp-json\/wp\/v2\/pages\/161","targetHints":{"allow":["GET"]}}],"collection":[{"href":"https:\/\/www.rbc.com\/fr\/wp-json\/wp\/v2\/pages"}],"about":[{"href":"https:\/\/www.rbc.com\/fr\/wp-json\/wp\/v2\/types\/page"}],"author":[{"embeddable":true,"href":"https:\/\/www.rbc.com\/fr\/wp-json\/wp\/v2\/users\/87"}],"replies":[{"embeddable":true,"href":"https:\/\/www.rbc.com\/fr\/wp-json\/wp\/v2\/comments?post=161"}],"version-history":[{"count":6,"href":"https:\/\/www.rbc.com\/fr\/wp-json\/wp\/v2\/pages\/161\/revisions"}],"predecessor-version":[{"id":3127,"href":"https:\/\/www.rbc.com\/fr\/wp-json\/wp\/v2\/pages\/161\/revisions\/3127"}],"up":[{"embeddable":true,"href":"https:\/\/www.rbc.com\/fr\/wp-json\/wp\/v2\/pages\/33"}],"wp:attachment":[{"href":"https:\/\/www.rbc.com\/fr\/wp-json\/wp\/v2\/media?parent=161"}],"curies":[{"name":"wp","href":"https:\/\/api.w.org\/{rel}","templated":true}]}}