{"id":159,"date":"2022-07-08T19:43:33","date_gmt":"2022-07-08T19:43:33","guid":{"rendered":"https:\/\/www.rbc.com\/fr\/?page_id=159"},"modified":"2022-08-05T14:59:45","modified_gmt":"2022-08-05T14:59:45","slug":"les-femmes-a-la-banque-royale","status":"publish","type":"page","link":"https:\/\/www.rbc.com\/fr\/notre-compagnie\/histoire\/milestones-at-a-glance\/les-femmes-a-la-banque-royale\/","title":{"rendered":"Les femmes \u00e0 la Banque Royale"},"content":{"rendered":"\t\n\t<div class=\"wp-block-tk-spacer id-a85422d4-e1d9-4f21-a540-817ab93c6789\" aria-hidden=\"true\"><\/div>\n\t\n\n\n<section class=\"wp-block-rbc-section-block\">\n<div class=\"wp-block-rbc-section-inner-block  section-inner\">\n<div class=\"wp-block-columns is-layout-flex wp-container-core-columns-is-layout-28f84493 wp-block-columns-is-layout-flex\">\n<div class=\"wp-block-column pad-r mob-pad-r-0 mob-mar-b-hlf is-layout-flow wp-block-column-is-layout-flow\" style=\"flex-basis:30%\">\n<div class=\"wp-block-group is-layout-flow wp-block-group-is-layout-flow\">\n<p class=\"mar-b\">Visualisez les principales chronologies t\u00e9moignant de nos progr\u00e8s dans des secteurs choisis.<\/p>\n\n\n\n<div class=\"wp-block-rbc-rbc-collapsible-accordion accordion has-anchor-list\" id=\"&quot;accordionSet1\">\n<div class=\"wp-block-rbc-rbc-collapsible-panel\"><div class=\"accordion-panel\"><button id=\"accordion-titlea18d77ea\" class=\"collapse-toggle collapsed\" data-target=\"#accordiona18d77ea\" data-toggle=\"collapse\" data-parent=\"#accordionSet1\" aria-expanded=\"false\" data-dig-id=\"LP-157-a18d77ea\" aria-controls=\"accordiona18d77ea\" data-dig-category=\"LP\" data-dig-action=\"collapsible closed\" data-dig-label=\"Services financiers \u00e9lectroniques\" action-closed=\"collapsible closed\" action-opened=\"collapsible open\"><div>Services financiers \u00e9lectroniques<\/div><\/button><div class=\"collapse-content collapse\" id=\"accordiona18d77ea\" role=\"region\" aria-labelledby=\"accordion-titlea18d77ea\"><div class=\"collapse-inner\">\t\n\t<div class=\"wp-block-tk-spacer id-f5dc99a0-fe63-4163-ae28-bdd1ec0724cc\" aria-hidden=\"true\"><\/div>\n\t\n\n\n<p id=\"milestones-at-a-glance\"><a href=\"https:\/\/www.rbc.com\/fr\/notre-compagnie\/histoire\/milestones-at-a-glance\" data-dig-id=\"LP-33-66c0733e\" data-dig-category=\"LP\" data-dig-action=\"link click\" data-dig-label=\"Automatisation des succursales\u2028\" class=\"rbc-link-format standalone-link\" data-icon-class=\"standalone-link\">Automatisation des succursales<\/a><\/p>\n\n\n\n<p id=\"gab-et-services-bancaires-par-telephone-services-bancaires-mobiles\"><a href=\"https:\/\/www.rbc.com\/fr\/notre-compagnie\/histoire\/milestones-at-a-glance\/gab-et-services-bancaires-par-telephone-services-bancaires-mobiles\" data-dig-id=\"LP-33-6f920245\" data-dig-category=\"LP\" data-dig-action=\"link click\" data-dig-label=\"GAB et Services bancaires par t\u00e9l\u00e9phone (Services bancaires mobiles)\" class=\"rbc-link-format standalone-link\" data-icon-class=\"standalone-link\">GAB et Services bancaires par t\u00e9l\u00e9phone (Services bancaires mobiles)<\/a><\/p>\n\n\n\n<p id=\"services-bancaires-en-ligne\"><a href=\"https:\/\/www.rbc.com\/fr\/notre-compagnie\/histoire\/milestones-at-a-glance\/services-bancaires-en-ligne\" data-dig-id=\"LP-33-b17c5775\" data-dig-category=\"LP\" data-dig-action=\"link click\" data-dig-label=\"Services bancaires en ligne\" class=\"rbc-link-format standalone-link\" data-icon-class=\"standalone-link\">Services bancaires en ligne<\/a><\/p>\n<\/div><\/div><\/div><\/div>\n\n\n\n<div class=\"wp-block-rbc-rbc-collapsible-panel\"><div class=\"accordion-panel\"><button id=\"accordion-titlef238118e\" class=\"collapse-toggle collapsed\" data-target=\"#accordionf238118e\" data-toggle=\"collapse\" data-parent=\"#accordionSet1\" aria-expanded=\"false\" data-dig-id=\"LP-157-f238118e\" aria-controls=\"accordionf238118e\" data-dig-category=\"LP\" data-dig-action=\"collapsible closed\" data-dig-label=\"Notre personnel\" action-closed=\"collapsible closed\" action-opened=\"collapsible open\"><div>Notre personnel<\/div><\/button><div class=\"collapse-content collapse\" id=\"accordionf238118e\" role=\"region\" aria-labelledby=\"accordion-titlef238118e\"><div class=\"collapse-inner\">\n<p id=\"services-bancaires-aux-autochtones\"><a href=\"https:\/\/www.rbc.com\/fr\/notre-compagnie\/histoire\/milestones-at-a-glance\/services-bancaires-aux-autochtones\" data-dig-id=\"LP-33-7f666d56\" data-dig-category=\"LP\" data-dig-action=\"link click\" data-dig-label=\"Services bancaires aux autochtones\" class=\"rbc-link-format standalone-link\" data-icon-class=\"standalone-link\">Services bancaires aux autochtones<\/a><\/p>\n\n\n\n<p id=\"les-femmes-a-la-banque-royale\"><a href=\"https:\/\/www.rbc.com\/fr\/notre-compagnie\/histoire\/milestones-at-a-glance\/les-femmes-a-la-banque-royale\" data-dig-id=\"LP-33-3ba9dba4\" data-dig-category=\"LP\" data-dig-action=\"link click\" data-dig-label=\"Les femmes \u00e0 la Banque Royale\" class=\"rbc-link-format standalone-link\" data-icon-class=\"standalone-link\">Les femmes \u00e0 la Banque Royale<\/a><\/p>\n\n\n\n<p id=\"la-diversite-et-lintegration\"><a href=\"https:\/\/www.rbc.com\/fr\/notre-compagnie\/histoire\/milestones-at-a-glance\/la-diversite-et-lintegration\" data-dig-id=\"LP-33-c3972211\" data-dig-category=\"LP\" data-dig-action=\"link click\" data-dig-label=\"La diversit\u00e9 et l\u2019int\u00e9gration\" class=\"rbc-link-format standalone-link\" data-icon-class=\"standalone-link\">La diversit\u00e9 et l\u2019int\u00e9gration<\/a><\/p>\n<\/div><\/div><\/div><\/div>\n\n\n\n<div class=\"wp-block-rbc-rbc-collapsible-panel\"><div class=\"accordion-panel\"><button id=\"accordion-title5a587af3\" class=\"collapse-toggle collapsed\" data-target=\"#accordion5a587af3\" data-toggle=\"collapse\" data-parent=\"#accordionSet1\" aria-expanded=\"false\" data-dig-id=\"LP-157-5a587af3\" aria-controls=\"accordion5a587af3\" data-dig-category=\"LP\" data-dig-action=\"collapsible closed\" data-dig-label=\"Secteurs divers\" action-closed=\"collapsible closed\" action-opened=\"collapsible open\"><div>Secteurs divers<\/div><\/button><div class=\"collapse-content collapse\" id=\"accordion5a587af3\" role=\"region\" aria-labelledby=\"accordion-title5a587af3\"><div class=\"collapse-inner\">\n<p id=\"services-bancaires-agricoles\"><a href=\"https:\/\/www.rbc.com\/fr\/notre-compagnie\/histoire\/milestones-at-a-glance\/services-bancaires-agricoles\" data-dig-id=\"LP-33-5e032833\" data-dig-category=\"LP\" data-dig-action=\"link click\" data-dig-label=\"Services bancaires agricoles\" class=\"rbc-link-format standalone-link\" data-icon-class=\"standalone-link\">Services bancaires agricoles<\/a><\/p>\n\n\n\n<p id=\"nos-activites-aux-etats-unis\"><a href=\"https:\/\/www.rbc.com\/fr\/notre-compagnie\/histoire\/milestones-at-a-glance\/nos-activites-aux-etats-unis\" data-dig-id=\"LP-33-ed8ef7dd\" data-dig-category=\"LP\" data-dig-action=\"link click\" data-dig-label=\"Nos activit\u00e9s aux \u00c9tats-Unis\" class=\"rbc-link-format standalone-link\" data-icon-class=\"standalone-link\">Nos activit\u00e9s aux \u00c9tats-Unis<\/a><\/p>\n\n\n\n<p id=\"affaires-internationales-a-lexterieur-de-lamerique-du-nord\"><a href=\"https:\/\/www.rbc.com\/fr\/notre-compagnie\/histoire\/milestones-at-a-glance\/affaires-internationales-a-lexterieur-de-lamerique-du-nord\" data-dig-id=\"LP-558-769ca3d4\" data-dig-category=\"LP\" data-dig-action=\"link click\" data-dig-label=\"International Business outside North America\" class=\"rbc-link-format standalone-link\" data-icon-class=\"standalone-link\">Affaires internationales \u00e0 l\u2019ext\u00e9rieur de l\u2019Am\u00e9rique du Nord<\/a><\/p>\n<\/div><\/div><\/div><\/div>\n\n\n\n<div class=\"wp-block-rbc-rbc-collapsible-panel\"><div class=\"accordion-panel\"><button id=\"accordion-title37399ece\" class=\"collapse-toggle collapsed\" data-target=\"#accordion37399ece\" data-toggle=\"collapse\" data-parent=\"#accordionSet1\" aria-expanded=\"false\" data-dig-id=\"LP-157-37399ece\" aria-controls=\"accordion37399ece\" data-dig-category=\"LP\" data-dig-action=\"collapsible closed\" data-dig-label=\"Initiatives de RBC\" action-closed=\"collapsible closed\" action-opened=\"collapsible open\"><div>Initiatives de RBC<\/div><\/button><div class=\"collapse-content collapse\" id=\"accordion37399ece\" role=\"region\" aria-labelledby=\"accordion-title37399ece\"><div class=\"collapse-inner\">\n<p id=\"initiatives-ecologiques\"><a href=\"https:\/\/www.rbc.com\/fr\/notre-compagnie\/histoire\/milestones-at-a-glance\/initiatives-ecologiques\" data-dig-id=\"LP-33-61c05c57\" data-dig-category=\"LP\" data-dig-action=\"link click\" data-dig-label=\"Initiatives \u00e9cologiques\" class=\"rbc-link-format standalone-link\" data-icon-class=\"standalone-link\">Initiatives \u00e9cologiques<\/a><\/p>\n\n\n\n<p id=\"responsabilite-dentreprise\"><a href=\"https:\/\/www.rbc.com\/fr\/notre-compagnie\/histoire\/milestones-at-a-glance\/responsabilite-dentreprise\" data-dig-id=\"LP-33-067d525c\" data-dig-category=\"LP\" data-dig-action=\"link click\" data-dig-label=\"Responsabilit\u00e9 d\u2019entreprise\" class=\"rbc-link-format standalone-link\" data-icon-class=\"standalone-link\">Responsabilit\u00e9 d\u2019entreprise<\/a><\/p>\n<\/div><\/div><\/div><\/div>\n<\/div>\n<\/div>\n<\/div>\n\n\n\n<div class=\"wp-block-column is-layout-flow wp-block-column-is-layout-flow\" style=\"flex-basis:70%\">\t\n\t<div class=\"wp-block-tk-spacer id-58f51fcb-fdf9-4433-8ffd-457dea10541d\" aria-hidden=\"true\"><\/div>\n\t\n\n\n<h2 class=\"mar-b wp-block-heading\" id=\"h-les-femmes-a-la-banque-royale\">Les femmes \u00e0 la Banque Royale<\/h2>\n\n\n\n<table class=\"table-swipe wp-block-rbc-responsive-table-block init regular is-style-table-striped\"><thead><tr><th scope=\"col\">Ann\u00e9e<\/th><th scope=\"col\">Donn\u00e9e<\/th><\/tr><\/thead><tbody><tr><td>1902<\/td><td>La premi\u00e8re femme employ\u00e9e par la Banque Royale est probablement Jennie Moore, embauch\u00e9e comme secr\u00e9taire \u00e0 Vancouver, en Colombie-Britannique.<\/td><\/tr><tr><td>1917<\/td><td>La premi\u00e8re femme employ\u00e9e aux \u00e9critures entre au service de la Banque Royale  \u00e0 la succursale principale de Bridgetown, \u00e0 la Barbade.\n<\/td><\/tr><tr><td>1947<\/td><td>Plus de 50 % des employ\u00e9s de la Banque Royale sont des femmes.<\/td><\/tr><tr><td>1963<\/td><td>Le r\u00e9gime de retraite de la Banque Royale est modifi\u00e9 afin d\u2019y inclure les femmes.\n<\/td><\/tr><tr><td>1968<\/td><td>Georgette St-Cyr est la premi\u00e8re femme nomm\u00e9e directrice de succursale par la Banque Royale (succursale de la Place Longueuil, r\u00e9gion de Montr\u00e9al, Qu\u00e9bec).\n<\/td><\/tr><tr><td>1974<\/td><td>Tous les avantages sociaux de la Banque sont accord\u00e9s \u00e9quitablement aux employ\u00e9s, hommes et femmes. <\/td><\/tr><tr><td>&nbsp;<\/td><td>La Banque Royale met en \u0153uvre une politique sur les cong\u00e9s de maternit\u00e9.\n<\/td><\/tr><tr><td>1976<\/td><td>Mitzi Dobrin est la premi\u00e8re femme nomm\u00e9e au Conseil d\u2019administration de la Banque Royale.\n<\/td><\/tr><tr><td>&nbsp;<\/td><td>Millie Vasquez est la premi\u00e8re femme \u00e0 \u00eatre mut\u00e9e \u00e0 l\u2019\u00e9tranger par la Banque Royale (\u00e0 Bogot\u00e1, en Colombie).\n<\/td><\/tr><tr><td>1977 <\/td><td>Rowland Frazee, chef de la direction de l\u2019\u00e9poque, met sur pied le Groupe de travail sur le statut de la femme pour r\u00e9pondre aux pr\u00e9occupations des employ\u00e9es de la Banque. Les recommandations du Groupe de travail ayant trait \u00e0 la mobilit\u00e9, \u00e0 la formation et \u00e0 l\u2019\u00e9valuation des possibilit\u00e9s de carri\u00e8re pour les femmes demeurent au c\u0153ur des politiques actuelles dans ce domaine.\n<\/td><\/tr><tr><td>1979<\/td><td>Suzanne Labarge est la premi\u00e8re femme nomm\u00e9e \u00e0 la haute direction de la Banque Royale.\n<\/td><\/tr><tr><td>&nbsp;<\/td><td>La Banque Royale \u00e9tablit un programme d\u2019\u00e9quit\u00e9 en emploi, le premier en son genre dans une banque canadienne.\n<\/td><\/tr><tr><td>1982<\/td><td>\u00c9tablissement d\u2019objectifs en mati\u00e8re de recrutement, de formation et d\u2019avancement des femmes.\n<\/td><\/tr><tr><td>1987<\/td><td>Le premier sondage sur l\u2019\u00e9quit\u00e9 en emploi de la Banque Royale est men\u00e9 pour \u00e9valuer la repr\u00e9sentation au sein de notre effectif des quatre  groupes d\u00e9sign\u00e9s au Canada, dont les femmes.\n<\/td><\/tr><tr><td>1988 <\/td><td>Le pourcentage d\u2019employ\u00e9s de la Banque Royale qui sont des femmes atteint <span class=\"nowrap\">75 %<\/span> au Canada.\n<\/td><\/tr><tr><td>1994<\/td><td>Lancement de l\u2019initiative de sensibilisation <i>Supprimer<\/i> <em>l\u2019\u00e9cart entre les sexes<\/em> pour am\u00e9liorer l\u2019efficacit\u00e9 avec laquelle les diff\u00e9rences li\u00e9es au sexe sont trait\u00e9es, de m\u00eame que le respect de ces m\u00eames diff\u00e9rences.\n<\/td><\/tr><tr><td>1999<\/td><td>Suzanne Labarge devient la premi\u00e8re vice-pr\u00e9sidente du Conseil d\u2019administration de la Banque Royale.\n<\/td><\/tr><tr><td>2004<\/td><td>Janice Fukakusa est nomm\u00e9e chef des finances de la Banque Royale. Elle est la premi\u00e8re femme \u00e0 occuper ce poste. \n<\/td><\/tr><tr><td>2006<\/td><td>La Banque Royale commandite, avec Catalyst Canada, une \u00e9tude ayant pour objet de suivre l\u2019\u00e9volution de la pr\u00e9sence des femmes dans le secteur des march\u00e9s de capitaux.\n<\/td><\/tr><tr><td>2008<\/td><td>Le pourcentage des femmes occupant un poste de direction \u00e0 la Banque Royale (au Canada) atteint son niveau le plus \u00e9lev\u00e9 \u00e0 ce jour, soit 39 %.\n<\/td><\/tr><tr><td>2010<\/td><td>La Banque Royale re\u00e7oit le prestigieux prix Catalyst, prix mondial d\u00e9cern\u00e9 chaque ann\u00e9e \u00e0 des entreprises qui se sont illustr\u00e9es pour leur excellent travail en faveur de l\u2019avancement des femmes et des minorit\u00e9s. \n<\/td><\/tr><tr><td>&nbsp;<\/td><td>La Banque Royale \u00e9tablit la premi\u00e8re section du r\u00e9seau RWomen \u00e0 Toronto, en Ontario ; d\u2019autres sections seront ensuite cr\u00e9\u00e9es \u00e0 New York (2011) et \u00e0 Londres, en Angleterre (2012). Le r\u00e9seau RWomen est un forum de r\u00e9seautage dirig\u00e9 par des employ\u00e9es, qui vise \u00e0 favoriser le perfectionnement et les aspirations professionnelles des femmes qui travaillent \u00e0 la Banque Royale. \n<\/td><\/tr><tr><td>2011<\/td><td>Heather Munroe-Blum, principale et vice-chanceli\u00e8re (rectrice) de l\u2019Universit\u00e9 McGill, \u00e0 Montr\u00e9al, et Bridget van Kralingen, directrice g\u00e9n\u00e9rale, Am\u00e9rique du Nord d\u2019IBM Corporation, \u00e0 New York, sont nomm\u00e9es au Conseil d\u2019administration, ce qui fait passer \u00e0 cinq le nombre de femmes si\u00e9geant au Conseil, qui compte 16 membres.\n<\/td><\/tr><tr><td>2012<\/td><td>La Banque Royale paraphe l\u2019entente Catalyst, qui vise \u00e0 accro\u00eetre \u00e0 25 % d\u2019ici 2017 la pr\u00e9sence des femmes au sein des conseils d\u2019administration du secteur priv\u00e9 au Canada.  \n<\/td><\/tr><tr><td>2014<\/td><td>Kathleen (Katie) Taylor est nomm\u00e9e pr\u00e9sidente du Conseil de la Banque Royale, devenant ainsi la premi\u00e8re femme \u00e0 pr\u00e9sider le conseil d\u2019administration d\u2019une grande banque canadienne.\n<\/td><\/tr><tr><td>2014<\/td><td>Jennifer Tory est la premi\u00e8re femme nomm\u00e9e chef de groupe, Services bancaires aux particuliers et aux entreprises.\n<\/td><\/tr><\/tbody><\/table>\n<\/div>\n<\/div>\n<\/div>\n<\/section>\n\n\n\t\n\t<div class=\"wp-block-tk-spacer id-9dd163b6-7c4f-4fa3-92b8-d46ec8e34c1d\" aria-hidden=\"true\"><\/div>\n\t<style class=\"advgb-styles-renderer\">\n\t\t.wp-block-tk-spacer.id-a85422d4-e1d9-4f21-a540-817ab93c6789 {\n\t\theight: 55px;\n\t}\n\n\t@media ( max-width: 480px ) {\n\t\t.wp-block-tk-spacer.id-a85422d4-e1d9-4f21-a540-817ab93c6789 {\n\t\t\theight: 30px;\n\t\t}\n\t}\t\n\t\t.wp-block-tk-spacer.id-f5dc99a0-fe63-4163-ae28-bdd1ec0724cc {\n\t\theight: 15px;\n\t}\n\n\t@media ( max-width: 480px ) {\n\t\t.wp-block-tk-spacer.id-f5dc99a0-fe63-4163-ae28-bdd1ec0724cc {\n\t\t\theight: 15px;\n\t\t}\n\t}\t\n\t\t.wp-block-tk-spacer.id-58f51fcb-fdf9-4433-8ffd-457dea10541d {\n\t\theight: 1px;\n\t}\n\n\t@media ( max-width: 480px ) {\n\t\t.wp-block-tk-spacer.id-58f51fcb-fdf9-4433-8ffd-457dea10541d {\n\t\t\theight: 15px;\n\t\t}\n\t}\t\n\t\t.wp-block-tk-spacer.id-9dd163b6-7c4f-4fa3-92b8-d46ec8e34c1d {\n\t\theight: 154px;\n\t}\n\n\t@media ( max-width: 480px ) {\n\t\t.wp-block-tk-spacer.id-9dd163b6-7c4f-4fa3-92b8-d46ec8e34c1d {\n\t\t\theight: 60px;\n\t\t}\n\t}\t<\/style>","protected":false},"excerpt":{"rendered":"","protected":false},"author":87,"featured_media":0,"parent":33,"menu_order":0,"comment_status":"closed","ping_status":"closed","template":"","meta":{"_acf_changed":false,"disable_focal_point":true,"featured_image_focal_point":{"x":0.5,"y":0.5},"advgb_blocks_editor_width":"","advgb_blocks_columns_visual_guide":"","footnotes":""},"class_list":["post-159","page","type-page","status-publish","hentry"],"acf":[],"yoast_head":"<!-- This site is optimized with the Yoast SEO Premium plugin v27.2 (Yoast SEO v27.2) - https:\/\/yoast.com\/product\/yoast-seo-premium-wordpress\/ -->\n<title>Les femmes \u00e0 la Banque Royale - RBC<\/title>\n<meta name=\"robots\" content=\"index, follow, max-snippet:-1, max-image-preview:large, max-video-preview:-1\" \/>\n<link rel=\"canonical\" href=\"https:\/\/www.rbc.com\/fr\/notre-compagnie\/histoire\/milestones-at-a-glance\/les-femmes-a-la-banque-royale\/\" \/>\n<meta property=\"og:locale\" content=\"fr_FR\" \/>\n<meta property=\"og:type\" content=\"article\" \/>\n<meta property=\"og:title\" content=\"Les femmes \u00e0 la Banque Royale - RBC\" \/>\n<meta property=\"og:url\" content=\"https:\/\/www.rbc.com\/fr\/notre-compagnie\/histoire\/milestones-at-a-glance\/les-femmes-a-la-banque-royale\/\" \/>\n<meta property=\"og:site_name\" content=\"RBC\" \/>\n<meta property=\"article:modified_time\" content=\"2022-08-05T14:59:45+00:00\" \/>\n<meta name=\"twitter:card\" content=\"summary_large_image\" \/>\n<meta name=\"twitter:label1\" content=\"Est. reading time\" \/>\n\t<meta name=\"twitter:data1\" content=\"4 minutes\" \/>\n<script type=\"application\/ld+json\" class=\"yoast-schema-graph\">{\"@context\":\"https:\/\/schema.org\",\"@graph\":[{\"@type\":\"WebPage\",\"@id\":\"https:\/\/www.rbc.com\/fr\/notre-compagnie\/histoire\/milestones-at-a-glance\/les-femmes-a-la-banque-royale\/\",\"url\":\"https:\/\/www.rbc.com\/fr\/notre-compagnie\/histoire\/milestones-at-a-glance\/les-femmes-a-la-banque-royale\/\",\"name\":\"Les femmes \u00e0 la Banque Royale - RBC\",\"isPartOf\":{\"@id\":\"https:\/\/www.rbc.com\/fr\/#website\"},\"datePublished\":\"2022-07-08T19:43:33+00:00\",\"dateModified\":\"2022-08-05T14:59:45+00:00\",\"breadcrumb\":{\"@id\":\"https:\/\/www.rbc.com\/fr\/notre-compagnie\/histoire\/milestones-at-a-glance\/les-femmes-a-la-banque-royale\/#breadcrumb\"},\"inLanguage\":\"fr-FR\",\"potentialAction\":[{\"@type\":\"ReadAction\",\"target\":[\"https:\/\/www.rbc.com\/fr\/notre-compagnie\/histoire\/milestones-at-a-glance\/les-femmes-a-la-banque-royale\/\"]}]},{\"@type\":\"BreadcrumbList\",\"@id\":\"https:\/\/www.rbc.com\/fr\/notre-compagnie\/histoire\/milestones-at-a-glance\/les-femmes-a-la-banque-royale\/#breadcrumb\",\"itemListElement\":[{\"@type\":\"ListItem\",\"position\":1,\"name\":\"Notre Compagnie\",\"item\":\"https:\/\/www.rbc.com\/fr\/notre-compagnie\/\"},{\"@type\":\"ListItem\",\"position\":2,\"name\":\"Histoire\",\"item\":\"https:\/\/www.rbc.com\/fr\/notre-compagnie\/histoire\/\"},{\"@type\":\"ListItem\",\"position\":3,\"name\":\"Survol des r\u00e9alisations importantes\",\"item\":\"https:\/\/www.rbc.com\/fr\/notre-compagnie\/histoire\/milestones-at-a-glance\/\"},{\"@type\":\"ListItem\",\"position\":4,\"name\":\"Les femmes \u00e0 la Banque Royale\"}]},{\"@type\":\"WebSite\",\"@id\":\"https:\/\/www.rbc.com\/fr\/#website\",\"url\":\"https:\/\/www.rbc.com\/fr\/\",\"name\":\"RBC\",\"description\":\"\",\"potentialAction\":[{\"@type\":\"SearchAction\",\"target\":{\"@type\":\"EntryPoint\",\"urlTemplate\":\"https:\/\/www.rbc.com\/fr\/?s={search_term_string}\"},\"query-input\":{\"@type\":\"PropertyValueSpecification\",\"valueRequired\":true,\"valueName\":\"search_term_string\"}}],\"inLanguage\":\"fr-FR\"}]}<\/script>\n<!-- \/ Yoast SEO Premium plugin. -->","yoast_head_json":{"title":"Les femmes \u00e0 la Banque Royale - RBC","robots":{"index":"index","follow":"follow","max-snippet":"max-snippet:-1","max-image-preview":"max-image-preview:large","max-video-preview":"max-video-preview:-1"},"canonical":"https:\/\/www.rbc.com\/fr\/notre-compagnie\/histoire\/milestones-at-a-glance\/les-femmes-a-la-banque-royale\/","og_locale":"fr_FR","og_type":"article","og_title":"Les femmes \u00e0 la Banque Royale - RBC","og_url":"https:\/\/www.rbc.com\/fr\/notre-compagnie\/histoire\/milestones-at-a-glance\/les-femmes-a-la-banque-royale\/","og_site_name":"RBC","article_modified_time":"2022-08-05T14:59:45+00:00","twitter_card":"summary_large_image","twitter_misc":{"Est. reading time":"4 minutes"},"schema":{"@context":"https:\/\/schema.org","@graph":[{"@type":"WebPage","@id":"https:\/\/www.rbc.com\/fr\/notre-compagnie\/histoire\/milestones-at-a-glance\/les-femmes-a-la-banque-royale\/","url":"https:\/\/www.rbc.com\/fr\/notre-compagnie\/histoire\/milestones-at-a-glance\/les-femmes-a-la-banque-royale\/","name":"Les femmes \u00e0 la Banque Royale - RBC","isPartOf":{"@id":"https:\/\/www.rbc.com\/fr\/#website"},"datePublished":"2022-07-08T19:43:33+00:00","dateModified":"2022-08-05T14:59:45+00:00","breadcrumb":{"@id":"https:\/\/www.rbc.com\/fr\/notre-compagnie\/histoire\/milestones-at-a-glance\/les-femmes-a-la-banque-royale\/#breadcrumb"},"inLanguage":"fr-FR","potentialAction":[{"@type":"ReadAction","target":["https:\/\/www.rbc.com\/fr\/notre-compagnie\/histoire\/milestones-at-a-glance\/les-femmes-a-la-banque-royale\/"]}]},{"@type":"BreadcrumbList","@id":"https:\/\/www.rbc.com\/fr\/notre-compagnie\/histoire\/milestones-at-a-glance\/les-femmes-a-la-banque-royale\/#breadcrumb","itemListElement":[{"@type":"ListItem","position":1,"name":"Notre Compagnie","item":"https:\/\/www.rbc.com\/fr\/notre-compagnie\/"},{"@type":"ListItem","position":2,"name":"Histoire","item":"https:\/\/www.rbc.com\/fr\/notre-compagnie\/histoire\/"},{"@type":"ListItem","position":3,"name":"Survol des r\u00e9alisations importantes","item":"https:\/\/www.rbc.com\/fr\/notre-compagnie\/histoire\/milestones-at-a-glance\/"},{"@type":"ListItem","position":4,"name":"Les femmes \u00e0 la Banque Royale"}]},{"@type":"WebSite","@id":"https:\/\/www.rbc.com\/fr\/#website","url":"https:\/\/www.rbc.com\/fr\/","name":"RBC","description":"","potentialAction":[{"@type":"SearchAction","target":{"@type":"EntryPoint","urlTemplate":"https:\/\/www.rbc.com\/fr\/?s={search_term_string}"},"query-input":{"@type":"PropertyValueSpecification","valueRequired":true,"valueName":"search_term_string"}}],"inLanguage":"fr-FR"}]}},"parsely":{"version":"1.1.0","canonical_url":"https:\/\/rbc.com\/fr\/notre-compagnie\/histoire\/milestones-at-a-glance\/les-femmes-a-la-banque-royale\/","smart_links":{"inbound":0,"outbound":0},"traffic_boost_suggestions_count":0,"meta":{"@context":"https:\/\/schema.org","@type":"WebPage","headline":"Les femmes \u00e0 la Banque Royale","url":"http:\/\/www.rbc.com\/fr\/notre-compagnie\/histoire\/milestones-at-a-glance\/les-femmes-a-la-banque-royale\/","mainEntityOfPage":{"@type":"WebPage","@id":"http:\/\/www.rbc.com\/fr\/notre-compagnie\/histoire\/milestones-at-a-glance\/les-femmes-a-la-banque-royale\/"},"thumbnailUrl":"","image":{"@type":"ImageObject","url":""},"articleSection":"Uncategorized","author":[],"creator":[],"publisher":{"@type":"Organization","name":"RBC","logo":""},"keywords":[],"dateCreated":"2022-07-08T19:43:33Z","datePublished":"2022-07-08T19:43:33Z","dateModified":"2022-08-05T14:59:45Z"},"rendered":"<script type=\"application\/ld+json\" class=\"wp-parsely-metadata\">{\"@context\":\"https:\\\/\\\/schema.org\",\"@type\":\"WebPage\",\"headline\":\"Les femmes \\u00e0 la Banque Royale\",\"url\":\"http:\\\/\\\/www.rbc.com\\\/fr\\\/notre-compagnie\\\/histoire\\\/milestones-at-a-glance\\\/les-femmes-a-la-banque-royale\\\/\",\"mainEntityOfPage\":{\"@type\":\"WebPage\",\"@id\":\"http:\\\/\\\/www.rbc.com\\\/fr\\\/notre-compagnie\\\/histoire\\\/milestones-at-a-glance\\\/les-femmes-a-la-banque-royale\\\/\"},\"thumbnailUrl\":\"\",\"image\":{\"@type\":\"ImageObject\",\"url\":\"\"},\"articleSection\":\"Uncategorized\",\"author\":[],\"creator\":[],\"publisher\":{\"@type\":\"Organization\",\"name\":\"RBC\",\"logo\":\"\"},\"keywords\":[],\"dateCreated\":\"2022-07-08T19:43:33Z\",\"datePublished\":\"2022-07-08T19:43:33Z\",\"dateModified\":\"2022-08-05T14:59:45Z\"}<\/script>","tracker_url":"https:\/\/cdn.parsely.com\/keys\/rbc.com\/p.js"},"coauthors":[],"author_meta":{"author_link":"https:\/\/www.rbc.com\/fr\/author\/","display_name":""},"relative_dates":{"created":"Publi\u00e9 4 ans il y a","modified":"Mis \u00e0 jour 4 ans il y a"},"absolute_dates":{"created":"Publi\u00e9 le 8 juillet 2022","modified":"Mise \u00e0 jour le 5 ao\u00fbt 2022"},"absolute_dates_time":{"created":"Publi\u00e9 le 8 juillet 2022 7:43  ","modified":"Mise \u00e0 jour le 5 ao\u00fbt 2022 2:59  "},"featured_img_caption":"","featured_img":false,"series_order":"","_links":{"self":[{"href":"https:\/\/www.rbc.com\/fr\/wp-json\/wp\/v2\/pages\/159","targetHints":{"allow":["GET"]}}],"collection":[{"href":"https:\/\/www.rbc.com\/fr\/wp-json\/wp\/v2\/pages"}],"about":[{"href":"https:\/\/www.rbc.com\/fr\/wp-json\/wp\/v2\/types\/page"}],"author":[{"embeddable":true,"href":"https:\/\/www.rbc.com\/fr\/wp-json\/wp\/v2\/users\/87"}],"replies":[{"embeddable":true,"href":"https:\/\/www.rbc.com\/fr\/wp-json\/wp\/v2\/comments?post=159"}],"version-history":[{"count":5,"href":"https:\/\/www.rbc.com\/fr\/wp-json\/wp\/v2\/pages\/159\/revisions"}],"predecessor-version":[{"id":1712,"href":"https:\/\/www.rbc.com\/fr\/wp-json\/wp\/v2\/pages\/159\/revisions\/1712"}],"up":[{"embeddable":true,"href":"https:\/\/www.rbc.com\/fr\/wp-json\/wp\/v2\/pages\/33"}],"wp:attachment":[{"href":"https:\/\/www.rbc.com\/fr\/wp-json\/wp\/v2\/media?parent=159"}],"curies":[{"name":"wp","href":"https:\/\/api.w.org\/{rel}","templated":true}]}}