{"id":13,"date":"2022-07-07T19:20:48","date_gmt":"2022-07-07T19:20:48","guid":{"rendered":"https:\/\/www.rbc.com\/fr\/?page_id=13"},"modified":"2024-11-15T16:18:35","modified_gmt":"2024-11-15T16:18:35","slug":"histoire","status":"publish","type":"page","link":"https:\/\/www.rbc.com\/fr\/notre-compagnie\/histoire\/","title":{"rendered":"Histoire"},"content":{"rendered":"\n<section role=\"banner\" class=\"wp-block-rbc-banner-full-width alignfull banner fw-bnr elg-left energy-lines-grey mar-b-0\" data-img=\"https:\/\/www.rbc.com\/fr\/wp-content\/uploads\/sites\/5\/2022\/11\/iStock-1349387269.jpg\" style=\"background-image:url( https:\/\/www.rbc.com\/fr\/wp-content\/uploads\/sites\/5\/2022\/11\/iStock-1349387269.jpg );background-position:5% 65%;background-size:cover\"><div class=\"section-inner\"><div class=\"banner-wpr\"><div class=\"banner-img-mobile banner-img img-center\" data-img=\"https:\/\/www.rbc.com\/fr\/wp-content\/uploads\/sites\/5\/2022\/11\/iStock-1349387269.jpg\" style=\"background-image:url( https:\/\/www.rbc.com\/fr\/wp-content\/uploads\/sites\/5\/2022\/11\/iStock-1349387269.jpg );background-position:5% 65%;background-size:cover\"><\/div><div class=\"banner-text\">\n<h2 class=\"wp-block-heading mar-b-hlf\" id=\"h-bienvenue-sur-le-site-historie-de-la-banque-royale-du-canada\">Bienvenue Sur le Site Historie de la Banque Royale du Canada<\/h2>\n\n\n\n<p class=\"mar-b-hlf\">Aujourd\u2019hui, pr\u00e8s de 97 000 employ\u00e9s d\u00e9vou\u00e9s et orient\u00e9s vers le client nous aident \u00e0 m\u00e9riter le privil\u00e8ge d\u2019\u00eatre le premier choix de nos clients et \u00e0 nous d\u00e9marquer en tant que source exceptionnelle de conseils pour les 17 millions de clients que nous servons partout dans le monde.<\/p>\n\n\n\n<p class=\"mar-b\">Nous vous invitons \u00e0 en apprendre davantage sur notre h\u00e9ritage, alors que s\u2019\u00e9crivent les prochains chapitres de notre histoire.<\/p>\n\n\n\n<div class=\"wp-block-buttons is-layout-flex wp-block-buttons-is-layout-flex\"><div>\n<div class=\"wp-block-button before is-style-primary primary btn\"><a class=\"wp-block-button__link wp-element-button\" href=\"https:\/\/www.rbc.com\/fr\/notre-compagnie\/histoire\/celebrating-our-history\/our-recent-past\/\" rel=\"noreferrer noopener\" data-dig-id=\"LP-13-6af661b5\" data-dig-category=\"LP\" data-dig-action=\"button click\" data-dig-label=\"Pour en savoir plus sur notre histoire r\u00e9cente-https:\/\/www.rbc.com\/fr\/notre-compagnie\/histoire\/celebrating-our-history\/our-recent-past\/ \">Pour en savoir plus sur notre histoire r\u00e9cente<\/a><\/div>\n<\/div><\/div>\n<\/div><\/div><\/div><\/section>\n\n\n\n<section class=\"wp-block-rbc-section-block  pos-rel pad-t-dbl pad-b-dbl mob-pad-t mob-pad-b\" style=\"border-radius:0px\">\n<div class=\"wp-block-rbc-section-inner-block  section-inner pad-t-dbl pad-b-dbl mob-pad-b mob-pad-t\" style=\"border-radius:0x\">\n<h2 class=\"wp-block-heading has-text-align-center mar-b-dbl mob-mar-b\" id=\"h-notre-histoire\">Notre Histoire<\/h2>\n\n\n\n<div class=\"wp-block-rbc-our-history col-wpr\">\n<div class=\"wp-block-rbc-our-history-single col-4 mar-t-0\"><div class=\"callout no-border bg-cool-white\"><div class=\"callout-img\" data-img=\"https:\/\/www.rbc.com\/fr\/wp-content\/uploads\/sites\/5\/2022\/08\/Edmonton-Jasper-Ave-West-1920-06_6721_celebrating_Our_History_homepage-section-and-Banner_Image.jpeg\" style=\"background-image:url(https:\/\/www.rbc.com\/fr\/wp-content\/uploads\/sites\/5\/2022\/08\/Edmonton-Jasper-Ave-West-1920-06_6721_celebrating_Our_History_homepage-section-and-Banner_Image.jpeg);background-color:var(--wp--custom--colors--tints--grey-light-tint-one);background-position:0%,0%;background-size:cover\"><\/div><div class=\"callout-content\"><div class=\"callout-copy\"><div class=\"callout-details\"><h4 class=\"mar-b-hlf\">C\u00e9l\u00e9brons notre histoire<\/h4><p class=\"mar-b-dbl\">D\u00e9couvrez notre histoire, depuis nos premi\u00e8res ann\u00e9es dans le Halifax des ann\u00e9es 1860 jusqu\u2019\u00e0 notre expansion au Canada, aux \u00c9tats-Unis et dans 49 autres pays.<\/p><\/div><a href=\"https:\/\/www.rbc.com\/fr\/notre-compagnie\/histoire\/celebrating-our-history\/\" class=\"standalone-link\" data-dig-id=\"LP-13-0acd3024\" data-dig-category=\"LP\" data-dig-action=\"link click\" data-dig-label=\"Lisez plus\">Lisez plus<\/a><\/div><\/div><\/div><\/div>\n\n\n\n<div class=\"wp-block-rbc-our-history-single col-4 mar-t-0\"><div class=\"callout no-border bg-cool-white\"><div class=\"callout-img\" data-img=\"https:\/\/www.rbc.com\/fr\/wp-content\/uploads\/sites\/5\/2022\/08\/Burlington-Guelph-Line-and-Mainway-2010-10-18_2_-Our-Recent-Past-HP.jpeg\" style=\"background-image:url(https:\/\/www.rbc.com\/fr\/wp-content\/uploads\/sites\/5\/2022\/08\/Burlington-Guelph-Line-and-Mainway-2010-10-18_2_-Our-Recent-Past-HP.jpeg);background-color:var(--wp--custom--colors--tints--grey-light-tint-one);background-position:0%,0%;background-size:cover\"><\/div><div class=\"callout-content\"><div class=\"callout-copy\"><div class=\"callout-details\"><h4 class=\"mar-b-hlf\">Notre histoire r\u00e9cente<\/h4><p class=\"mar-b-dbl\"> Le pass\u00e9 r\u00e9cent a \u00e9t\u00e9 appel\u00e9 l\u2019\u00e8re num\u00e9rique, marqu\u00e9e par l\u2019avancement rapide des technologies pour les entreprises et pour les particuliers.<\/p><\/div><a href=\"https:\/\/www.rbc.com\/fr\/notre-compagnie\/histoire\/celebrating-our-history\/our-recent-past\/\" class=\"standalone-link\" data-dig-id=\"LP-13-68e67f09\" data-dig-category=\"LP\" data-dig-action=\"link click\" data-dig-label=\"Lisez plus\">Lisez plus<\/a><\/div><\/div><\/div><\/div>\n\n\n\n<div class=\"wp-block-rbc-our-history-single col-4 mar-t-0\"><div class=\"callout no-border bg-cool-white\"><div class=\"callout-img\" data-img=\"https:\/\/www.rbc.com\/fr\/wp-content\/uploads\/sites\/5\/2022\/08\/Farnham-Military-Camp-1941_-In_Remem..Homepage.jpg\" style=\"background-image:url(https:\/\/www.rbc.com\/fr\/wp-content\/uploads\/sites\/5\/2022\/08\/Farnham-Military-Camp-1941_-In_Remem..Homepage.jpg);background-color:var(--wp--custom--colors--tints--grey-light-tint-one);background-position:0%,0%;background-size:cover\"><\/div><div class=\"callout-content\"><div class=\"callout-copy\"><div class=\"callout-details\"><h4 class=\"mar-b-hlf\">En souvenir<\/h4><p class=\"mar-b-dbl\">Cette section est consacr\u00e9e \u00e0 tous les employ\u00e9s de la Banque Royale du Canada qui ont servi pendant la Premi\u00e8re et la Seconde Guerre mondiale, ainsi qu\u2019aux employ\u00e9s qui ont contribu\u00e9 \u00e0 l\u2019effort de guerre au pays.<\/p><\/div><a href=\"https:\/\/www.rbc.com\/fr\/notre-compagnie\/histoire\/celebrating-our-history\/in-remembrance\/\" class=\"standalone-link\" data-dig-id=\"LP-13-21f526f4\" data-dig-category=\"LP\" data-dig-action=\"link click\" data-dig-label=\"Lisez plus\">Lisez plus<\/a><\/div><\/div><\/div><\/div>\n<\/div><div class=\"clearfix\"><\/div>\n<\/div>\n<\/section>\n\n\n\n<section class=\"wp-block-rbc-section-block section-cool-white pos-rel  pad-t-dbl mob-pad-t pad-b-dbl mob-pad-b has-f-5-f-8-f-9-background-color has-background\" style=\"border-radius:0px\">\n<div class=\"wp-block-rbc-section-inner-block  section-inner pad-t-dbl mob-pad-t pad-b-dbl mob-pad-b\" style=\"border-radius:0x\">\n<h2 class=\"wp-block-heading has-text-align-center mar-b\" id=\"h-expositions-en-ligne\">Expositions en ligne<\/h2>\n\n\n\n<div class=\"wp-block-columns mar-b-0 is-layout-flex wp-container-core-columns-is-layout-28f84493 wp-block-columns-is-layout-flex\">\n<div class=\"wp-block-column pad-r mob-pad-r-0 mob-mar-b-hlf is-layout-flow wp-block-column-is-layout-flow\">\n<h3 class=\"wp-block-heading has-text-align-center h4 mar-b-hlf\" id=\"h-sequences-historiques\">S\u00e9quences historiques<\/h3>\n\n\n\n<p class=\"has-text-align-center mar-b-hlf\">Effectuez une visite guid\u00e9e de RBC et de son histoire au moyen d\u2019extraits vid\u00e9o<\/p>\n\n\n\n<p class=\"has-text-align-center\"><a href=\"https:\/\/www.rbc.com\/fr\/notre-compagnie\/histoire\/virtual-exhibits\/#section-content-be852d83\" data-dig-id=\"LP-13-a4b7010d\" data-dig-category=\"LP\" data-dig-action=\"link click\" data-dig-label=\"Voir historiques S\u00e9quences\" class=\"rbc-link-format standalone-link\" data-icon-class=\"standalone-link\">Voir historiques S\u00e9quences<\/a><\/p>\n<\/div>\n\n\n\n<div class=\"wp-block-column is-layout-flow wp-block-column-is-layout-flow\">\n<h3 class=\"wp-block-heading has-text-align-center h4 mar-b-hlf\" id=\"h-galerie-de-photos\">Galerie de photos<\/h3>\n\n\n\n<p class=\"has-text-align-center mar-b-hlf\">Effectuez une visite guid\u00e9e de RBC et de son histoire au moyen d\u2019extraits photos.<\/p>\n\n\n\n<p class=\"has-text-align-center\"><a href=\"https:\/\/www.rbc.com\/fr\/notre-compagnie\/histoire\/virtual-exhibits\/#section-content-181c4734\" data-dig-id=\"LP-13-2b830181\" data-dig-category=\"LP\" data-dig-action=\"link click\" data-dig-label=\"Voir la galerie de photos\" class=\"rbc-link-format standalone-link\" data-icon-class=\"standalone-link\">Voir la galerie de photos<\/a><\/p>\n<\/div>\n<\/div>\n<\/div>\n<\/section>\n\n\n\n<section class=\"wp-block-rbc-section-block  pos-rel pad-b-dbl mob-pad-b pad-t-0 mob-pad-t-0\" style=\"border-radius:0px\">\n<div class=\"wp-block-rbc-section-inner-block  section-inner pad-b-dbl mob-pad-b mob-pad-t pad-t\" style=\"border-radius:0x\">\t\n\t<div class=\"wp-block-tk-spacer id-571f5857-79cd-4bd4-8803-2cd3c4210c51\" aria-hidden=\"true\"><\/div>\n\t\n\n\n<div class=\"wp-block-columns mar-b-0 is-layout-flex wp-container-core-columns-is-layout-28f84493 wp-block-columns-is-layout-flex\">\n<div class=\"wp-block-column mob-pad-r-0 mob-pad-b-hlf pad-r-0 is-layout-flow wp-block-column-is-layout-flow\" style=\"flex-basis:597px\">\n<figure class=\"wp-block-image size-large is-resized\"><img loading=\"lazy\" decoding=\"async\" height=\"519\" width=\"1024\" src=\"https:\/\/www.rbc.com\/fr\/wp-content\/uploads\/sites\/5\/2022\/08\/Leamington-1968_RBC-Letter_Homepage.jpg?w=1024\" alt=\"\" class=\"wp-image-1738\" style=\"width:567px\" srcset=\"https:\/\/www.rbc.com\/fr\/wp-content\/uploads\/sites\/5\/2022\/08\/Leamington-1968_RBC-Letter_Homepage.jpg 2684w, https:\/\/www.rbc.com\/fr\/wp-content\/uploads\/sites\/5\/2022\/08\/Leamington-1968_RBC-Letter_Homepage.jpg?resize=300,152 300w, https:\/\/www.rbc.com\/fr\/wp-content\/uploads\/sites\/5\/2022\/08\/Leamington-1968_RBC-Letter_Homepage.jpg?resize=768,389 768w, https:\/\/www.rbc.com\/fr\/wp-content\/uploads\/sites\/5\/2022\/08\/Leamington-1968_RBC-Letter_Homepage.jpg?resize=1024,519 1024w, https:\/\/www.rbc.com\/fr\/wp-content\/uploads\/sites\/5\/2022\/08\/Leamington-1968_RBC-Letter_Homepage.jpg?resize=1536,779 1536w, https:\/\/www.rbc.com\/fr\/wp-content\/uploads\/sites\/5\/2022\/08\/Leamington-1968_RBC-Letter_Homepage.jpg?resize=2048,1038 2048w\" sizes=\"auto, (max-width: 1024px) 100vw, 1024px\" \/><\/figure>\n<\/div>\n\n\n\n<div class=\"wp-block-column is-layout-flow wp-block-column-is-layout-flow\">\n<h3 class=\"wp-block-heading h4 mar-b-hlf\" id=\"h-bulletin-rbc\"><strong>Bulletin RBC<\/strong><\/h3>\n\n\n\n<p class=\"mar-b-hlf\">Le Bulletin RBC (anciennement appel\u00e9 Bulletin mensuel de la Banque Royale) a \u00e9t\u00e9 lanc\u00e9 en avril 1920. Cette publication offrait alors de l\u2019information et des commentaires sur des questions financi\u00e8res et \u00e9conomiques. En 1943, la publication est devenue un bulletin d\u2019int\u00e9r\u00eat g\u00e9n\u00e9ral offrant une s\u00e9rie d\u2019essais visant \u00e0 aider les lecteurs \u00e0 comprendre le monde qui les entoure et leur propre vie. Bien que de nouvelles \u00e9ditions du Bulletin RBC soient rarement publi\u00e9es, la collection demeure une ressource pour les enseignants, les entreprises et les gouvernements partout dans le monde.<\/p>\n\n\n\n<p class=\"mar-b-0\"><a href=\"https:\/\/www.rbc.com\/fr\/notre-compagnie\/histoire\/search\/\" data-dig-id=\"LP-13-72508f13\" data-dig-category=\"LP\" data-dig-action=\"link click\" data-dig-label=\"Rechercher un bulletin qui vous int\u00e9resse\" class=\"rbc-link-format standalone-link\" data-icon-class=\"standalone-link\">Rechercher un bulletin qui vous int\u00e9resse<\/a><\/p>\n<\/div>\n<\/div>\n\n\n\t\n\t<div class=\"wp-block-tk-spacer id-1c0be849-96c4-4649-9962-15254a8987cb\" aria-hidden=\"true\"><\/div>\n\t\n\n\n<h2 class=\"wp-block-heading has-text-align-center mar-b-dbl mar-t-0\" id=\"h-boite-a-outils-du-chercheur\">Bo\u00eete \u00e0 outils du chercheur<\/h2>\n\n\n\n<div class=\"wp-block-columns mar-b-dbl mob-mar-b-hlf is-layout-flex wp-container-core-columns-is-layout-28f84493 wp-block-columns-is-layout-flex\">\n<div class=\"wp-block-column mob-mar-b-hlf pad-r mob-pad-r-0 is-layout-flow wp-block-column-is-layout-flow\">\n<h3 class=\"wp-block-heading h4 mar-b-hlf\" id=\"h-salle-de-presse\">Salle de presse<\/h3>\n\n\n\n<p class=\"mar-b-hlf\">Visualisez les faits nouveaux, les annonces et les r\u00e9alisations de la Banque Royale qui sont consign\u00e9s dans les archives des communiqu\u00e9s de presse.<\/p>\n\n\n\n<p class=\"mar-b-0\"><a href=\"https:\/\/www.rbc.com\/nouvelles\/index.html\" target=\"_blank\" data-dig-id=\"LP-133-2dc97a83\" data-dig-category=\"LP\" data-dig-action=\"link click\" data-dig-label=\"RBC Media Newsroom\" class=\"rbc-link-format standalone-link\" data-icon-class=\"standalone-link\" rel=\"noreferrer noopener\">Pour en savoir plus<\/a><\/p>\n<\/div>\n\n\n\n<div class=\"wp-block-column pad-r mob-pad-r-0 mob-mar-b-hlf is-layout-flow wp-block-column-is-layout-flow\">\n<h3 class=\"wp-block-heading h4 mar-b-hlf\" id=\"h-rapports-annuels\">Rapports annuels<\/h3>\n\n\n\n<p class=\"mar-b-hlf\">Consultez nos rapports annuels, en choisissant l\u2019ann\u00e9e et l\u2019information qui vous int\u00e9ressent.<\/p>\n\n\n\n<p class=\"mar-b-0\"><a href=\"https:\/\/www.rbc.com\/investisseurs\/assemblees-annuelles.html\" target=\"_blank\" data-dig-id=\"LP-13-d3331d34\" data-dig-category=\"LP\" data-dig-action=\"link click\" data-dig-label=\"Lire les rapports\" class=\"rbc-link-format standalone-link\" data-icon-class=\"standalone-link\" rel=\"noreferrer noopener\">Lire les rapports<\/a><\/p>\n<\/div>\n\n\n\n<div class=\"wp-block-column is-layout-flow wp-block-column-is-layout-flow\">\n<h3 class=\"wp-block-heading h4 mar-b-hlf\" id=\"h-acquisitions\">Acquisitions<\/h3>\n\n\n\n<p class=\"mar-b-hlf\">Consultez les communiqu\u00e9s sur les acquisitions que nous avons effectu\u00e9es depuis 2006.<\/p>\n\n\n\n<p class=\"mar-b-0\"><a href=\"https:\/\/www.rbc.com\/investisseurs\/acquisitions-et-dessaisissements.html\" target=\"_blank\" data-dig-id=\"LP-13-a3c62f2a\" data-dig-category=\"LP\" data-dig-action=\"link click\" data-dig-label=\"Pour en savoir plus\" class=\"rbc-link-format standalone-link\" data-icon-class=\"standalone-link\" rel=\"noreferrer noopener\">Pour en savoir plus<\/a><\/p>\n<\/div>\n<\/div>\n\n\n\n<div class=\"wp-block-columns is-layout-flex wp-container-core-columns-is-layout-28f84493 wp-block-columns-is-layout-flex\">\n<div class=\"wp-block-column mob-mar-b-hlf pad-r mob-pad-r-0 is-layout-flow wp-block-column-is-layout-flow\">\n<h3 class=\"wp-block-heading h4 mar-b-hlf\" id=\"h-responsabilite-d-entreprise\">Responsabilit\u00e9 d\u2019entreprise<\/h3>\n\n\n\n<p class=\"mar-b-hlf\">Apprenez-en davantage sur notre rendement dans six secteurs cl\u00e9s qui illustrent notre strat\u00e9gie en mati\u00e8re d\u2019initiatives communautaires et de durabilit\u00e9. Visualisez les faits saillants annuels de nos Rapports sur la responsabilit\u00e9 d\u2019entreprise.<\/p>\n\n\n\n<p class=\"mar-b-0\"><a href=\"https:\/\/www.rbc.com\/collectivite-impact-social\/index.html\" target=\"_blank\" data-dig-id=\"LP-13-4bca0a3a\" data-dig-category=\"LP\" data-dig-action=\"link click\" data-dig-label=\"Lire les rapports\" class=\"rbc-link-format standalone-link\" data-icon-class=\"standalone-link\" rel=\"noreferrer noopener\">Lire les rapports<\/a><\/p>\n<\/div>\n\n\n\n<div class=\"wp-block-column pad-r mob-pad-r-0 mob-mar-b-hlf is-layout-flow wp-block-column-is-layout-flow\">\n<h3 class=\"wp-block-heading h4 mar-b-hlf\" id=\"h-rapports-d-etape-sur-la-diversite\">Rapports d\u2019\u00e9tape sur la diversit\u00e9<\/h3>\n\n\n\n<p class=\"mar-b-hlf\">Par le Rapport d\u2019\u00e9tape sur la diversit\u00e9, nous vous informons des activit\u00e9s li\u00e9es \u00e0 la diversit\u00e9 et \u00e0 l\u2019int\u00e9gration qui se sont tenues dans l\u2019ensemble de l\u2019entreprise.<\/p>\n\n\n\n<p class=\"mar-b-0\"><a href=\"https:\/\/www.rbc.com\/diversite-inclusion\/index.html\" target=\"_blank\" data-dig-id=\"LP-13-079f4105\" data-dig-category=\"LP\" data-dig-action=\"link click\" data-dig-label=\"Lire les rapports\" class=\"rbc-link-format standalone-link\" data-icon-class=\"standalone-link\" rel=\"noreferrer noopener\">Lire les rapports<\/a><\/p>\n<\/div>\n\n\n\n<div class=\"wp-block-column is-layout-flow wp-block-column-is-layout-flow\">\n<h3 class=\"wp-block-heading h4 mar-b-hlf\" id=\"h-reconnaissance\">Reconnaissance<\/h3>\n\n\n\n<p class=\"mar-b-hlf\">La r\u00e9putation d\u2019une entreprise repose en partie sur ce que le public dit d\u2019elle. Nous nous consid\u00e9rons comme privil\u00e9gi\u00e9s d\u2019avoir re\u00e7u tous ces honneurs.<\/p>\n\n\n\n<p class=\"mar-b-0\"><a href=\"https:\/\/www.rbc.com\/notre-compagnie\/reconnaissances.html\" target=\"_blank\" data-dig-id=\"LP-13-85e75b9c\" data-dig-category=\"LP\" data-dig-action=\"link click\" data-dig-label=\"Pour en savoir plus\" class=\"rbc-link-format standalone-link\" data-icon-class=\"standalone-link\" rel=\"noreferrer noopener\">Pour en savoir plus<\/a><\/p>\n<\/div>\n<\/div>\n<\/div>\n<\/section>\n<style class=\"advgb-styles-renderer\">\n\t\t.wp-block-tk-spacer.id-571f5857-79cd-4bd4-8803-2cd3c4210c51 {\n\t\theight: 111px;\n\t}\n\n\t@media ( max-width: 480px ) {\n\t\t.wp-block-tk-spacer.id-571f5857-79cd-4bd4-8803-2cd3c4210c51 {\n\t\t\theight: 30px;\n\t\t}\n\t}\t\n\t\t.wp-block-tk-spacer.id-1c0be849-96c4-4649-9962-15254a8987cb {\n\t\theight: 111px;\n\t}\n\n\t@media ( max-width: 480px ) {\n\t\t.wp-block-tk-spacer.id-1c0be849-96c4-4649-9962-15254a8987cb {\n\t\t\theight: 30px;\n\t\t}\n\t}\t<\/style>","protected":false},"excerpt":{"rendered":"","protected":false},"author":87,"featured_media":0,"parent":10,"menu_order":0,"comment_status":"closed","ping_status":"closed","template":"","meta":{"_acf_changed":false,"disable_focal_point":true,"featured_image_focal_point":{"x":0.5,"y":0.5},"advgb_blocks_editor_width":"","advgb_blocks_columns_visual_guide":"","footnotes":""},"class_list":["post-13","page","type-page","status-publish","hentry"],"acf":[],"yoast_head":"<!-- This site is optimized with the Yoast SEO Premium plugin v27.2 (Yoast SEO v27.2) - https:\/\/yoast.com\/product\/yoast-seo-premium-wordpress\/ -->\n<title>Histoire - RBC<\/title>\n<meta name=\"robots\" content=\"index, follow, max-snippet:-1, max-image-preview:large, max-video-preview:-1\" \/>\n<link rel=\"canonical\" href=\"https:\/\/www.rbc.com\/fr\/notre-compagnie\/histoire\/\" \/>\n<meta property=\"og:locale\" content=\"fr_FR\" \/>\n<meta property=\"og:type\" content=\"article\" \/>\n<meta property=\"og:title\" content=\"Histoire - RBC\" \/>\n<meta property=\"og:url\" content=\"https:\/\/www.rbc.com\/fr\/notre-compagnie\/histoire\/\" \/>\n<meta property=\"og:site_name\" content=\"RBC\" \/>\n<meta property=\"article:modified_time\" content=\"2024-11-15T16:18:35+00:00\" \/>\n<meta property=\"og:image\" content=\"https:\/\/www.rbc.com\/fr\/wp-content\/uploads\/sites\/5\/2022\/08\/Leamington-1968_RBC-Letter_Homepage.jpg?w=1024\" \/>\n<meta name=\"twitter:card\" content=\"summary_large_image\" \/>\n<meta name=\"twitter:label1\" content=\"Est. reading time\" \/>\n\t<meta name=\"twitter:data1\" content=\"3 minutes\" \/>\n<script type=\"application\/ld+json\" class=\"yoast-schema-graph\">{\"@context\":\"https:\/\/schema.org\",\"@graph\":[{\"@type\":\"WebPage\",\"@id\":\"https:\/\/www.rbc.com\/fr\/notre-compagnie\/histoire\/\",\"url\":\"https:\/\/www.rbc.com\/fr\/notre-compagnie\/histoire\/\",\"name\":\"Histoire - RBC\",\"isPartOf\":{\"@id\":\"https:\/\/www.rbc.com\/fr\/#website\"},\"primaryImageOfPage\":{\"@id\":\"https:\/\/www.rbc.com\/fr\/notre-compagnie\/histoire\/#primaryimage\"},\"image\":{\"@id\":\"https:\/\/www.rbc.com\/fr\/notre-compagnie\/histoire\/#primaryimage\"},\"thumbnailUrl\":\"https:\/\/www.rbc.com\/fr\/wp-content\/uploads\/sites\/5\/2022\/08\/Leamington-1968_RBC-Letter_Homepage.jpg?w=1024\",\"datePublished\":\"2022-07-07T19:20:48+00:00\",\"dateModified\":\"2024-11-15T16:18:35+00:00\",\"breadcrumb\":{\"@id\":\"https:\/\/www.rbc.com\/fr\/notre-compagnie\/histoire\/#breadcrumb\"},\"inLanguage\":\"fr-FR\",\"potentialAction\":[{\"@type\":\"ReadAction\",\"target\":[\"https:\/\/www.rbc.com\/fr\/notre-compagnie\/histoire\/\"]}]},{\"@type\":\"ImageObject\",\"inLanguage\":\"fr-FR\",\"@id\":\"https:\/\/www.rbc.com\/fr\/notre-compagnie\/histoire\/#primaryimage\",\"url\":\"https:\/\/www.rbc.com\/fr\/wp-content\/uploads\/sites\/5\/2022\/08\/Leamington-1968_RBC-Letter_Homepage.jpg?quality=80\",\"contentUrl\":\"https:\/\/www.rbc.com\/fr\/wp-content\/uploads\/sites\/5\/2022\/08\/Leamington-1968_RBC-Letter_Homepage.jpg?quality=80\",\"width\":2684,\"height\":1361},{\"@type\":\"BreadcrumbList\",\"@id\":\"https:\/\/www.rbc.com\/fr\/notre-compagnie\/histoire\/#breadcrumb\",\"itemListElement\":[{\"@type\":\"ListItem\",\"position\":1,\"name\":\"Notre Compagnie\",\"item\":\"https:\/\/www.rbc.com\/fr\/notre-compagnie\/\"},{\"@type\":\"ListItem\",\"position\":2,\"name\":\"Histoire\"}]},{\"@type\":\"WebSite\",\"@id\":\"https:\/\/www.rbc.com\/fr\/#website\",\"url\":\"https:\/\/www.rbc.com\/fr\/\",\"name\":\"RBC\",\"description\":\"\",\"potentialAction\":[{\"@type\":\"SearchAction\",\"target\":{\"@type\":\"EntryPoint\",\"urlTemplate\":\"https:\/\/www.rbc.com\/fr\/?s={search_term_string}\"},\"query-input\":{\"@type\":\"PropertyValueSpecification\",\"valueRequired\":true,\"valueName\":\"search_term_string\"}}],\"inLanguage\":\"fr-FR\"}]}<\/script>\n<!-- \/ Yoast SEO Premium plugin. -->","yoast_head_json":{"title":"Histoire - RBC","robots":{"index":"index","follow":"follow","max-snippet":"max-snippet:-1","max-image-preview":"max-image-preview:large","max-video-preview":"max-video-preview:-1"},"canonical":"https:\/\/www.rbc.com\/fr\/notre-compagnie\/histoire\/","og_locale":"fr_FR","og_type":"article","og_title":"Histoire - RBC","og_url":"https:\/\/www.rbc.com\/fr\/notre-compagnie\/histoire\/","og_site_name":"RBC","article_modified_time":"2024-11-15T16:18:35+00:00","og_image":[{"url":"https:\/\/www.rbc.com\/fr\/wp-content\/uploads\/sites\/5\/2022\/08\/Leamington-1968_RBC-Letter_Homepage.jpg?w=1024","type":"","width":"","height":""}],"twitter_card":"summary_large_image","twitter_misc":{"Est. reading time":"3 minutes"},"schema":{"@context":"https:\/\/schema.org","@graph":[{"@type":"WebPage","@id":"https:\/\/www.rbc.com\/fr\/notre-compagnie\/histoire\/","url":"https:\/\/www.rbc.com\/fr\/notre-compagnie\/histoire\/","name":"Histoire - RBC","isPartOf":{"@id":"https:\/\/www.rbc.com\/fr\/#website"},"primaryImageOfPage":{"@id":"https:\/\/www.rbc.com\/fr\/notre-compagnie\/histoire\/#primaryimage"},"image":{"@id":"https:\/\/www.rbc.com\/fr\/notre-compagnie\/histoire\/#primaryimage"},"thumbnailUrl":"https:\/\/www.rbc.com\/fr\/wp-content\/uploads\/sites\/5\/2022\/08\/Leamington-1968_RBC-Letter_Homepage.jpg?w=1024","datePublished":"2022-07-07T19:20:48+00:00","dateModified":"2024-11-15T16:18:35+00:00","breadcrumb":{"@id":"https:\/\/www.rbc.com\/fr\/notre-compagnie\/histoire\/#breadcrumb"},"inLanguage":"fr-FR","potentialAction":[{"@type":"ReadAction","target":["https:\/\/www.rbc.com\/fr\/notre-compagnie\/histoire\/"]}]},{"@type":"ImageObject","inLanguage":"fr-FR","@id":"https:\/\/www.rbc.com\/fr\/notre-compagnie\/histoire\/#primaryimage","url":"https:\/\/www.rbc.com\/fr\/wp-content\/uploads\/sites\/5\/2022\/08\/Leamington-1968_RBC-Letter_Homepage.jpg?quality=80","contentUrl":"https:\/\/www.rbc.com\/fr\/wp-content\/uploads\/sites\/5\/2022\/08\/Leamington-1968_RBC-Letter_Homepage.jpg?quality=80","width":2684,"height":1361},{"@type":"BreadcrumbList","@id":"https:\/\/www.rbc.com\/fr\/notre-compagnie\/histoire\/#breadcrumb","itemListElement":[{"@type":"ListItem","position":1,"name":"Notre Compagnie","item":"https:\/\/www.rbc.com\/fr\/notre-compagnie\/"},{"@type":"ListItem","position":2,"name":"Histoire"}]},{"@type":"WebSite","@id":"https:\/\/www.rbc.com\/fr\/#website","url":"https:\/\/www.rbc.com\/fr\/","name":"RBC","description":"","potentialAction":[{"@type":"SearchAction","target":{"@type":"EntryPoint","urlTemplate":"https:\/\/www.rbc.com\/fr\/?s={search_term_string}"},"query-input":{"@type":"PropertyValueSpecification","valueRequired":true,"valueName":"search_term_string"}}],"inLanguage":"fr-FR"}]}},"parsely":{"version":"1.1.0","canonical_url":"https:\/\/rbc.com\/fr\/notre-compagnie\/histoire\/","smart_links":{"inbound":0,"outbound":0},"traffic_boost_suggestions_count":0,"meta":{"@context":"https:\/\/schema.org","@type":"WebPage","headline":"Histoire","url":"http:\/\/www.rbc.com\/fr\/notre-compagnie\/histoire\/","mainEntityOfPage":{"@type":"WebPage","@id":"http:\/\/www.rbc.com\/fr\/notre-compagnie\/histoire\/"},"thumbnailUrl":"","image":{"@type":"ImageObject","url":""},"articleSection":"Uncategorized","author":[],"creator":[],"publisher":{"@type":"Organization","name":"RBC","logo":""},"keywords":[],"dateCreated":"2022-07-07T19:20:48Z","datePublished":"2022-07-07T19:20:48Z","dateModified":"2024-11-15T16:18:35Z"},"rendered":"<script type=\"application\/ld+json\" class=\"wp-parsely-metadata\">{\"@context\":\"https:\\\/\\\/schema.org\",\"@type\":\"WebPage\",\"headline\":\"Histoire\",\"url\":\"http:\\\/\\\/www.rbc.com\\\/fr\\\/notre-compagnie\\\/histoire\\\/\",\"mainEntityOfPage\":{\"@type\":\"WebPage\",\"@id\":\"http:\\\/\\\/www.rbc.com\\\/fr\\\/notre-compagnie\\\/histoire\\\/\"},\"thumbnailUrl\":\"\",\"image\":{\"@type\":\"ImageObject\",\"url\":\"\"},\"articleSection\":\"Uncategorized\",\"author\":[],\"creator\":[],\"publisher\":{\"@type\":\"Organization\",\"name\":\"RBC\",\"logo\":\"\"},\"keywords\":[],\"dateCreated\":\"2022-07-07T19:20:48Z\",\"datePublished\":\"2022-07-07T19:20:48Z\",\"dateModified\":\"2024-11-15T16:18:35Z\"}<\/script>","tracker_url":"https:\/\/cdn.parsely.com\/keys\/rbc.com\/p.js"},"coauthors":[],"author_meta":{"author_link":"https:\/\/www.rbc.com\/fr\/author\/","display_name":""},"relative_dates":{"created":"Publi\u00e9 4 ans il y a","modified":"Mis \u00e0 jour 1 an il y a"},"absolute_dates":{"created":"Publi\u00e9 le 7 juillet 2022","modified":"Mise \u00e0 jour le 15 novembre 2024"},"absolute_dates_time":{"created":"Publi\u00e9 le 7 juillet 2022 7:20  ","modified":"Mise \u00e0 jour le 15 novembre 2024 4:18  "},"featured_img_caption":"","featured_img":false,"series_order":"","_links":{"self":[{"href":"https:\/\/www.rbc.com\/fr\/wp-json\/wp\/v2\/pages\/13","targetHints":{"allow":["GET"]}}],"collection":[{"href":"https:\/\/www.rbc.com\/fr\/wp-json\/wp\/v2\/pages"}],"about":[{"href":"https:\/\/www.rbc.com\/fr\/wp-json\/wp\/v2\/types\/page"}],"author":[{"embeddable":true,"href":"https:\/\/www.rbc.com\/fr\/wp-json\/wp\/v2\/users\/87"}],"replies":[{"embeddable":true,"href":"https:\/\/www.rbc.com\/fr\/wp-json\/wp\/v2\/comments?post=13"}],"version-history":[{"count":27,"href":"https:\/\/www.rbc.com\/fr\/wp-json\/wp\/v2\/pages\/13\/revisions"}],"predecessor-version":[{"id":3138,"href":"https:\/\/www.rbc.com\/fr\/wp-json\/wp\/v2\/pages\/13\/revisions\/3138"}],"up":[{"embeddable":true,"href":"https:\/\/www.rbc.com\/fr\/wp-json\/wp\/v2\/pages\/10"}],"wp:attachment":[{"href":"https:\/\/www.rbc.com\/fr\/wp-json\/wp\/v2\/media?parent=13"}],"curies":[{"name":"wp","href":"https:\/\/api.w.org\/{rel}","templated":true}]}}