{"id":4489,"date":"2026-04-13T17:33:23","date_gmt":"2026-04-13T17:33:23","guid":{"rendered":"https:\/\/www.rbc.com\/fr\/economique\/?page_id=4489"},"modified":"2026-04-13T17:33:24","modified_gmt":"2026-04-13T17:33:24","slug":"videos","status":"publish","type":"page","link":"https:\/\/www.rbc.com\/fr\/economique\/videos\/","title":{"rendered":"Vid\u00e9os"},"content":{"rendered":"\n<section class=\"wp-block-rbc-section-block  pos-rel\" style=\"border-radius:0px\">\n<div class=\"wp-block-rbc-section-inner-block  section-inner\" style=\"border-radius:0x\">\t\t<div class=\"most-recent-by-taxonomy-jscroll jscroll-wrapper\">\n\t\t\t\t\t\t<div class=\"wp-block-rbc-most-recent-by-taxonomy most-recent-by-taxonomy-is-template-type-3 is-post-type-rbc-econ-video\">\n\t\t\t\t\t\n<div class=\"jscroll-item\" data-post-id=\"4503\">\n\t<article class=\"post-card thought-leadership-template\">\n\t\t<a href=\"https:\/\/www.rbc.com\/fr\/economique\/video\/changement-de-cap-du-marche-de-lemploi-au-canada-rajustement-du-point-dequilibre-de-lemploi\/\">\n\t\t\t\t\t<div class=\"post-image\">\n\t\t\t\t<img loading=\"lazy\" decoding=\"async\" width=\"1024\" height=\"618\" src=\"https:\/\/www.rbc.com\/fr\/economique\/wp-content\/uploads\/sites\/24\/2025\/11\/CA-Jobs-NEW.png?quality=80\" class=\"attachment-full size-full wp-post-image\" alt=\"\" srcset=\"https:\/\/www.rbc.com\/fr\/economique\/wp-content\/uploads\/sites\/24\/2025\/11\/CA-Jobs-NEW.png 3067w, https:\/\/www.rbc.com\/fr\/economique\/wp-content\/uploads\/sites\/24\/2025\/11\/CA-Jobs-NEW.png?resize=300,181 300w, https:\/\/www.rbc.com\/fr\/economique\/wp-content\/uploads\/sites\/24\/2025\/11\/CA-Jobs-NEW.png?resize=768,463 768w, https:\/\/www.rbc.com\/fr\/economique\/wp-content\/uploads\/sites\/24\/2025\/11\/CA-Jobs-NEW.png?resize=1024,618 1024w, https:\/\/www.rbc.com\/fr\/economique\/wp-content\/uploads\/sites\/24\/2025\/11\/CA-Jobs-NEW.png?resize=1536,927 1536w, https:\/\/www.rbc.com\/fr\/economique\/wp-content\/uploads\/sites\/24\/2025\/11\/CA-Jobs-NEW.png?resize=2048,1235 2048w\" sizes=\"auto, (max-width: 1024px) 100vw, 1024px\" \/>\t\t\t<\/div>\n\t\t\t\t<div class=\"post-content\">\n\t\t\t<h4 class=\"post-title\">\n\t\t\t\tChangement de cap du march\u00e9 de l&#8217;emploi au Canada : rajustement du point d&rsquo;\u00e9quilibre de l&#8217;emploi\t\t\t<\/h4>\n\t\t\t\t\t\t\t<p class=\"post-date\">12 janvier 2026<\/p>\n\t\t\t\t\t\t<\/div>\n\t\t<\/a>\n\t<\/article>\n<\/div>\n\n<div class=\"jscroll-item\" data-post-id=\"4499\">\n\t<article class=\"post-card thought-leadership-template\">\n\t\t<a href=\"https:\/\/www.rbc.com\/fr\/economique\/video\/six-themes-cles-pour-leconomie-canadienne-en-2026\/\">\n\t\t\t\t\t<div class=\"post-image\">\n\t\t\t\t<img loading=\"lazy\" decoding=\"async\" width=\"1024\" height=\"618\" src=\"https:\/\/www.rbc.com\/fr\/economique\/wp-content\/uploads\/sites\/24\/2026\/01\/compass2-Dec-22-2025-bg.png?quality=80\" class=\"attachment-full size-full wp-post-image\" alt=\"\" srcset=\"https:\/\/www.rbc.com\/fr\/economique\/wp-content\/uploads\/sites\/24\/2026\/01\/compass2-Dec-22-2025-bg.png 3067w, https:\/\/www.rbc.com\/fr\/economique\/wp-content\/uploads\/sites\/24\/2026\/01\/compass2-Dec-22-2025-bg.png?resize=300,181 300w, https:\/\/www.rbc.com\/fr\/economique\/wp-content\/uploads\/sites\/24\/2026\/01\/compass2-Dec-22-2025-bg.png?resize=768,463 768w, https:\/\/www.rbc.com\/fr\/economique\/wp-content\/uploads\/sites\/24\/2026\/01\/compass2-Dec-22-2025-bg.png?resize=1024,618 1024w, https:\/\/www.rbc.com\/fr\/economique\/wp-content\/uploads\/sites\/24\/2026\/01\/compass2-Dec-22-2025-bg.png?resize=1536,927 1536w, https:\/\/www.rbc.com\/fr\/economique\/wp-content\/uploads\/sites\/24\/2026\/01\/compass2-Dec-22-2025-bg.png?resize=2048,1235 2048w\" sizes=\"auto, (max-width: 1024px) 100vw, 1024px\" \/>\t\t\t<\/div>\n\t\t\t\t<div class=\"post-content\">\n\t\t\t<h4 class=\"post-title\">\n\t\t\t\tSix th\u00e8mes cl\u00e9s pour l&rsquo;\u00e9conomie canadienne en 2026\t\t\t<\/h4>\n\t\t\t\t\t\t\t<p class=\"post-date\">6 janvier 2026<\/p>\n\t\t\t\t\t\t<\/div>\n\t\t<\/a>\n\t<\/article>\n<\/div>\n\n<div class=\"jscroll-item\" data-post-id=\"4496\">\n\t<article class=\"post-card thought-leadership-template\">\n\t\t<a href=\"https:\/\/www.rbc.com\/fr\/economique\/video\/cinq-themes-pour-leconomie-americaine-en-2026\/\">\n\t\t\t\t\t<div class=\"post-image\">\n\t\t\t\t<img loading=\"lazy\" decoding=\"async\" width=\"1024\" height=\"618\" src=\"https:\/\/www.rbc.com\/fr\/economique\/wp-content\/uploads\/sites\/24\/2025\/12\/US-2026-test-banner5.png?quality=80\" class=\"attachment-full size-full wp-post-image\" alt=\"\" srcset=\"https:\/\/www.rbc.com\/fr\/economique\/wp-content\/uploads\/sites\/24\/2025\/12\/US-2026-test-banner5.png 3067w, https:\/\/www.rbc.com\/fr\/economique\/wp-content\/uploads\/sites\/24\/2025\/12\/US-2026-test-banner5.png?resize=300,181 300w, https:\/\/www.rbc.com\/fr\/economique\/wp-content\/uploads\/sites\/24\/2025\/12\/US-2026-test-banner5.png?resize=768,463 768w, https:\/\/www.rbc.com\/fr\/economique\/wp-content\/uploads\/sites\/24\/2025\/12\/US-2026-test-banner5.png?resize=1024,618 1024w, https:\/\/www.rbc.com\/fr\/economique\/wp-content\/uploads\/sites\/24\/2025\/12\/US-2026-test-banner5.png?resize=1536,927 1536w, https:\/\/www.rbc.com\/fr\/economique\/wp-content\/uploads\/sites\/24\/2025\/12\/US-2026-test-banner5.png?resize=2048,1235 2048w\" sizes=\"auto, (max-width: 1024px) 100vw, 1024px\" \/>\t\t\t<\/div>\n\t\t\t\t<div class=\"post-content\">\n\t\t\t<h4 class=\"post-title\">\n\t\t\t\tCinq th\u00e8mes pour l&rsquo;\u00e9conomie am\u00e9ricaine en 2026\t\t\t<\/h4>\n\t\t\t\t\t\t\t<p class=\"post-date\">3 d\u00e9cembre 2025<\/p>\n\t\t\t\t\t\t<\/div>\n\t\t<\/a>\n\t<\/article>\n<\/div>\n\t\t\t\t<\/div>\n\t\t\t\t\n\t\t\t<!-- Different markup between back-end server side render and front-end -->\n\t\t\t\t\t<\/div>\n\t\t\n\t\t<\/div>\n<\/section>\n","protected":false},"excerpt":{"rendered":"","protected":false},"author":124,"featured_media":0,"parent":0,"menu_order":0,"comment_status":"closed","ping_status":"closed","template":"","meta":{"_acf_changed":false,"advgb_blocks_editor_width":"","advgb_blocks_columns_visual_guide":"","footnotes":""},"class_list":["post-4489","page","type-page","status-publish","hentry"],"acf":[],"yoast_head":"<!-- This site is optimized with the Yoast SEO Premium plugin v27.2 (Yoast SEO v27.2) - https:\/\/yoast.com\/product\/yoast-seo-premium-wordpress\/ -->\n<title>Vid\u00e9os - RBC Economique<\/title>\n<meta name=\"robots\" content=\"index, follow, max-snippet:-1, max-image-preview:large, max-video-preview:-1\" \/>\n<link rel=\"canonical\" href=\"https:\/\/www.rbc.com\/fr\/economique\/videos\/\" \/>\n<meta property=\"og:locale\" content=\"fr_FR\" \/>\n<meta property=\"og:type\" content=\"article\" \/>\n<meta property=\"og:title\" content=\"Vid\u00e9os\" \/>\n<meta property=\"og:url\" content=\"https:\/\/www.rbc.com\/fr\/economique\/videos\/\" \/>\n<meta property=\"og:site_name\" content=\"RBC Economique\" \/>\n<meta property=\"article:modified_time\" content=\"2026-04-13T17:33:24+00:00\" \/>\n<meta name=\"twitter:card\" content=\"summary_large_image\" \/>\n<script type=\"application\/ld+json\" class=\"yoast-schema-graph\">{\"@context\":\"https:\/\/schema.org\",\"@graph\":[{\"@type\":\"WebPage\",\"@id\":\"https:\/\/www.rbc.com\/fr\/economique\/videos\/\",\"url\":\"https:\/\/www.rbc.com\/fr\/economique\/videos\/\",\"name\":\"Vid\u00e9os - RBC Economique\",\"isPartOf\":{\"@id\":\"https:\/\/www.rbc.com\/fr\/economique\/#website\"},\"datePublished\":\"2026-04-13T17:33:23+00:00\",\"dateModified\":\"2026-04-13T17:33:24+00:00\",\"breadcrumb\":{\"@id\":\"https:\/\/www.rbc.com\/fr\/economique\/videos\/#breadcrumb\"},\"inLanguage\":\"fr-FR\",\"potentialAction\":[{\"@type\":\"ReadAction\",\"target\":[\"https:\/\/www.rbc.com\/fr\/economique\/videos\/\"]}]},{\"@type\":\"BreadcrumbList\",\"@id\":\"https:\/\/www.rbc.com\/fr\/economique\/videos\/#breadcrumb\",\"itemListElement\":[{\"@type\":\"ListItem\",\"position\":1,\"name\":\"Home\",\"item\":\"https:\/\/www.rbc.com\/fr\/economique\/\"},{\"@type\":\"ListItem\",\"position\":2,\"name\":\"Vid\u00e9os\"}]},{\"@type\":\"WebSite\",\"@id\":\"https:\/\/www.rbc.com\/fr\/economique\/#website\",\"url\":\"https:\/\/www.rbc.com\/fr\/economique\/\",\"name\":\"RBC Economique\",\"description\":\"\",\"potentialAction\":[{\"@type\":\"SearchAction\",\"target\":{\"@type\":\"EntryPoint\",\"urlTemplate\":\"https:\/\/www.rbc.com\/fr\/economique\/?s={search_term_string}\"},\"query-input\":{\"@type\":\"PropertyValueSpecification\",\"valueRequired\":true,\"valueName\":\"search_term_string\"}}],\"inLanguage\":\"fr-FR\"}]}<\/script>\n<!-- \/ Yoast SEO Premium plugin. -->","yoast_head_json":{"title":"Vid\u00e9os - RBC Economique","robots":{"index":"index","follow":"follow","max-snippet":"max-snippet:-1","max-image-preview":"max-image-preview:large","max-video-preview":"max-video-preview:-1"},"canonical":"https:\/\/www.rbc.com\/fr\/economique\/videos\/","og_locale":"fr_FR","og_type":"article","og_title":"Vid\u00e9os","og_url":"https:\/\/www.rbc.com\/fr\/economique\/videos\/","og_site_name":"RBC Economique","article_modified_time":"2026-04-13T17:33:24+00:00","twitter_card":"summary_large_image","schema":{"@context":"https:\/\/schema.org","@graph":[{"@type":"WebPage","@id":"https:\/\/www.rbc.com\/fr\/economique\/videos\/","url":"https:\/\/www.rbc.com\/fr\/economique\/videos\/","name":"Vid\u00e9os - RBC Economique","isPartOf":{"@id":"https:\/\/www.rbc.com\/fr\/economique\/#website"},"datePublished":"2026-04-13T17:33:23+00:00","dateModified":"2026-04-13T17:33:24+00:00","breadcrumb":{"@id":"https:\/\/www.rbc.com\/fr\/economique\/videos\/#breadcrumb"},"inLanguage":"fr-FR","potentialAction":[{"@type":"ReadAction","target":["https:\/\/www.rbc.com\/fr\/economique\/videos\/"]}]},{"@type":"BreadcrumbList","@id":"https:\/\/www.rbc.com\/fr\/economique\/videos\/#breadcrumb","itemListElement":[{"@type":"ListItem","position":1,"name":"Home","item":"https:\/\/www.rbc.com\/fr\/economique\/"},{"@type":"ListItem","position":2,"name":"Vid\u00e9os"}]},{"@type":"WebSite","@id":"https:\/\/www.rbc.com\/fr\/economique\/#website","url":"https:\/\/www.rbc.com\/fr\/economique\/","name":"RBC Economique","description":"","potentialAction":[{"@type":"SearchAction","target":{"@type":"EntryPoint","urlTemplate":"https:\/\/www.rbc.com\/fr\/economique\/?s={search_term_string}"},"query-input":{"@type":"PropertyValueSpecification","valueRequired":true,"valueName":"search_term_string"}}],"inLanguage":"fr-FR"}]}},"coauthors":[],"author_meta":{"author_link":"https:\/\/www.rbc.com\/fr\/economique\/author\/jmeanchoff\/","display_name":"jmeanchoff"},"relative_dates":{"created":"Publi\u00e9 1 semaine il y a","modified":"Mis \u00e0 jour 1 semaine il y a"},"absolute_dates":{"created":"Publi\u00e9 le 13 avril 2026","modified":"Mise \u00e0 jour le 13 avril 2026"},"absolute_dates_time":{"created":"Publi\u00e9 le 13 avril 2026 5:33  ","modified":"Mise \u00e0 jour le 13 avril 2026 5:33  "},"featured_img_caption":"","featured_img":false,"series_order":"","_links":{"self":[{"href":"https:\/\/www.rbc.com\/fr\/economique\/wp-json\/wp\/v2\/pages\/4489","targetHints":{"allow":["GET"]}}],"collection":[{"href":"https:\/\/www.rbc.com\/fr\/economique\/wp-json\/wp\/v2\/pages"}],"about":[{"href":"https:\/\/www.rbc.com\/fr\/economique\/wp-json\/wp\/v2\/types\/page"}],"author":[{"embeddable":true,"href":"https:\/\/www.rbc.com\/fr\/economique\/wp-json\/wp\/v2\/users\/124"}],"replies":[{"embeddable":true,"href":"https:\/\/www.rbc.com\/fr\/economique\/wp-json\/wp\/v2\/comments?post=4489"}],"version-history":[{"count":2,"href":"https:\/\/www.rbc.com\/fr\/economique\/wp-json\/wp\/v2\/pages\/4489\/revisions"}],"predecessor-version":[{"id":4506,"href":"https:\/\/www.rbc.com\/fr\/economique\/wp-json\/wp\/v2\/pages\/4489\/revisions\/4506"}],"wp:attachment":[{"href":"https:\/\/www.rbc.com\/fr\/economique\/wp-json\/wp\/v2\/media?parent=4489"}],"curies":[{"name":"wp","href":"https:\/\/api.w.org\/{rel}","templated":true}]}}